{"id":670,"date":"2019-07-08T16:03:23","date_gmt":"2019-07-08T14:03:23","guid":{"rendered":"https:\/\/www.maxicours.com\/se\/?page_id=670"},"modified":"2025-08-05T10:02:29","modified_gmt":"2025-08-05T08:02:29","slug":"ses","status":"publish","type":"page","link":"https:\/\/www.maxicours.com\/se\/ses\/","title":{"rendered":"SES"},"content":{"rendered":"<div class=\"relative\">\n  <div class=\"absolute top-0 left-1\/2 w-screen transform -translate-x-1\/2 h-full bg-cover bg-bottom  bg-no-repeat\"\n       style=\"background-image:url(https:\/\/www.maxicours.com\/se\/wp-content\/uploads\/2023\/06\/MotifBGArrondiePetitTurquoise.png);background-color:\"><\/div>\n  <div class=\"relative\">\n    \n\n<div class=\"wp-block-columns are-vertically-aligned-center is-layout-flex wp-container-core-columns-is-layout-65e6f041 wp-block-columns-is-layout-flex\" style=\"padding-top:var(--wp--preset--spacing--20)\">\n<div class=\"wp-block-column is-vertically-aligned-center is-layout-flow wp-block-column-is-layout-flow\" style=\"flex-basis:55%\">\n<h1 class=\"wp-block-heading has-blue-color has-text-color\"><em>Cours et exercices de SES en ligne<\/em><br>de la Seconde \u00e0 la Terminale<\/h1>\n<\/div>\n\n\n\n<div class=\"wp-block-column is-vertically-aligned-center is-layout-flow wp-block-column-is-layout-flow\">\n<figure class=\"wp-block-image aligncenter size-full is-resized\"><img loading=\"lazy\" decoding=\"async\" width=\"815\" height=\"516\" src=\"https:\/\/www.maxicours.com\/se\/wp-content\/uploads\/2023\/06\/Francais@2x-1.png\" alt=\"\" class=\"wp-image-23760\" style=\"width:560px;height:361px\" srcset=\"https:\/\/www.maxicours.com\/se\/wp-content\/uploads\/2023\/06\/Francais@2x-1.png 815w, https:\/\/www.maxicours.com\/se\/wp-content\/uploads\/2023\/06\/Francais@2x-1-300x190.png 300w, https:\/\/www.maxicours.com\/se\/wp-content\/uploads\/2023\/06\/Francais@2x-1-768x486.png 768w\" sizes=\"auto, (max-width: 815px) 100vw, 815px\" \/><\/figure>\n<\/div>\n<\/div>\n\n\n  <\/div>\n<\/div>\n\n\n<div class=\"yoast-breadcrumbs\"><span><span><a href=\"https:\/\/www.maxicours.com\">myMaxicours<\/a><\/span> \u00a0\u00a0&gt;\u00a0\u00a0 <span class=\"breadcrumb_last\" aria-current=\"page\"><strong>SES<\/strong><\/span><\/span><\/div>\n\n\n<div class=\"wp-block-columns is-layout-flex wp-container-core-columns-is-layout-a6102257 wp-block-columns-is-layout-flex\" style=\"padding-top:var(--wp--preset--spacing--60);padding-right:0;padding-bottom:0;padding-left:0\">\n<div class=\"wp-block-column is-layout-flow wp-block-column-is-layout-flow\" style=\"flex-basis:240px\"><div class=\"sticky-element\">\n  <div class=\"rounded-t-20 bg-blue py-5 px-8\">\n    <div class=\"flex items-center gap-4\">\n                        <img decoding=\"async\" src=\"https:\/\/www.maxicours.com\/se\/wp-content\/themes\/mymaxicours\/public\/images\/cartable.aaf734.svg\" alt=\"picto cartable maxicours\">\n                    <p class=\"font-bold text-white\" role=\"heading\" aria-level=\"2\">Classes disponibles<\/p>\n    <\/div>\n  <\/div>\n  <div class=\"rounded-b-20 bg-blue-light\">\n\n          <div class=\"pb-5 px-8\">\n                  <p class=\"font-bold mb-5 pt-5 uppercase\" role=\"heading\" aria-level=\"3\">Lyc\u00e9e<\/p>\n          <ul class=\"sticky-menu flex flex-wrap gap-2.5 list-none pl-0\">\n                                        <li>\n                <a href=\"https:\/\/www.maxicours.com\/se\/seconde\/ses\/\" class=\"btn\" title=\"Seconde\">\n                  Seconde\n                <\/a>\n              <\/li>\n                                        <li>\n                <a href=\"https:\/\/www.maxicours.com\/se\/premiere\/ses\/\" class=\"btn\" title=\"Premi\u00e8re\">\n                  Premi\u00e8re\n                <\/a>\n              <\/li>\n                                        <li>\n                <a href=\"https:\/\/www.maxicours.com\/se\/lycee\/terminale\/ses\/\" class=\"btn\" title=\"Terminale\">\n                  Terminale\n                <\/a>\n              <\/li>\n                      <\/ul>\n              <\/div>\n      <\/div>\n<\/div>\n<\/div>\n\n\n\n<div class=\"wp-block-column is-layout-flow wp-block-column-is-layout-flow\">\n<p>PIB par habitant, offre, demande, croissance \u00e9conomique, productivit\u00e9\u2026 : les SES accompagnent les \u00e9l\u00e8ves pendant l\u2019ann\u00e9e de Seconde et jusqu\u2019aux \u00e9preuves de contr\u00f4le continu pour ceux ayant choisi la sp\u00e9cialit\u00e9.<\/p>\n\n\n\n<p><a href=\"https:\/\/www.maxicours.com\/se\/francais\/fiches-de-cours\/\"><\/a><a href=\"\/se\/ses\/fiches-de-cours\/\">Retrouve nos fiches de cours pour r\u00e9viser en SES<\/a><\/p>\n\n\n\n<h2 class=\"wp-block-heading\">Qu&rsquo;est-ce que l&rsquo;enseignement des SES ?<\/h2>\n\n\n\n<p><strong><a href=\"\/se\/abonnements\/\"><u>D\u00e9couvrir nos offres myMaxicours<\/u><\/a><\/strong><\/p>\n\n\n\n<p><strong>Les Sciences Economiques et Sociales abordent plusieurs th\u00e9matiques, allant de l\u2019\u00e9conomie, au fonctionnement de la soci\u00e9t\u00e9 (les institutions, l\u2019\u00e9tude de la population, de la d\u00e9mographie\u2026).<\/strong>&nbsp;Elles sont \u00e0 la base des \u00e9tudes sociologiques permettant d\u2019expliquer et de comprendre les ph\u00e9nom\u00e8nes et les mutations qui peuvent appara\u00eetre dans la soci\u00e9t\u00e9.&nbsp;<strong>Enseigner les SES, c\u2019est donner des cl\u00e9s de compr\u00e9hension aux \u00e9l\u00e8ves sur le monde qui les entoure, et ainsi leur permettre d\u2019appr\u00e9hender les diff\u00e9rents enjeux de notre si\u00e8cle.<\/strong><\/p>\n\n\n\n<h2 class=\"wp-block-heading\">Soutien scolaire en SES en ligne<\/h2>\n\n\n\n<p>L\u2019enseignement des Sciences Economiques et Sociales permet aux \u00e9l\u00e8ves de d\u00e9velopper leurs connaissances en \u00e9conomie, en sociologie et dans une moindre mesure en sciences politiques, et de faire le rapprochement entre cette discipline et d\u2019autres disciplines comme l\u2019<a href=\"\/se\/histoire\/\">histoire<\/a>&nbsp;ou la&nbsp;<a href=\"\/se\/geographie\/\">g\u00e9ographie<\/a>.&nbsp;<strong>Elle permet aussi de faire le lien entre les notions vues en classe et des faits d\u2019actualit\u00e9 (innovation de produits, accords \u00e9conomiques, actualit\u00e9s sociales et politiques).<\/strong><\/p>\n\n\n\n<p>L\u2019enseignement des SES, d\u00e9sormais obligatoire en classe de&nbsp;<a href=\"\/se\/seconde\/\">seconde<\/a>, permet \u00e9galement de d\u00e9velopper un raisonnement sociologique et de d\u00e9velopper leurs comp\u00e9tences r\u00e9dactionnelles. Pour ceux voulant poursuivre leurs \u00e9tudes dans cette voie,&nbsp;<strong>la sp\u00e9cialit\u00e9 \u00ab&nbsp;SES&nbsp;\u00bb leur est ouverte en&nbsp;<a href=\"\/se\/premiere\/\">Premi\u00e8re<\/a>&nbsp;et&nbsp;<a href=\"\/se\/lycee\/terminale\/\">Terminale<\/a>&nbsp;et donnera lieu \u00e0 des \u00e9preuves de contr\u00f4le continu en Premi\u00e8re ou en Terminale.<\/strong><\/p>\n\n\n\n<h2 class=\"wp-block-heading\">La m\u00e9thode myMaxicours pour progresser en SES<\/h2>\n\n\n\n<p>La&nbsp;<strong>p\u00e9dagogie Bordas soutien scolaire<\/strong>&nbsp;s\u2019articule autour de la&nbsp;<strong>personnalisation<\/strong>&nbsp;et de&nbsp;<strong>l\u2019interactivit\u00e9<\/strong>&nbsp;pour capter l\u2019attention des \u00e9l\u00e8ves et ainsi les faire progresser dans chaque mati\u00e8re. Pour cela, les \u00e9l\u00e8ves ont \u00e0 leur disposition&nbsp;:<\/p>\n\n\n\n<ul class=\"wp-block-list\">\n<li>Des&nbsp;<strong>fiches de cours<\/strong>,&nbsp;<strong>de r\u00e9vision et de m\u00e9thode<\/strong>&nbsp;<strong>illustr\u00e9es<\/strong><\/li>\n\n\n\n<li>Des&nbsp;<strong>exercices interactifs vari\u00e9s<\/strong>&nbsp;: quiz, glisser-d\u00e9poser, tris, s\u00e9quen\u00e7ages, textes \u00e0 trous\u2026<\/li>\n\n\n\n<li>Des&nbsp;<strong>corrig\u00e9s automatiques<\/strong>&nbsp;<strong>d\u00e9taill\u00e9s<\/strong>&nbsp;et&nbsp;<strong>personnalis\u00e9s<\/strong>&nbsp;de tous les exercices.<\/li>\n\n\n\n<li>Des ressources multim\u00e9dias&nbsp;:<strong>&nbsp;\u00e9pisodes de podcast, vid\u00e9os, sch\u00e9mas anim\u00e9s, cartes mentales<\/strong>&nbsp;qui permettent d&rsquo;expliquer de fa\u00e7on tr\u00e8s claire des notions complexes et de mieux m\u00e9moriser le cours.<\/li>\n\n\n\n<li>Des s\u00e9quences&nbsp;<strong>d\u2019entra\u00eenement \u00e0 l\u2019examen et des sujets corrig\u00e9s<\/strong>&nbsp;pour les \u00e9l\u00e8ves en Terminale.<\/li>\n\n\n\n<li>Un&nbsp;<strong>espace d\u00e9di\u00e9 aux&nbsp;<a href=\"\/se\/parents\/\">parents<\/a><\/strong>&nbsp;pour leur permettre de&nbsp;<strong>suivre les r\u00e9sultats et la progression<\/strong>&nbsp;de leur enfant.<\/li>\n<\/ul>\n\n\n\n<h2 class=\"wp-block-heading\">R\u00e9viser les SES en ligne<\/h2>\n\n\n\n<p>L\u2019ensemble des contenus et des ressources ont \u00e9t\u00e9&nbsp;<strong>r\u00e9dig\u00e9s par des enseignants de l\u2019Education nationale<\/strong>&nbsp;et par des professionnels de la p\u00e9dagogie et du num\u00e9rique. De ce fait, tous les contenus propos\u00e9s par myMaxicours sont&nbsp;<strong>conformes aux derniers programmes en vigueur<\/strong>&nbsp;et ils sont r\u00e9guli\u00e8rement mis \u00e0 jour pour \u00eatre en ad\u00e9quation avec les attentes des \u00e9l\u00e8ves et des professeurs. Les \u00e9l\u00e8ves rencontrent le m\u00eame vocabulaire et les m\u00eames m\u00e9thodes que ceux rencontr\u00e9s en classe, ce qui leur permet de mieux comprendre ce qu\u2019ils ont vu dans la journ\u00e9e.<br><br>Con\u00e7u pour mettre en avant&nbsp;<strong>l\u2019autonomie<\/strong>&nbsp;de l\u2019\u00e9l\u00e8ve et pour&nbsp;<strong>l\u2019encourager dans ses r\u00e9visions<\/strong>, myMaxicours propose une v\u00e9ritable logique de progression dans les exercices, ainsi que des consignes claires et un parcours adapt\u00e9 \u00e0 son niveau pour lui permettre de surmonter ses difficult\u00e9s.<br><br>Disponible sur&nbsp;<strong>ordinateur, tablette et smartphone<\/strong>, la plateforme permet de r\u00e9viser partout sans \u00eatre distrait.<\/p>\n\n\n\n<div style=\"height:40px\" aria-hidden=\"true\" class=\"wp-block-spacer\"><\/div>\n<\/div>\n<\/div>\n\n\n\n<div class=\"wp-block-columns has-blue-light-background-color has-background is-layout-flex wp-container-core-columns-is-layout-28f84493 wp-block-columns-is-layout-flex\">\n<div class=\"wp-block-column is-layout-flow wp-block-column-is-layout-flow\">\n<h2 class=\"wp-block-heading\">Aidez votre enfant \u00e0 r\u00e9ussir en SES<\/h2>\n\n\n\n<div style=\"height:20px\" aria-hidden=\"true\" class=\"wp-block-spacer\"><\/div>\n\n\n\n<div class=\"wp-block-columns is-layout-flex wp-container-core-columns-is-layout-28f84493 wp-block-columns-is-layout-flex\">\n<div class=\"wp-block-column is-layout-flow wp-block-column-is-layout-flow\">\n<div class=\"wp-block-columns are-vertically-aligned-center h-full is-layout-flex wp-container-core-columns-is-layout-28f84493 wp-block-columns-is-layout-flex\">\n<div class=\"wp-block-column is-vertically-aligned-center has-yellow-background-color has-background is-layout-flow wp-block-column-is-layout-flow\" style=\"padding-top:var(--wp--preset--spacing--30);padding-right:var(--wp--preset--spacing--50);padding-bottom:var(--wp--preset--spacing--30);padding-left:var(--wp--preset--spacing--50)\">\n<div class=\"wp-block-columns is-not-stacked-on-mobile is-layout-flex wp-container-core-columns-is-layout-28f84493 wp-block-columns-is-layout-flex\">\n<div class=\"wp-block-column is-layout-flow wp-block-column-is-layout-flow\" style=\"flex-basis:140px\">\n<figure class=\"wp-block-image aligncenter size-full\"><img loading=\"lazy\" decoding=\"async\" width=\"110\" height=\"110\" src=\"https:\/\/www.maxicours.com\/se\/wp-content\/uploads\/2023\/06\/Excercice.png\" alt=\"\" class=\"wp-image-24102\"\/><\/figure>\n<\/div>\n\n\n\n<div class=\"wp-block-column is-vertically-aligned-center is-layout-flow wp-block-column-is-layout-flow\">\n<p class=\"has-white-color has-text-color has-lg-font-size\">Des exercices interactifs vari\u00e9s<\/p>\n<\/div>\n<\/div>\n<\/div>\n<\/div>\n<\/div>\n\n\n\n<div class=\"wp-block-column is-layout-flow wp-block-column-is-layout-flow\">\n<div class=\"wp-block-columns are-vertically-aligned-center h-full is-layout-flex wp-container-core-columns-is-layout-28f84493 wp-block-columns-is-layout-flex\">\n<div class=\"wp-block-column is-vertically-aligned-center has-blue-background-color has-background is-layout-flow wp-block-column-is-layout-flow\" style=\"padding-top:var(--wp--preset--spacing--30);padding-right:var(--wp--preset--spacing--50);padding-bottom:var(--wp--preset--spacing--30);padding-left:var(--wp--preset--spacing--50)\">\n<div class=\"wp-block-columns are-vertically-aligned-center is-not-stacked-on-mobile is-layout-flex wp-container-core-columns-is-layout-28f84493 wp-block-columns-is-layout-flex\">\n<div class=\"wp-block-column is-vertically-aligned-center is-layout-flow wp-block-column-is-layout-flow\" style=\"flex-basis:140px\">\n<figure class=\"wp-block-image aligncenter size-full\"><img loading=\"lazy\" decoding=\"async\" width=\"110\" height=\"110\" src=\"https:\/\/www.maxicours.com\/se\/wp-content\/uploads\/2023\/06\/Fiches.png\" alt=\"\" class=\"wp-image-23950\"\/><\/figure>\n<\/div>\n\n\n\n<div class=\"wp-block-column is-vertically-aligned-center is-layout-flow wp-block-column-is-layout-flow\">\n<p class=\"has-white-color has-text-color has-lg-font-size\">Des cours et des fiches de r\u00e9vision conformes au programme scolaire<\/p>\n<\/div>\n<\/div>\n<\/div>\n<\/div>\n<\/div>\n<\/div>\n\n\n\n<div class=\"wp-block-columns is-layout-flex wp-container-core-columns-is-layout-28f84493 wp-block-columns-is-layout-flex\">\n<div class=\"wp-block-column is-layout-flow wp-block-column-is-layout-flow\">\n<div class=\"wp-block-columns are-vertically-aligned-center h-full is-layout-flex wp-container-core-columns-is-layout-28f84493 wp-block-columns-is-layout-flex\">\n<div class=\"wp-block-column is-vertically-aligned-center has-teal-background-color has-background is-layout-flow wp-block-column-is-layout-flow\" style=\"padding-top:var(--wp--preset--spacing--30);padding-right:var(--wp--preset--spacing--50);padding-bottom:var(--wp--preset--spacing--30);padding-left:var(--wp--preset--spacing--50)\">\n<div class=\"wp-block-columns are-vertically-aligned-center is-not-stacked-on-mobile is-layout-flex wp-container-core-columns-is-layout-28f84493 wp-block-columns-is-layout-flex\">\n<div class=\"wp-block-column is-vertically-aligned-center is-layout-flow wp-block-column-is-layout-flow\" style=\"flex-basis:140px\">\n<figure class=\"wp-block-image aligncenter size-full\"><img loading=\"lazy\" decoding=\"async\" width=\"110\" height=\"110\" src=\"https:\/\/www.maxicours.com\/se\/wp-content\/uploads\/2023\/06\/Observer.png\" alt=\"\" class=\"wp-image-23955\"\/><\/figure>\n<\/div>\n\n\n\n<div class=\"wp-block-column is-vertically-aligned-center is-layout-flow wp-block-column-is-layout-flow\">\n<p class=\"has-white-color has-text-color has-lg-font-size\">Un espace sp\u00e9cial parents pour suivre au plus pr\u00e8s les r\u00e9sultats de son enfant<\/p>\n<\/div>\n<\/div>\n<\/div>\n<\/div>\n<\/div>\n\n\n\n<div class=\"wp-block-column is-layout-flow wp-block-column-is-layout-flow\">\n<div class=\"wp-block-columns are-vertically-aligned-center h-full is-layout-flex wp-container-core-columns-is-layout-28f84493 wp-block-columns-is-layout-flex\">\n<div class=\"wp-block-column is-vertically-aligned-center has-yellow-background-color has-background is-layout-flow wp-block-column-is-layout-flow\" style=\"padding-top:var(--wp--preset--spacing--30);padding-right:var(--wp--preset--spacing--50);padding-bottom:var(--wp--preset--spacing--30);padding-left:var(--wp--preset--spacing--50)\">\n<div class=\"wp-block-columns is-not-stacked-on-mobile is-layout-flex wp-container-core-columns-is-layout-28f84493 wp-block-columns-is-layout-flex\">\n<div class=\"wp-block-column is-layout-flow wp-block-column-is-layout-flow\" style=\"flex-basis:140px\">\n<figure class=\"wp-block-image aligncenter size-full\"><img loading=\"lazy\" decoding=\"async\" width=\"110\" height=\"110\" src=\"https:\/\/www.maxicours.com\/se\/wp-content\/uploads\/2023\/07\/Commentaires.png\" alt=\"\" class=\"wp-image-24621\"\/><\/figure>\n<\/div>\n\n\n\n<div class=\"wp-block-column is-vertically-aligned-center is-layout-flow wp-block-column-is-layout-flow\">\n<p class=\"has-white-color has-text-color has-lg-font-size\">Des r\u00e9ponses comment\u00e9es qui orientent l\u2019\u00e9l\u00e8ve vers la solution<\/p>\n<\/div>\n<\/div>\n<\/div>\n<\/div>\n<\/div>\n<\/div>\n<\/div>\n<\/div>\n","protected":false},"excerpt":{"rendered":"<p>PIB par habitant, offre, demande, croissance \u00e9conomique, productivit\u00e9\u2026 : les SES accompagnent les \u00e9l\u00e8ves pendant l\u2019ann\u00e9e de Seconde et jusqu\u2019aux \u00e9preuves de contr\u00f4le continu pour ceux ayant choisi la sp\u00e9cialit\u00e9. Retrouve nos fiches de cours pour r\u00e9viser en SES Qu&rsquo;est-ce que l&rsquo;enseignement des SES ? D\u00e9couvrir nos offres myMaxicours Les Sciences Economiques et Sociales abordent&#8230;<\/p>\n","protected":false},"author":21,"featured_media":671,"parent":0,"menu_order":50,"comment_status":"closed","ping_status":"closed","template":"","meta":{"_acf_changed":false,"inline_featured_image":false,"footnotes":""},"page_type":[135],"class_list":["post-670","page","type-page","status-publish","has-post-thumbnail","hentry","page_type-matiere"],"acf":[],"yoast_head":"<!-- This site is optimized with the Yoast SEO plugin v27.2 - https:\/\/yoast.com\/product\/yoast-seo-wordpress\/ -->\n<title>Cours et programme de SES - Lyc\u00e9e - myMaxicours<\/title>\n<meta name=\"description\" content=\"R\u00e9vise ta SES et am\u00e9liore tes notes \u279c Cours de SES myMaxicours pour tous les niveaux de la Seconde \u00e0 la Terminale \u2714 Programmes officiels de l&#039;\u00c9ducation nationale.\" \/>\n<meta name=\"robots\" content=\"index, follow, max-snippet:-1, max-image-preview:large, max-video-preview:-1\" \/>\n<link rel=\"canonical\" href=\"https:\/\/www.maxicours.com\/se\/ses\/\" \/>\n<meta property=\"og:locale\" content=\"fr_FR\" \/>\n<meta property=\"og:type\" content=\"article\" \/>\n<meta property=\"og:title\" content=\"Cours et programme de SES - Lyc\u00e9e - myMaxicours\" \/>\n<meta property=\"og:description\" content=\"R\u00e9vise ta SES et am\u00e9liore tes notes \u279c Cours de SES myMaxicours pour tous les niveaux de la Seconde \u00e0 la Terminale \u2714 Programmes officiels de l&#039;\u00c9ducation nationale.\" \/>\n<meta property=\"og:url\" content=\"https:\/\/www.maxicours.com\/se\/ses\/\" \/>\n<meta property=\"og:site_name\" content=\"myMaxicours\" \/>\n<meta property=\"article:publisher\" content=\"https:\/\/www.facebook.com\/MarionDeMaxicours\/\" \/>\n<meta property=\"article:modified_time\" content=\"2025-08-05T08:02:29+00:00\" \/>\n<meta property=\"og:image\" content=\"https:\/\/www.maxicours.com\/se\/wp-content\/uploads\/2019\/07\/SES@2x.png\" \/>\n\t<meta property=\"og:image:width\" content=\"545\" \/>\n\t<meta property=\"og:image:height\" content=\"557\" \/>\n\t<meta property=\"og:image:type\" content=\"image\/png\" \/>\n<meta name=\"twitter:card\" content=\"summary_large_image\" \/>\n<meta name=\"twitter:label1\" content=\"Dur\u00e9e de lecture estim\u00e9e\" \/>\n\t<meta name=\"twitter:data1\" content=\"16 minutes\" \/>\n<script type=\"application\/ld+json\" class=\"yoast-schema-graph\">{\"@context\":\"https:\/\/schema.org\",\"@graph\":[{\"@type\":\"WebPage\",\"@id\":\"https:\/\/www.maxicours.com\/se\/ses\/\",\"url\":\"https:\/\/www.maxicours.com\/se\/ses\/\",\"name\":\"Cours et programme de SES - Lyc\u00e9e - myMaxicours\",\"isPartOf\":{\"@id\":\"https:\/\/www.maxicours.com\/se\/#website\"},\"primaryImageOfPage\":{\"@id\":\"https:\/\/www.maxicours.com\/se\/ses\/#primaryimage\"},\"image\":{\"@id\":\"https:\/\/www.maxicours.com\/se\/ses\/#primaryimage\"},\"thumbnailUrl\":\"https:\/\/www.maxicours.com\/se\/wp-content\/uploads\/2019\/07\/SES@2x.png\",\"datePublished\":\"2019-07-08T14:03:23+00:00\",\"dateModified\":\"2025-08-05T08:02:29+00:00\",\"description\":\"R\u00e9vise ta SES et am\u00e9liore tes notes \u279c Cours de SES myMaxicours pour tous les niveaux de la Seconde \u00e0 la Terminale \u2714 Programmes officiels de l'\u00c9ducation nationale.\",\"breadcrumb\":{\"@id\":\"https:\/\/www.maxicours.com\/se\/ses\/#breadcrumb\"},\"inLanguage\":\"fr-FR\",\"potentialAction\":[{\"@type\":\"ReadAction\",\"target\":[\"https:\/\/www.maxicours.com\/se\/ses\/\"]}]},{\"@type\":\"ImageObject\",\"inLanguage\":\"fr-FR\",\"@id\":\"https:\/\/www.maxicours.com\/se\/ses\/#primaryimage\",\"url\":\"https:\/\/www.maxicours.com\/se\/wp-content\/uploads\/2019\/07\/SES@2x.png\",\"contentUrl\":\"https:\/\/www.maxicours.com\/se\/wp-content\/uploads\/2019\/07\/SES@2x.png\",\"width\":545,\"height\":557},{\"@type\":\"BreadcrumbList\",\"@id\":\"https:\/\/www.maxicours.com\/se\/ses\/#breadcrumb\",\"itemListElement\":[{\"@type\":\"ListItem\",\"position\":1,\"name\":\"myMaxicours\",\"item\":\"https:\/\/www.maxicours.com\"},{\"@type\":\"ListItem\",\"position\":2,\"name\":\"SES\"}]},{\"@type\":\"WebSite\",\"@id\":\"https:\/\/www.maxicours.com\/se\/#website\",\"url\":\"https:\/\/www.maxicours.com\/se\/\",\"name\":\"myMaxicours\",\"description\":\"La r\u00e9ussite scolaire pour tous !\",\"publisher\":{\"@id\":\"https:\/\/www.maxicours.com\/se\/#organization\"},\"potentialAction\":[{\"@type\":\"SearchAction\",\"target\":{\"@type\":\"EntryPoint\",\"urlTemplate\":\"https:\/\/www.maxicours.com\/se\/?s={search_term_string}\"},\"query-input\":{\"@type\":\"PropertyValueSpecification\",\"valueRequired\":true,\"valueName\":\"search_term_string\"}}],\"inLanguage\":\"fr-FR\"},{\"@type\":\"Organization\",\"@id\":\"https:\/\/www.maxicours.com\/se\/#organization\",\"name\":\"myMaxicours\",\"url\":\"https:\/\/www.maxicours.com\/se\/\",\"logo\":{\"@type\":\"ImageObject\",\"inLanguage\":\"fr-FR\",\"@id\":\"https:\/\/www.maxicours.com\/se\/#\/schema\/logo\/image\/\",\"url\":\"https:\/\/www.maxicours.com\/se\/wp-content\/uploads\/2023\/08\/output-onlinepngtools-1.png\",\"contentUrl\":\"https:\/\/www.maxicours.com\/se\/wp-content\/uploads\/2023\/08\/output-onlinepngtools-1.png\",\"width\":1263,\"height\":183,\"caption\":\"myMaxicours\"},\"image\":{\"@id\":\"https:\/\/www.maxicours.com\/se\/#\/schema\/logo\/image\/\"},\"sameAs\":[\"https:\/\/www.facebook.com\/MarionDeMaxicours\/\",\"https:\/\/www.youtube.com\/channel\/UC1BodbREPO7tXJ0UVGkKmGw\"]}]}<\/script>\n<!-- \/ Yoast SEO plugin. -->","yoast_head_json":{"title":"Cours et programme de SES - Lyc\u00e9e - myMaxicours","description":"R\u00e9vise ta SES et am\u00e9liore tes notes \u279c Cours de SES myMaxicours pour tous les niveaux de la Seconde \u00e0 la Terminale \u2714 Programmes officiels de l'\u00c9ducation nationale.","robots":{"index":"index","follow":"follow","max-snippet":"max-snippet:-1","max-image-preview":"max-image-preview:large","max-video-preview":"max-video-preview:-1"},"canonical":"https:\/\/www.maxicours.com\/se\/ses\/","og_locale":"fr_FR","og_type":"article","og_title":"Cours et programme de SES - Lyc\u00e9e - myMaxicours","og_description":"R\u00e9vise ta SES et am\u00e9liore tes notes \u279c Cours de SES myMaxicours pour tous les niveaux de la Seconde \u00e0 la Terminale \u2714 Programmes officiels de l'\u00c9ducation nationale.","og_url":"https:\/\/www.maxicours.com\/se\/ses\/","og_site_name":"myMaxicours","article_publisher":"https:\/\/www.facebook.com\/MarionDeMaxicours\/","article_modified_time":"2025-08-05T08:02:29+00:00","og_image":[{"width":545,"height":557,"url":"https:\/\/www.maxicours.com\/se\/wp-content\/uploads\/2019\/07\/SES@2x.png","type":"image\/png"}],"twitter_card":"summary_large_image","twitter_misc":{"Dur\u00e9e de lecture estim\u00e9e":"16 minutes"},"schema":{"@context":"https:\/\/schema.org","@graph":[{"@type":"WebPage","@id":"https:\/\/www.maxicours.com\/se\/ses\/","url":"https:\/\/www.maxicours.com\/se\/ses\/","name":"Cours et programme de SES - Lyc\u00e9e - myMaxicours","isPartOf":{"@id":"https:\/\/www.maxicours.com\/se\/#website"},"primaryImageOfPage":{"@id":"https:\/\/www.maxicours.com\/se\/ses\/#primaryimage"},"image":{"@id":"https:\/\/www.maxicours.com\/se\/ses\/#primaryimage"},"thumbnailUrl":"https:\/\/www.maxicours.com\/se\/wp-content\/uploads\/2019\/07\/SES@2x.png","datePublished":"2019-07-08T14:03:23+00:00","dateModified":"2025-08-05T08:02:29+00:00","description":"R\u00e9vise ta SES et am\u00e9liore tes notes \u279c Cours de SES myMaxicours pour tous les niveaux de la Seconde \u00e0 la Terminale \u2714 Programmes officiels de l'\u00c9ducation nationale.","breadcrumb":{"@id":"https:\/\/www.maxicours.com\/se\/ses\/#breadcrumb"},"inLanguage":"fr-FR","potentialAction":[{"@type":"ReadAction","target":["https:\/\/www.maxicours.com\/se\/ses\/"]}]},{"@type":"ImageObject","inLanguage":"fr-FR","@id":"https:\/\/www.maxicours.com\/se\/ses\/#primaryimage","url":"https:\/\/www.maxicours.com\/se\/wp-content\/uploads\/2019\/07\/SES@2x.png","contentUrl":"https:\/\/www.maxicours.com\/se\/wp-content\/uploads\/2019\/07\/SES@2x.png","width":545,"height":557},{"@type":"BreadcrumbList","@id":"https:\/\/www.maxicours.com\/se\/ses\/#breadcrumb","itemListElement":[{"@type":"ListItem","position":1,"name":"myMaxicours","item":"https:\/\/www.maxicours.com"},{"@type":"ListItem","position":2,"name":"SES"}]},{"@type":"WebSite","@id":"https:\/\/www.maxicours.com\/se\/#website","url":"https:\/\/www.maxicours.com\/se\/","name":"myMaxicours","description":"La r\u00e9ussite scolaire pour tous !","publisher":{"@id":"https:\/\/www.maxicours.com\/se\/#organization"},"potentialAction":[{"@type":"SearchAction","target":{"@type":"EntryPoint","urlTemplate":"https:\/\/www.maxicours.com\/se\/?s={search_term_string}"},"query-input":{"@type":"PropertyValueSpecification","valueRequired":true,"valueName":"search_term_string"}}],"inLanguage":"fr-FR"},{"@type":"Organization","@id":"https:\/\/www.maxicours.com\/se\/#organization","name":"myMaxicours","url":"https:\/\/www.maxicours.com\/se\/","logo":{"@type":"ImageObject","inLanguage":"fr-FR","@id":"https:\/\/www.maxicours.com\/se\/#\/schema\/logo\/image\/","url":"https:\/\/www.maxicours.com\/se\/wp-content\/uploads\/2023\/08\/output-onlinepngtools-1.png","contentUrl":"https:\/\/www.maxicours.com\/se\/wp-content\/uploads\/2023\/08\/output-onlinepngtools-1.png","width":1263,"height":183,"caption":"myMaxicours"},"image":{"@id":"https:\/\/www.maxicours.com\/se\/#\/schema\/logo\/image\/"},"sameAs":["https:\/\/www.facebook.com\/MarionDeMaxicours\/","https:\/\/www.youtube.com\/channel\/UC1BodbREPO7tXJ0UVGkKmGw"]}]}},"_links":{"self":[{"href":"https:\/\/www.maxicours.com\/se\/wp-json\/wp\/v2\/pages\/670","targetHints":{"allow":["GET"]}}],"collection":[{"href":"https:\/\/www.maxicours.com\/se\/wp-json\/wp\/v2\/pages"}],"about":[{"href":"https:\/\/www.maxicours.com\/se\/wp-json\/wp\/v2\/types\/page"}],"author":[{"embeddable":true,"href":"https:\/\/www.maxicours.com\/se\/wp-json\/wp\/v2\/users\/21"}],"replies":[{"embeddable":true,"href":"https:\/\/www.maxicours.com\/se\/wp-json\/wp\/v2\/comments?post=670"}],"version-history":[{"count":6,"href":"https:\/\/www.maxicours.com\/se\/wp-json\/wp\/v2\/pages\/670\/revisions"}],"predecessor-version":[{"id":34143,"href":"https:\/\/www.maxicours.com\/se\/wp-json\/wp\/v2\/pages\/670\/revisions\/34143"}],"wp:featuredmedia":[{"embeddable":true,"href":"https:\/\/www.maxicours.com\/se\/wp-json\/wp\/v2\/media\/671"}],"wp:attachment":[{"href":"https:\/\/www.maxicours.com\/se\/wp-json\/wp\/v2\/media?parent=670"}],"wp:term":[{"taxonomy":"page_type","embeddable":true,"href":"https:\/\/www.maxicours.com\/se\/wp-json\/wp\/v2\/page_type?post=670"}],"curies":[{"name":"wp","href":"https:\/\/api.w.org\/{rel}","templated":true}]}}