{"id":36937,"date":"2026-03-31T11:07:18","date_gmt":"2026-03-31T09:07:18","guid":{"rendered":"https:\/\/www.maxicours.com\/se\/?page_id=36937"},"modified":"2026-04-22T11:26:13","modified_gmt":"2026-04-22T09:26:13","slug":"mymaxiboost","status":"publish","type":"page","link":"https:\/\/www.maxicours.com\/se\/mymaxiboost\/","title":{"rendered":"myMaxiBoost"},"content":{"rendered":"<div class=\"relative\">\n  <div class=\"absolute top-0 left-1\/2 w-screen transform -translate-x-1\/2 h-full bg-cover bg-bottom  bg-no-repeat\"\n       style=\"background-image:url(https:\/\/www.maxicours.com\/se\/wp-content\/uploads\/2024\/06\/Header-myMaxicours-cree-par-Bordas-7.png);background-color:\"><\/div>\n  <div class=\"relative\">\n    \n\n<div class=\"wp-block-columns is-layout-flex wp-container-core-columns-is-layout-287964bd wp-block-columns-is-layout-flex\" style=\"padding-top:var(--wp--preset--spacing--20);padding-right:0;padding-bottom:0;padding-left:0\">\n<div class=\"wp-block-column is-vertically-aligned-center is-layout-flow wp-block-column-is-layout-flow\" style=\"padding-top:0;flex-basis:50%\">\n<h1 class=\"wp-block-heading has-white-color has-text-color\"><em>Participez \u00e0 myMaxiboost<\/em> : le jeu-concours sp\u00e9cial r\u00e9visions !<\/h1>\n\n\n\n<div class=\"wp-block-buttons is-content-justification-center is-layout-flex wp-container-core-buttons-is-layout-a89b3969 wp-block-buttons-is-layout-flex\">\n<div class=\"wp-block-button\"><a class=\"wp-block-button__link wp-element-button\" href=\"#jeu\">Je joue !<\/a><\/div>\n<\/div>\n\n\n\n<div style=\"height:70px\" aria-hidden=\"true\" class=\"wp-block-spacer\"><\/div>\n<\/div>\n\n\n\n<div class=\"wp-block-column is-vertically-aligned-top is-layout-flow wp-block-column-is-layout-flow\" style=\"padding-top:0\">\n<figure class=\"wp-block-image alignright size-large is-resized\"><img loading=\"lazy\" decoding=\"async\" width=\"819\" height=\"1024\" src=\"https:\/\/www.maxicours.com\/se\/wp-content\/uploads\/2026\/03\/myMaxiboost-819x1024.png\" alt=\"\" class=\"wp-image-36938\" style=\"width:300px\" srcset=\"https:\/\/www.maxicours.com\/se\/wp-content\/uploads\/2026\/03\/myMaxiboost-819x1024.png 819w, https:\/\/www.maxicours.com\/se\/wp-content\/uploads\/2026\/03\/myMaxiboost-240x300.png 240w, https:\/\/www.maxicours.com\/se\/wp-content\/uploads\/2026\/03\/myMaxiboost-768x960.png 768w, https:\/\/www.maxicours.com\/se\/wp-content\/uploads\/2026\/03\/myMaxiboost.png 1080w\" sizes=\"auto, (max-width: 819px) 100vw, 819px\" \/><\/figure>\n<\/div>\n<\/div>\n\n\n  <\/div>\n<\/div>\n\n\n\n<p class=\"has-text-align-center\">Du <strong>1er avril au 4 mai<\/strong> <strong>2026<\/strong>, tentez votre chance pour remporter le <strong>kit de survie sp\u00e9cial r\u00e9visions<\/strong> ! Casque audio JBL, surligneurs, fiches, timer, planning de r\u00e9visions\u2026 tout ce qu\u2019il faut pour booster la concentration, l\u2019organisation et la motivation pendant cette p\u00e9riode cl\u00e9.<br>Il suffit de quelques secondes pour participer et peut\u2011\u00eatre donner \u00e0 votre enfant le coup de pouce qui fera toute la diff\u00e9rence !<\/p>\n\n\n\n<div style=\"height:70px\" aria-hidden=\"true\" id=\"jeu\" class=\"wp-block-spacer\"><\/div>\n\n\n\n<div id='qualifio_insert_place_1770085' class='qualifio_iframe_wrapper'><\/div>\n<script type='text\/javascript'>\n(function(b,o,n,u,s){var a,t;a=b.createElement(u);a.async=1;a.src=s;t=b.getElementsByTagName(u)[0];t.parentNode.insertBefore(a,t);o[n]=o[n]||[]}) (document,window,'_qual_async','script','https:\/\/files.qualifio.com\/kit\/qualp.2.min.js');\n_qual_async.push([\"setIframeAttributes\",{\"title\":\"Jeu concours myMaxicours\"}]);\n_qual_async.push([\"createIframe\",\"qualifio_insert_place_1770085\",\"editis.qualifioapp.com\",\"20\",\"F4C7D7E3-34AB-4131-96B9-48EAAF7AB6F8\",\"100%\",\"1200\",\"\",\"\",\"\",\"max-width:810px;margin:0 auto;\"]);\n<\/script>\n\n\n\n<div style=\"height:50px\" aria-hidden=\"true\" class=\"wp-block-spacer\"><\/div>\n","protected":false},"excerpt":{"rendered":"<p>Du 1er avril au 4 mai 2026, tentez votre chance pour remporter le kit de survie sp\u00e9cial r\u00e9visions ! Casque audio JBL, surligneurs, fiches, timer, planning de r\u00e9visions\u2026 tout ce qu\u2019il faut pour booster la concentration, l\u2019organisation et la motivation pendant cette p\u00e9riode cl\u00e9.Il suffit de quelques secondes pour participer et peut\u2011\u00eatre donner \u00e0 votre&#8230;<\/p>\n","protected":false},"author":21,"featured_media":0,"parent":0,"menu_order":0,"comment_status":"closed","ping_status":"closed","template":"","meta":{"_acf_changed":false,"inline_featured_image":false,"footnotes":""},"page_type":[145],"class_list":["post-36937","page","type-page","status-publish","hentry","page_type-page"],"acf":[],"yoast_head":"<!-- This site is optimized with the Yoast SEO plugin v27.2 - https:\/\/yoast.com\/product\/yoast-seo-wordpress\/ -->\n<title>myMaxiBoost - myMaxicours<\/title>\n<meta name=\"robots\" content=\"noindex, nofollow\" \/>\n<meta property=\"og:locale\" content=\"fr_FR\" \/>\n<meta property=\"og:type\" content=\"article\" \/>\n<meta property=\"og:title\" content=\"myMaxiBoost - myMaxicours\" \/>\n<meta property=\"og:description\" content=\"Du 1er avril au 4 mai 2026, tentez votre chance pour remporter le kit de survie sp\u00e9cial r\u00e9visions ! Casque audio JBL, surligneurs, fiches, timer, planning de r\u00e9visions\u2026 tout ce qu\u2019il faut pour booster la concentration, l\u2019organisation et la motivation pendant cette p\u00e9riode cl\u00e9.Il suffit de quelques secondes pour participer et peut\u2011\u00eatre donner \u00e0 votre...\" \/>\n<meta property=\"og:url\" content=\"https:\/\/www.maxicours.com\/se\/mymaxiboost\/\" \/>\n<meta property=\"og:site_name\" content=\"myMaxicours\" \/>\n<meta property=\"article:publisher\" content=\"https:\/\/www.facebook.com\/MarionDeMaxicours\/\" \/>\n<meta property=\"article:modified_time\" content=\"2026-04-22T09:26:13+00:00\" \/>\n<meta property=\"og:image\" content=\"https:\/\/www.maxicours.com\/se\/wp-content\/uploads\/2026\/03\/myMaxiboost.png\" \/>\n\t<meta property=\"og:image:width\" content=\"1080\" \/>\n\t<meta property=\"og:image:height\" content=\"1350\" \/>\n\t<meta property=\"og:image:type\" content=\"image\/png\" \/>\n<meta name=\"twitter:card\" content=\"summary_large_image\" \/>\n<meta name=\"twitter:label1\" content=\"Dur\u00e9e de lecture estim\u00e9e\" \/>\n\t<meta name=\"twitter:data1\" content=\"1 minute\" \/>\n<script type=\"application\/ld+json\" class=\"yoast-schema-graph\">{\"@context\":\"https:\/\/schema.org\",\"@graph\":[{\"@type\":\"WebPage\",\"@id\":\"https:\/\/www.maxicours.com\/se\/mymaxiboost\/\",\"url\":\"https:\/\/www.maxicours.com\/se\/mymaxiboost\/\",\"name\":\"myMaxiBoost - myMaxicours\",\"isPartOf\":{\"@id\":\"https:\/\/www.maxicours.com\/se\/#website\"},\"primaryImageOfPage\":{\"@id\":\"https:\/\/www.maxicours.com\/se\/mymaxiboost\/#primaryimage\"},\"image\":{\"@id\":\"https:\/\/www.maxicours.com\/se\/mymaxiboost\/#primaryimage\"},\"thumbnailUrl\":\"https:\/\/www.maxicours.com\/se\/wp-content\/uploads\/2026\/03\/myMaxiboost-819x1024.png\",\"datePublished\":\"2026-03-31T09:07:18+00:00\",\"dateModified\":\"2026-04-22T09:26:13+00:00\",\"breadcrumb\":{\"@id\":\"https:\/\/www.maxicours.com\/se\/mymaxiboost\/#breadcrumb\"},\"inLanguage\":\"fr-FR\",\"potentialAction\":[{\"@type\":\"ReadAction\",\"target\":[\"https:\/\/www.maxicours.com\/se\/mymaxiboost\/\"]}]},{\"@type\":\"ImageObject\",\"inLanguage\":\"fr-FR\",\"@id\":\"https:\/\/www.maxicours.com\/se\/mymaxiboost\/#primaryimage\",\"url\":\"https:\/\/www.maxicours.com\/se\/wp-content\/uploads\/2026\/03\/myMaxiboost.png\",\"contentUrl\":\"https:\/\/www.maxicours.com\/se\/wp-content\/uploads\/2026\/03\/myMaxiboost.png\",\"width\":1080,\"height\":1350},{\"@type\":\"BreadcrumbList\",\"@id\":\"https:\/\/www.maxicours.com\/se\/mymaxiboost\/#breadcrumb\",\"itemListElement\":[{\"@type\":\"ListItem\",\"position\":1,\"name\":\"myMaxicours\",\"item\":\"https:\/\/www.maxicours.com\"},{\"@type\":\"ListItem\",\"position\":2,\"name\":\"myMaxiBoost\"}]},{\"@type\":\"WebSite\",\"@id\":\"https:\/\/www.maxicours.com\/se\/#website\",\"url\":\"https:\/\/www.maxicours.com\/se\/\",\"name\":\"myMaxicours\",\"description\":\"La r\u00e9ussite scolaire pour tous !\",\"publisher\":{\"@id\":\"https:\/\/www.maxicours.com\/se\/#organization\"},\"potentialAction\":[{\"@type\":\"SearchAction\",\"target\":{\"@type\":\"EntryPoint\",\"urlTemplate\":\"https:\/\/www.maxicours.com\/se\/?s={search_term_string}\"},\"query-input\":{\"@type\":\"PropertyValueSpecification\",\"valueRequired\":true,\"valueName\":\"search_term_string\"}}],\"inLanguage\":\"fr-FR\"},{\"@type\":\"Organization\",\"@id\":\"https:\/\/www.maxicours.com\/se\/#organization\",\"name\":\"myMaxicours\",\"url\":\"https:\/\/www.maxicours.com\/se\/\",\"logo\":{\"@type\":\"ImageObject\",\"inLanguage\":\"fr-FR\",\"@id\":\"https:\/\/www.maxicours.com\/se\/#\/schema\/logo\/image\/\",\"url\":\"https:\/\/www.maxicours.com\/se\/wp-content\/uploads\/2023\/08\/output-onlinepngtools-1.png\",\"contentUrl\":\"https:\/\/www.maxicours.com\/se\/wp-content\/uploads\/2023\/08\/output-onlinepngtools-1.png\",\"width\":1263,\"height\":183,\"caption\":\"myMaxicours\"},\"image\":{\"@id\":\"https:\/\/www.maxicours.com\/se\/#\/schema\/logo\/image\/\"},\"sameAs\":[\"https:\/\/www.facebook.com\/MarionDeMaxicours\/\",\"https:\/\/www.youtube.com\/channel\/UC1BodbREPO7tXJ0UVGkKmGw\"]}]}<\/script>\n<!-- \/ Yoast SEO plugin. -->","yoast_head_json":{"title":"myMaxiBoost - myMaxicours","robots":{"index":"noindex","follow":"nofollow"},"og_locale":"fr_FR","og_type":"article","og_title":"myMaxiBoost - myMaxicours","og_description":"Du 1er avril au 4 mai 2026, tentez votre chance pour remporter le kit de survie sp\u00e9cial r\u00e9visions ! Casque audio JBL, surligneurs, fiches, timer, planning de r\u00e9visions\u2026 tout ce qu\u2019il faut pour booster la concentration, l\u2019organisation et la motivation pendant cette p\u00e9riode cl\u00e9.Il suffit de quelques secondes pour participer et peut\u2011\u00eatre donner \u00e0 votre...","og_url":"https:\/\/www.maxicours.com\/se\/mymaxiboost\/","og_site_name":"myMaxicours","article_publisher":"https:\/\/www.facebook.com\/MarionDeMaxicours\/","article_modified_time":"2026-04-22T09:26:13+00:00","og_image":[{"width":1080,"height":1350,"url":"https:\/\/www.maxicours.com\/se\/wp-content\/uploads\/2026\/03\/myMaxiboost.png","type":"image\/png"}],"twitter_card":"summary_large_image","twitter_misc":{"Dur\u00e9e de lecture estim\u00e9e":"1 minute"},"schema":{"@context":"https:\/\/schema.org","@graph":[{"@type":"WebPage","@id":"https:\/\/www.maxicours.com\/se\/mymaxiboost\/","url":"https:\/\/www.maxicours.com\/se\/mymaxiboost\/","name":"myMaxiBoost - myMaxicours","isPartOf":{"@id":"https:\/\/www.maxicours.com\/se\/#website"},"primaryImageOfPage":{"@id":"https:\/\/www.maxicours.com\/se\/mymaxiboost\/#primaryimage"},"image":{"@id":"https:\/\/www.maxicours.com\/se\/mymaxiboost\/#primaryimage"},"thumbnailUrl":"https:\/\/www.maxicours.com\/se\/wp-content\/uploads\/2026\/03\/myMaxiboost-819x1024.png","datePublished":"2026-03-31T09:07:18+00:00","dateModified":"2026-04-22T09:26:13+00:00","breadcrumb":{"@id":"https:\/\/www.maxicours.com\/se\/mymaxiboost\/#breadcrumb"},"inLanguage":"fr-FR","potentialAction":[{"@type":"ReadAction","target":["https:\/\/www.maxicours.com\/se\/mymaxiboost\/"]}]},{"@type":"ImageObject","inLanguage":"fr-FR","@id":"https:\/\/www.maxicours.com\/se\/mymaxiboost\/#primaryimage","url":"https:\/\/www.maxicours.com\/se\/wp-content\/uploads\/2026\/03\/myMaxiboost.png","contentUrl":"https:\/\/www.maxicours.com\/se\/wp-content\/uploads\/2026\/03\/myMaxiboost.png","width":1080,"height":1350},{"@type":"BreadcrumbList","@id":"https:\/\/www.maxicours.com\/se\/mymaxiboost\/#breadcrumb","itemListElement":[{"@type":"ListItem","position":1,"name":"myMaxicours","item":"https:\/\/www.maxicours.com"},{"@type":"ListItem","position":2,"name":"myMaxiBoost"}]},{"@type":"WebSite","@id":"https:\/\/www.maxicours.com\/se\/#website","url":"https:\/\/www.maxicours.com\/se\/","name":"myMaxicours","description":"La r\u00e9ussite scolaire pour tous !","publisher":{"@id":"https:\/\/www.maxicours.com\/se\/#organization"},"potentialAction":[{"@type":"SearchAction","target":{"@type":"EntryPoint","urlTemplate":"https:\/\/www.maxicours.com\/se\/?s={search_term_string}"},"query-input":{"@type":"PropertyValueSpecification","valueRequired":true,"valueName":"search_term_string"}}],"inLanguage":"fr-FR"},{"@type":"Organization","@id":"https:\/\/www.maxicours.com\/se\/#organization","name":"myMaxicours","url":"https:\/\/www.maxicours.com\/se\/","logo":{"@type":"ImageObject","inLanguage":"fr-FR","@id":"https:\/\/www.maxicours.com\/se\/#\/schema\/logo\/image\/","url":"https:\/\/www.maxicours.com\/se\/wp-content\/uploads\/2023\/08\/output-onlinepngtools-1.png","contentUrl":"https:\/\/www.maxicours.com\/se\/wp-content\/uploads\/2023\/08\/output-onlinepngtools-1.png","width":1263,"height":183,"caption":"myMaxicours"},"image":{"@id":"https:\/\/www.maxicours.com\/se\/#\/schema\/logo\/image\/"},"sameAs":["https:\/\/www.facebook.com\/MarionDeMaxicours\/","https:\/\/www.youtube.com\/channel\/UC1BodbREPO7tXJ0UVGkKmGw"]}]}},"_links":{"self":[{"href":"https:\/\/www.maxicours.com\/se\/wp-json\/wp\/v2\/pages\/36937","targetHints":{"allow":["GET"]}}],"collection":[{"href":"https:\/\/www.maxicours.com\/se\/wp-json\/wp\/v2\/pages"}],"about":[{"href":"https:\/\/www.maxicours.com\/se\/wp-json\/wp\/v2\/types\/page"}],"author":[{"embeddable":true,"href":"https:\/\/www.maxicours.com\/se\/wp-json\/wp\/v2\/users\/21"}],"replies":[{"embeddable":true,"href":"https:\/\/www.maxicours.com\/se\/wp-json\/wp\/v2\/comments?post=36937"}],"version-history":[{"count":13,"href":"https:\/\/www.maxicours.com\/se\/wp-json\/wp\/v2\/pages\/36937\/revisions"}],"predecessor-version":[{"id":37038,"href":"https:\/\/www.maxicours.com\/se\/wp-json\/wp\/v2\/pages\/36937\/revisions\/37038"}],"wp:attachment":[{"href":"https:\/\/www.maxicours.com\/se\/wp-json\/wp\/v2\/media?parent=36937"}],"wp:term":[{"taxonomy":"page_type","embeddable":true,"href":"https:\/\/www.maxicours.com\/se\/wp-json\/wp\/v2\/page_type?post=36937"}],"curies":[{"name":"wp","href":"https:\/\/api.w.org\/{rel}","templated":true}]}}