{"id":30595,"date":"2024-04-08T13:43:36","date_gmt":"2024-04-08T11:43:36","guid":{"rendered":"https:\/\/www.maxicours.com\/se\/?page_id=30595"},"modified":"2025-08-05T11:35:21","modified_gmt":"2025-08-05T09:35:21","slug":"nos-engagements","status":"publish","type":"page","link":"https:\/\/www.maxicours.com\/se\/nos-engagements\/","title":{"rendered":"Nos engagements"},"content":{"rendered":"<div class=\"relative\">\n  <div class=\"absolute top-0 left-1\/2 w-screen transform -translate-x-1\/2 h-full bg-cover bg-bottom  bg-no-repeat\"\n       style=\"background-image:url(https:\/\/www.maxicours.com\/se\/wp-content\/uploads\/2023\/06\/MotifBGArrondi@2x.jpg);background-color:#12c2c9\"><\/div>\n  <div class=\"relative\">\n    \n\n<div class=\"wp-block-columns is-layout-flex wp-container-core-columns-is-layout-28f84493 wp-block-columns-is-layout-flex\">\n<div class=\"wp-block-column is-layout-flow wp-block-column-is-layout-flow\" style=\"padding-top:var(--wp--preset--spacing--80);padding-bottom:var(--wp--preset--spacing--80)\">\n<h1 class=\"wp-block-heading\"><em><mark style=\"background-color:rgba(0, 0, 0, 0)\" class=\"has-inline-color has-yellow-color\">Nos engagements<\/mark><\/em><br><mark style=\"background-color:rgba(0, 0, 0, 0)\" class=\"has-inline-color has-white-color\">On s&rsquo;engage avec plusieurs partenariats<\/mark><\/h1>\n<\/div>\n\n\n\n<div class=\"wp-block-column is-layout-flow wp-container-core-column-is-layout-fd4f638b wp-block-column-is-layout-flow\" style=\"padding-top:var(--wp--preset--spacing--60);flex-basis:500px\">\n<figure class=\"wp-block-image aligncenter size-large is-resized\"><img loading=\"lazy\" decoding=\"async\" src=\"https:\/\/www.maxicours.com\/se\/wp-content\/uploads\/2024\/02\/EnfantsEnsemble-1024x950.png\" alt=\"\" class=\"wp-image-30597\" style=\"object-fit:cover;width:350px;height:324px\" width=\"350\" height=\"324\" srcset=\"https:\/\/www.maxicours.com\/se\/wp-content\/uploads\/2024\/02\/EnfantsEnsemble-1024x950.png 1024w, https:\/\/www.maxicours.com\/se\/wp-content\/uploads\/2024\/02\/EnfantsEnsemble-300x278.png 300w, https:\/\/www.maxicours.com\/se\/wp-content\/uploads\/2024\/02\/EnfantsEnsemble-768x712.png 768w, https:\/\/www.maxicours.com\/se\/wp-content\/uploads\/2024\/02\/EnfantsEnsemble.png 1063w\" sizes=\"auto, (max-width: 350px) 100vw, 350px\" \/><\/figure>\n<\/div>\n<\/div>\n\n\n  <\/div>\n<\/div>\n\n\n\n<div style=\"height:41px\" aria-hidden=\"true\" class=\"wp-block-spacer\"><\/div>\n\n\n\n<p>Contribuer \u00e0 l\u2019\u00e9ducation des \u00e9l\u00e8ves d\u2019aujourd\u2019hui, c&rsquo;est former les acteurs du monde de demain !<\/p>\n\n\n\n<div style=\"height:36px\" aria-hidden=\"true\" class=\"wp-block-spacer\"><\/div>\n\n\n\n<p><strong>myMaxicours<\/strong>&nbsp;est un site \u00e9dit\u00e9 par les&nbsp;<strong>\u00e9ditions Bordas<\/strong>, qui fait partie du groupe&nbsp;<strong>Editis<\/strong>. <\/p>\n\n\n\n<p>Notre mission est guid\u00e9e par deux moteurs essentiels :&nbsp;<strong>bienveillance<\/strong>&nbsp;et&nbsp;<strong>individualisation<\/strong>. Nous croyons en l\u2019excellence p\u00e9dagogique et en l\u2019innovation, et nous pla\u00e7ons la confiance en soi au c\u0153ur de notre approche.<\/p>\n\n\n\n<p>Notre objectif ?&nbsp;<strong>Contribuer \u00e0 l\u2019\u00e9ducation des \u00e9l\u00e8ves d\u2019aujourd\u2019hui<\/strong>. En les accompagnant dans leur apprentissage, nous formons les acteurs du monde de demain. Que ce soit au CP ou en Terminale, nous proposons des contenus interactifs, ludiques et vari\u00e9s pour favoriser la concentration, encourager et motiver chaque \u00e9l\u00e8ve, quel que soit son niveau.<\/p>\n\n\n\n<p>Chez&nbsp;<strong>myMaxicours<\/strong>, nous sommes anim\u00e9s par la perspective de voir chaque enfant atteindre son plein potentiel. <\/p>\n\n\n\n<div style=\"height:63px\" aria-hidden=\"true\" class=\"wp-block-spacer\"><\/div>\n\n\n\n<div class=\"wp-block-columns has-blue-light-background-color has-background is-layout-flex wp-container-core-columns-is-layout-28f84493 wp-block-columns-is-layout-flex\">\n<div class=\"wp-block-column is-layout-flow wp-block-column-is-layout-flow\">\n<h2 class=\"wp-block-heading\">Aider les jeunes en difficult\u00e9 avec ZUPdeCO<\/h2>\n\n\n\n<div style=\"height:41px\" aria-hidden=\"true\" class=\"wp-block-spacer\"><\/div>\n\n\n\n<div class=\"wp-block-columns is-layout-flex wp-container-core-columns-is-layout-28f84493 wp-block-columns-is-layout-flex\">\n<div class=\"wp-block-column is-layout-flow wp-block-column-is-layout-flow\">\n<p>Chez&nbsp;<strong>myMaxicours<\/strong>, nous croyons en l\u2019\u00e9ducation comme un levier puissant pour l\u2019avenir. Voil\u00e0 pourquoi nous nous engageons \u00e0 faire une diff\u00e9rence dans la vie des \u00e9l\u00e8ves et \u00e0 contribuer \u00e0 un monde plus \u00e9quitable.<\/p>\n\n\n\n<p>Nous soutenons l\u2019association&nbsp;<strong>ZUPdeCO<\/strong>, qui \u0153uvre pour l\u2019\u00e9galit\u00e9 des chances \u00e0 l\u2019\u00e9cole. Pour chaque abonnement de soutien scolaire en ligne Capeezy achet\u00e9 sur myMaxicours, nous un abonnement \u00e0 un \u00e9l\u00e8ve suivi par ZUPdeCO.<\/p>\n\n\n\n<p>Cr\u00e9\u00e9e en 2005, ZUPdeCO est une association reconnue d\u2019int\u00e9r\u00eat g\u00e9n\u00e9ral qui agit gr\u00e2ce \u00e0 du tutorat et du mentorat scolaires gratuits en \u00e9tablissement scolaire et\/ou en distanciel avec un niveau allant du CM1 \u00e0 la Terminale. ZUPdeCO est l\u2019association qui agit pour l\u2019\u00e9galit\u00e9 des chances pour TOUS \u00e0 l\u2019\u00e9cole !<\/p>\n\n\n\n<p> ZUPdeCO mobilise un r\u00e9seau de tuteurs b\u00e9n\u00e9voles et de volontaires en service civique pour accompagner des coll\u00e9giens et lyc\u00e9ens en difficult\u00e9. Ensemble, nous r\u00e9duisons le d\u00e9crochage scolaire et favorisons la poursuite de la scolarit\u00e9 pour tous.<\/p>\n\n\n\n<p>Nous pla\u00e7ons la confiance en soi au c\u0153ur de notre approche p\u00e9dagogique. Chaque enfant a le potentiel de r\u00e9ussir, et nous sommes l\u00e0 pour les soutenir dans leur parcours \u00e9ducatif.<\/p>\n\n\n\n<div class=\"wp-block-buttons is-content-justification-center is-layout-flex wp-container-core-buttons-is-layout-a89b3969 wp-block-buttons-is-layout-flex\">\n<div class=\"wp-block-button\"><a class=\"wp-block-button__link wp-element-button\" href=\"\/se\/nos-engagements-contre-lechec-scolaire-avec-zupdeco\/\">En savoir plus<\/a><\/div>\n<\/div>\n<\/div>\n\n\n\n<div class=\"wp-block-column is-layout-flow wp-block-column-is-layout-flow\">\n<figure class=\"wp-block-image size-large is-resized\"><img loading=\"lazy\" decoding=\"async\" src=\"https:\/\/www.maxicours.com\/se\/wp-content\/uploads\/2024\/03\/visuel-ZupDeCo-1-1024x576.png\" alt=\"\" class=\"wp-image-31012\" style=\"width:672px;height:378px\" width=\"672\" height=\"378\" srcset=\"https:\/\/www.maxicours.com\/se\/wp-content\/uploads\/2024\/03\/visuel-ZupDeCo-1-1024x576.png 1024w, https:\/\/www.maxicours.com\/se\/wp-content\/uploads\/2024\/03\/visuel-ZupDeCo-1-300x169.png 300w, https:\/\/www.maxicours.com\/se\/wp-content\/uploads\/2024\/03\/visuel-ZupDeCo-1-768x432.png 768w, https:\/\/www.maxicours.com\/se\/wp-content\/uploads\/2024\/03\/visuel-ZupDeCo-1-1536x864.png 1536w, https:\/\/www.maxicours.com\/se\/wp-content\/uploads\/2024\/03\/visuel-ZupDeCo-1.png 1920w\" sizes=\"auto, (max-width: 672px) 100vw, 672px\" \/><\/figure>\n<\/div>\n<\/div>\n<\/div>\n<\/div>\n\n\n\n<div style=\"height:46px\" aria-hidden=\"true\" class=\"wp-block-spacer\"><\/div>\n\n\n\n<div class=\"wp-block-group is-layout-constrained wp-block-group-is-layout-constrained\">\n<h2 class=\"wp-block-heading\"><strong>Faire d\u00e9couvrir nos m\u00e9tiers aux jeunes peu favoris\u00e9s<\/strong> avec \u00ab\u00a0Viens Voir Mon Taf\u00a0\u00bb <\/h2>\n<\/div>\n\n\n\n<div class=\"wp-block-columns is-layout-flex wp-container-core-columns-is-layout-28f84493 wp-block-columns-is-layout-flex\">\n<div class=\"wp-block-column is-layout-flow wp-block-column-is-layout-flow\" style=\"flex-basis:50%\"><\/div>\n\n\n\n<div class=\"wp-block-column is-layout-flow wp-block-column-is-layout-flow\" style=\"flex-basis:50%\">\n<p> <\/p>\n<\/div>\n<\/div>\n\n\n\n<div class=\"wp-block-columns is-layout-flex wp-container-core-columns-is-layout-28f84493 wp-block-columns-is-layout-flex\">\n<div class=\"wp-block-column is-layout-flow wp-block-column-is-layout-flow\">\n<p>Nous sommes sensibles au fait de permettre \u00e0 tous les coll\u00e9giens de r\u00eaver grand. Dans l\u2019\u00e9ducation prioritaire, l\u2019autocensure est un fl\u00e9au qui emp\u00eache de pr\u00e9tendre \u00e0 des orientations ambitieuses et donc \u00e0 des stages de qualit\u00e9. Nous souhaitons participer \u00e0 lever les freins et les barri\u00e8res mentales, g\u00e9ographiques\u2026<\/p>\n\n\n\n<p>Dans notre groupe Editis, nous voulons faire connaitre nos m\u00e9tiers avec l\u2019objectif de promouvoir l\u2019\u00e9galit\u00e9 et l\u2019inclusion dans la Soci\u00e9t\u00e9, en ouvrant largement les portes de notre entreprise aux jeunes.<\/p>\n\n\n\n<p>Le groupe Editis a sign\u00e9 en 2022 une nouvelle convention de partenariat avec l\u2019association <strong>Viens Voir Mon Taf<\/strong>. Celle-ci permet \u00e0 des coll\u00e9giens sans r\u00e9seau de trouver leur stage de d\u00e9couverte de l\u2019entreprise, obligatoire en 3<sup>e<\/sup>.<\/p>\n\n\n\n<p>Le dispositif est destin\u00e9 aux jeunes scolaris\u00e9s en R\u00e9seau d\u2019Education Prioritaire (REP et REP+). Ainsi, en 2023, 16 coll\u00e9giens de 3<sup>\u00e8me<\/sup> (sur plus de 30) ont \u00e9t\u00e9 accueillis au si\u00e8ge d\u2019Editis pour leur stage de d\u00e9couverte en entreprise en f\u00e9vrier et en d\u00e9cembre. <\/p>\n\n\n\n<p>Cela a permis \u00e0 quelques 35 collaborateurs de pr\u00e9senter leurs m\u00e9tiers aux jeunes stagiaires&nbsp;: \u00e9dition, fabrication, marketing, ressources humaines, contr\u00f4le de gestion, commercial, juridique\u2026&nbsp;.<\/p>\n\n\n\n<div class=\"wp-block-buttons alignfull is-content-justification-center is-layout-flex wp-container-core-buttons-is-layout-a89b3969 wp-block-buttons-is-layout-flex\">\n<div class=\"wp-block-button\"><a class=\"wp-block-button__link wp-element-button\" href=\"https:\/\/www.viensvoirmontaf.fr\/\">VIENS VOIR MON TAF<\/a><\/div>\n<\/div>\n<\/div>\n\n\n\n<div class=\"wp-block-column is-layout-flow wp-block-column-is-layout-flow\">\n<figure class=\"wp-block-image size-full\"><a href=\"https:\/\/www.viensvoirmontaf.fr\/\"><img loading=\"lazy\" decoding=\"async\" width=\"1024\" height=\"576\" src=\"https:\/\/www.maxicours.com\/se\/wp-content\/uploads\/2024\/04\/Image_ViensVoirMonTaf-1024x576-1-1.png\" alt=\"\" class=\"wp-image-31177\" srcset=\"https:\/\/www.maxicours.com\/se\/wp-content\/uploads\/2024\/04\/Image_ViensVoirMonTaf-1024x576-1-1.png 1024w, https:\/\/www.maxicours.com\/se\/wp-content\/uploads\/2024\/04\/Image_ViensVoirMonTaf-1024x576-1-1-300x169.png 300w, https:\/\/www.maxicours.com\/se\/wp-content\/uploads\/2024\/04\/Image_ViensVoirMonTaf-1024x576-1-1-768x432.png 768w\" sizes=\"auto, (max-width: 1024px) 100vw, 1024px\" \/><\/a><\/figure>\n<\/div>\n<\/div>\n\n\n\n<h5 class=\"wp-block-heading has-blue-color has-text-color\"><a href=\"https:\/\/www.editions-bordas.fr\/bordas-editeur-eco-responsable.html\">D\u00e9couvrez aussi comment Bordas s&rsquo;engage pour la plan\u00e8te <\/a><\/h5>\n\n\n\n<div style=\"height:48px\" aria-hidden=\"true\" class=\"wp-block-spacer\"><\/div>\n","protected":false},"excerpt":{"rendered":"<p>Contribuer \u00e0 l\u2019\u00e9ducation des \u00e9l\u00e8ves d\u2019aujourd\u2019hui, c&rsquo;est former les acteurs du monde de demain ! myMaxicours&nbsp;est un site \u00e9dit\u00e9 par les&nbsp;\u00e9ditions Bordas, qui fait partie du groupe&nbsp;Editis. Notre mission est guid\u00e9e par deux moteurs essentiels :&nbsp;bienveillance&nbsp;et&nbsp;individualisation. Nous croyons en l\u2019excellence p\u00e9dagogique et en l\u2019innovation, et nous pla\u00e7ons la confiance en soi au c\u0153ur de notre&#8230;<\/p>\n","protected":false},"author":21,"featured_media":0,"parent":0,"menu_order":0,"comment_status":"closed","ping_status":"closed","template":"","meta":{"_acf_changed":false,"inline_featured_image":false,"footnotes":""},"page_type":[145],"class_list":["post-30595","page","type-page","status-publish","hentry","page_type-page"],"acf":[],"yoast_head":"<!-- This site is optimized with the Yoast SEO plugin v27.2 - https:\/\/yoast.com\/product\/yoast-seo-wordpress\/ -->\n<title>Nos engagements<\/title>\n<meta name=\"description\" content=\"Les engagements de myMaxicours pour contribuer \u00e0 l\u2019\u00e9ducation des \u00e9l\u00e8ves d\u2019aujourd\u2019hui, afin de former les acteurs du monde de demain !\" \/>\n<meta name=\"robots\" content=\"index, follow, max-snippet:-1, max-image-preview:large, max-video-preview:-1\" \/>\n<link rel=\"canonical\" href=\"https:\/\/www.maxicours.com\/se\/nos-engagements\/\" \/>\n<meta property=\"og:locale\" content=\"fr_FR\" \/>\n<meta property=\"og:type\" content=\"article\" \/>\n<meta property=\"og:title\" content=\"Nos engagements\" \/>\n<meta property=\"og:description\" content=\"Les engagements de myMaxicours pour contribuer \u00e0 l\u2019\u00e9ducation des \u00e9l\u00e8ves d\u2019aujourd\u2019hui, afin de former les acteurs du monde de demain !\" \/>\n<meta property=\"og:url\" content=\"https:\/\/www.maxicours.com\/se\/nos-engagements\/\" \/>\n<meta property=\"og:site_name\" content=\"myMaxicours\" \/>\n<meta property=\"article:publisher\" content=\"https:\/\/www.facebook.com\/MarionDeMaxicours\/\" \/>\n<meta property=\"article:modified_time\" content=\"2025-08-05T09:35:21+00:00\" \/>\n<meta property=\"og:image\" content=\"https:\/\/www.maxicours.com\/se\/wp-content\/uploads\/2024\/02\/EnfantsEnsemble.png\" \/>\n\t<meta property=\"og:image:width\" content=\"1063\" \/>\n\t<meta property=\"og:image:height\" content=\"986\" \/>\n\t<meta property=\"og:image:type\" content=\"image\/png\" \/>\n<meta name=\"twitter:card\" content=\"summary_large_image\" \/>\n<meta name=\"twitter:label1\" content=\"Dur\u00e9e de lecture estim\u00e9e\" \/>\n\t<meta name=\"twitter:data1\" content=\"4 minutes\" \/>\n<script type=\"application\/ld+json\" class=\"yoast-schema-graph\">{\"@context\":\"https:\/\/schema.org\",\"@graph\":[{\"@type\":\"WebPage\",\"@id\":\"https:\/\/www.maxicours.com\/se\/nos-engagements\/\",\"url\":\"https:\/\/www.maxicours.com\/se\/nos-engagements\/\",\"name\":\"Nos engagements\",\"isPartOf\":{\"@id\":\"https:\/\/www.maxicours.com\/se\/#website\"},\"primaryImageOfPage\":{\"@id\":\"https:\/\/www.maxicours.com\/se\/nos-engagements\/#primaryimage\"},\"image\":{\"@id\":\"https:\/\/www.maxicours.com\/se\/nos-engagements\/#primaryimage\"},\"thumbnailUrl\":\"https:\/\/www.maxicours.com\/se\/wp-content\/uploads\/2024\/02\/EnfantsEnsemble-1024x950.png\",\"datePublished\":\"2024-04-08T11:43:36+00:00\",\"dateModified\":\"2025-08-05T09:35:21+00:00\",\"description\":\"Les engagements de myMaxicours pour contribuer \u00e0 l\u2019\u00e9ducation des \u00e9l\u00e8ves d\u2019aujourd\u2019hui, afin de former les acteurs du monde de demain !\",\"breadcrumb\":{\"@id\":\"https:\/\/www.maxicours.com\/se\/nos-engagements\/#breadcrumb\"},\"inLanguage\":\"fr-FR\",\"potentialAction\":[{\"@type\":\"ReadAction\",\"target\":[\"https:\/\/www.maxicours.com\/se\/nos-engagements\/\"]}]},{\"@type\":\"ImageObject\",\"inLanguage\":\"fr-FR\",\"@id\":\"https:\/\/www.maxicours.com\/se\/nos-engagements\/#primaryimage\",\"url\":\"https:\/\/www.maxicours.com\/se\/wp-content\/uploads\/2024\/02\/EnfantsEnsemble.png\",\"contentUrl\":\"https:\/\/www.maxicours.com\/se\/wp-content\/uploads\/2024\/02\/EnfantsEnsemble.png\",\"width\":1063,\"height\":986},{\"@type\":\"BreadcrumbList\",\"@id\":\"https:\/\/www.maxicours.com\/se\/nos-engagements\/#breadcrumb\",\"itemListElement\":[{\"@type\":\"ListItem\",\"position\":1,\"name\":\"myMaxicours\",\"item\":\"https:\/\/www.maxicours.com\"},{\"@type\":\"ListItem\",\"position\":2,\"name\":\"Nos engagements\"}]},{\"@type\":\"WebSite\",\"@id\":\"https:\/\/www.maxicours.com\/se\/#website\",\"url\":\"https:\/\/www.maxicours.com\/se\/\",\"name\":\"myMaxicours\",\"description\":\"La r\u00e9ussite scolaire pour tous !\",\"publisher\":{\"@id\":\"https:\/\/www.maxicours.com\/se\/#organization\"},\"potentialAction\":[{\"@type\":\"SearchAction\",\"target\":{\"@type\":\"EntryPoint\",\"urlTemplate\":\"https:\/\/www.maxicours.com\/se\/?s={search_term_string}\"},\"query-input\":{\"@type\":\"PropertyValueSpecification\",\"valueRequired\":true,\"valueName\":\"search_term_string\"}}],\"inLanguage\":\"fr-FR\"},{\"@type\":\"Organization\",\"@id\":\"https:\/\/www.maxicours.com\/se\/#organization\",\"name\":\"myMaxicours\",\"url\":\"https:\/\/www.maxicours.com\/se\/\",\"logo\":{\"@type\":\"ImageObject\",\"inLanguage\":\"fr-FR\",\"@id\":\"https:\/\/www.maxicours.com\/se\/#\/schema\/logo\/image\/\",\"url\":\"https:\/\/www.maxicours.com\/se\/wp-content\/uploads\/2023\/08\/output-onlinepngtools-1.png\",\"contentUrl\":\"https:\/\/www.maxicours.com\/se\/wp-content\/uploads\/2023\/08\/output-onlinepngtools-1.png\",\"width\":1263,\"height\":183,\"caption\":\"myMaxicours\"},\"image\":{\"@id\":\"https:\/\/www.maxicours.com\/se\/#\/schema\/logo\/image\/\"},\"sameAs\":[\"https:\/\/www.facebook.com\/MarionDeMaxicours\/\",\"https:\/\/www.youtube.com\/channel\/UC1BodbREPO7tXJ0UVGkKmGw\"]}]}<\/script>\n<!-- \/ Yoast SEO plugin. -->","yoast_head_json":{"title":"Nos engagements","description":"Les engagements de myMaxicours pour contribuer \u00e0 l\u2019\u00e9ducation des \u00e9l\u00e8ves d\u2019aujourd\u2019hui, afin de former les acteurs du monde de demain !","robots":{"index":"index","follow":"follow","max-snippet":"max-snippet:-1","max-image-preview":"max-image-preview:large","max-video-preview":"max-video-preview:-1"},"canonical":"https:\/\/www.maxicours.com\/se\/nos-engagements\/","og_locale":"fr_FR","og_type":"article","og_title":"Nos engagements","og_description":"Les engagements de myMaxicours pour contribuer \u00e0 l\u2019\u00e9ducation des \u00e9l\u00e8ves d\u2019aujourd\u2019hui, afin de former les acteurs du monde de demain !","og_url":"https:\/\/www.maxicours.com\/se\/nos-engagements\/","og_site_name":"myMaxicours","article_publisher":"https:\/\/www.facebook.com\/MarionDeMaxicours\/","article_modified_time":"2025-08-05T09:35:21+00:00","og_image":[{"width":1063,"height":986,"url":"https:\/\/www.maxicours.com\/se\/wp-content\/uploads\/2024\/02\/EnfantsEnsemble.png","type":"image\/png"}],"twitter_card":"summary_large_image","twitter_misc":{"Dur\u00e9e de lecture estim\u00e9e":"4 minutes"},"schema":{"@context":"https:\/\/schema.org","@graph":[{"@type":"WebPage","@id":"https:\/\/www.maxicours.com\/se\/nos-engagements\/","url":"https:\/\/www.maxicours.com\/se\/nos-engagements\/","name":"Nos engagements","isPartOf":{"@id":"https:\/\/www.maxicours.com\/se\/#website"},"primaryImageOfPage":{"@id":"https:\/\/www.maxicours.com\/se\/nos-engagements\/#primaryimage"},"image":{"@id":"https:\/\/www.maxicours.com\/se\/nos-engagements\/#primaryimage"},"thumbnailUrl":"https:\/\/www.maxicours.com\/se\/wp-content\/uploads\/2024\/02\/EnfantsEnsemble-1024x950.png","datePublished":"2024-04-08T11:43:36+00:00","dateModified":"2025-08-05T09:35:21+00:00","description":"Les engagements de myMaxicours pour contribuer \u00e0 l\u2019\u00e9ducation des \u00e9l\u00e8ves d\u2019aujourd\u2019hui, afin de former les acteurs du monde de demain !","breadcrumb":{"@id":"https:\/\/www.maxicours.com\/se\/nos-engagements\/#breadcrumb"},"inLanguage":"fr-FR","potentialAction":[{"@type":"ReadAction","target":["https:\/\/www.maxicours.com\/se\/nos-engagements\/"]}]},{"@type":"ImageObject","inLanguage":"fr-FR","@id":"https:\/\/www.maxicours.com\/se\/nos-engagements\/#primaryimage","url":"https:\/\/www.maxicours.com\/se\/wp-content\/uploads\/2024\/02\/EnfantsEnsemble.png","contentUrl":"https:\/\/www.maxicours.com\/se\/wp-content\/uploads\/2024\/02\/EnfantsEnsemble.png","width":1063,"height":986},{"@type":"BreadcrumbList","@id":"https:\/\/www.maxicours.com\/se\/nos-engagements\/#breadcrumb","itemListElement":[{"@type":"ListItem","position":1,"name":"myMaxicours","item":"https:\/\/www.maxicours.com"},{"@type":"ListItem","position":2,"name":"Nos engagements"}]},{"@type":"WebSite","@id":"https:\/\/www.maxicours.com\/se\/#website","url":"https:\/\/www.maxicours.com\/se\/","name":"myMaxicours","description":"La r\u00e9ussite scolaire pour tous !","publisher":{"@id":"https:\/\/www.maxicours.com\/se\/#organization"},"potentialAction":[{"@type":"SearchAction","target":{"@type":"EntryPoint","urlTemplate":"https:\/\/www.maxicours.com\/se\/?s={search_term_string}"},"query-input":{"@type":"PropertyValueSpecification","valueRequired":true,"valueName":"search_term_string"}}],"inLanguage":"fr-FR"},{"@type":"Organization","@id":"https:\/\/www.maxicours.com\/se\/#organization","name":"myMaxicours","url":"https:\/\/www.maxicours.com\/se\/","logo":{"@type":"ImageObject","inLanguage":"fr-FR","@id":"https:\/\/www.maxicours.com\/se\/#\/schema\/logo\/image\/","url":"https:\/\/www.maxicours.com\/se\/wp-content\/uploads\/2023\/08\/output-onlinepngtools-1.png","contentUrl":"https:\/\/www.maxicours.com\/se\/wp-content\/uploads\/2023\/08\/output-onlinepngtools-1.png","width":1263,"height":183,"caption":"myMaxicours"},"image":{"@id":"https:\/\/www.maxicours.com\/se\/#\/schema\/logo\/image\/"},"sameAs":["https:\/\/www.facebook.com\/MarionDeMaxicours\/","https:\/\/www.youtube.com\/channel\/UC1BodbREPO7tXJ0UVGkKmGw"]}]}},"_links":{"self":[{"href":"https:\/\/www.maxicours.com\/se\/wp-json\/wp\/v2\/pages\/30595","targetHints":{"allow":["GET"]}}],"collection":[{"href":"https:\/\/www.maxicours.com\/se\/wp-json\/wp\/v2\/pages"}],"about":[{"href":"https:\/\/www.maxicours.com\/se\/wp-json\/wp\/v2\/types\/page"}],"author":[{"embeddable":true,"href":"https:\/\/www.maxicours.com\/se\/wp-json\/wp\/v2\/users\/21"}],"replies":[{"embeddable":true,"href":"https:\/\/www.maxicours.com\/se\/wp-json\/wp\/v2\/comments?post=30595"}],"version-history":[{"count":6,"href":"https:\/\/www.maxicours.com\/se\/wp-json\/wp\/v2\/pages\/30595\/revisions"}],"predecessor-version":[{"id":34200,"href":"https:\/\/www.maxicours.com\/se\/wp-json\/wp\/v2\/pages\/30595\/revisions\/34200"}],"wp:attachment":[{"href":"https:\/\/www.maxicours.com\/se\/wp-json\/wp\/v2\/media?parent=30595"}],"wp:term":[{"taxonomy":"page_type","embeddable":true,"href":"https:\/\/www.maxicours.com\/se\/wp-json\/wp\/v2\/page_type?post=30595"}],"curies":[{"name":"wp","href":"https:\/\/api.w.org\/{rel}","templated":true}]}}