{"id":3,"date":"2019-06-10T07:34:45","date_gmt":"2019-06-10T05:34:45","guid":{"rendered":"https:\/\/www.maxicours.com\/se\/?page_id=3"},"modified":"2025-08-05T11:41:20","modified_gmt":"2025-08-05T09:41:20","slug":"politique-de-confidentialite","status":"publish","type":"page","link":"https:\/\/www.maxicours.com\/se\/mentions-legales\/","title":{"rendered":"Mentions l\u00e9gales"},"content":{"rendered":"\n<div class=\"wp-block-columns has-white-background-color has-background is-layout-flex wp-container-core-columns-is-layout-28f84493 wp-block-columns-is-layout-flex\">\n<div class=\"wp-block-column is-layout-flow wp-block-column-is-layout-flow\">\n<h1 class=\"wp-block-heading\">Mentions l\u00e9gales<\/h1>\n<\/div>\n<\/div>\n\n\n\n<div class=\"wp-block-columns has-blue-light-background-color has-background is-layout-flex wp-container-core-columns-is-layout-28f84493 wp-block-columns-is-layout-flex\">\n<div class=\"wp-block-column is-layout-flow wp-block-column-is-layout-flow\">\n<h2 class=\"wp-block-heading\"><b>\u00c9diteur du site<\/b><\/h2>\n\n\n\n<p>D\u00e9nomination sociale : SEJER<\/p>\n\n\n\n<p>Adresse du si\u00e8ge social : 92, avenue de France \u2013 CS 91464 \u2013 75702 PARIS CEDEX 13 \u2013 France<\/p>\n\n\n\n<p>Forme juridique : S.A.S.<\/p>\n\n\n\n<p>Capital social : 9 898 330 \u20ac<\/p>\n\n\n\n<p>N\u00b0 R.C.S. Paris B 393 291 042<\/p>\n\n\n\n<p>SIRET : 393 291 042 001 57<\/p>\n\n\n\n<p>T.V.A. intracommunautaire : FR58393291042<\/p>\n\n\n\n<h2 class=\"wp-block-heading\"><b>Directeur de la publication<\/b><\/h2>\n\n\n\n<p>Marianne DURAND<\/p>\n\n\n\n<h2 class=\"wp-block-heading\"><b>Contact<\/b><\/h2>\n\n\n\n<p>contact@maxicours.com<\/p>\n\n\n\n<h2 class=\"wp-block-heading\"><b>H\u00e9bergeur<\/b><\/h2>\n\n\n\n<p>Le site www.maxicours.com est h\u00e9berg\u00e9 par la soci\u00e9t\u00e9 Claranet France, 2 rue des Landelles, 35510 Cesson S\u00e9vign\u00e9 <\/p>\n\n\n\n<p>N\u00b0 de t\u00e9l\u00e9phone : 01 44 78 63 65<\/p>\n\n\n\n<h2 class=\"wp-block-heading\"><b>Concepteur du site<\/b><\/h2>\n\n\n\n<p>SEJER<\/p>\n\n\n\n<h2 class=\"wp-block-heading\"><b>Propri\u00e9t\u00e9 intellectuelle<\/b><\/h2>\n\n\n\n<p>Les \u00e9l\u00e9ments figurant au sein du pr\u00e9sent Site tels que sons, images, photographies, vid\u00e9os, \u00e9crits, animations, programmes, charte graphique, utilitaires, bases de donn\u00e9es et logiciels sont prot\u00e9g\u00e9s par les dispositions du code de la propri\u00e9t\u00e9 intellectuelle et appartiennent \u00e0 Sejer.<\/p>\n\n\n\n<p>L\u2019Utilisateur s\u2019interdit de porter atteinte aux droits de propri\u00e9t\u00e9 intellectuelle aff\u00e9rents \u00e0 ces \u00e9l\u00e9ments et notamment de les reproduire, de les repr\u00e9senter, de les modifier, de les adapter, de les traduire, d\u2019en extraire et\/ou d\u2019en r\u00e9utiliser une partie qualitativement ou quantitativement substantielle \u00e0 l\u2019exclusion des actes n\u00e9cessaires \u00e0 leur usage normal et conforme.<br><br>L\u2019Editeur s\u2019oppose \u00e0 toutes op\u00e9rations de moissonnage et de fouille de textes et de donn\u00e9es au sens de l\u2019article L. 122-5-3 du code de la propri\u00e9t\u00e9 intellectuelle.&nbsp;<br>Cette opposition couvre l\u2019ensemble du Site et des Contenus auxquels il donne acc\u00e8s.&nbsp;<br>Toutes op\u00e9rations de moissonnage et de fouille de textes et de donn\u00e9es visant le Site et ses Contenus, y compris par des dispositifs de collecte automatis\u00e9e de donn\u00e9es constituent donc des actes de contrefa\u00e7on sauf obtention d\u2019un accord sp\u00e9cifique formellement exprim\u00e9 de l\u2019Editeur.&nbsp;<br>L\u2019article R. 122-28 du code de la propri\u00e9t\u00e9 intellectuelle pr\u00e9cisant que l&rsquo;opposition mentionn\u00e9e au III de l&rsquo;article L. 122-5-3 peut \u00eatre exprim\u00e9e par tout moyen, y compris par le recours \u00e0 des conditions g\u00e9n\u00e9rales d&rsquo;utilisation d&rsquo;un site internet ou d&rsquo;un service, l\u2019absence de m\u00e9tadonn\u00e9es associ\u00e9es au Site, r\u00e9pertoires du Site, Contenus du Site est sans incidence sur l\u2019exercice du droit d\u2019opposition exprim\u00e9 par les pr\u00e9sentes CGU. Pour faciliter la lecture de ce droit d\u2019opposition par tout dispositif de collecte automatis\u00e9e de donn\u00e9es, cette opposition est \u00e9galement exprim\u00e9e ainsi &lt; TDM-RESERVATION: 1&gt;.<br>Par cons\u00e9quent, sauf autorisation de l\u2019Editeur, l\u2019utilisation de syst\u00e8mes automatis\u00e9s ou de logiciels pour extraire et collecter tout ou partie des Contenus du Site (en ce compris sa structure) de quelque fa\u00e7on que ce soit et \u00e0 quelque fin que ce soit (notamment capture de donn\u00e9es d\u2019\u00e9cran \/ \u00ab screen scraping \u00bb, exploration et\/ou fouille de donn\u00e9es et\/ou de textes, extraction de donn\u00e9es et\/ou de textes et r\u00e9cup\u00e9ration de donn\u00e9es et\/ou de textes, etc.) est interdite.<\/p>\n<\/div>\n<\/div>\n","protected":false},"excerpt":{"rendered":"<p>Mentions l\u00e9gales \u00c9diteur du site D\u00e9nomination sociale : SEJER Adresse du si\u00e8ge social : 92, avenue de France \u2013 CS 91464 \u2013 75702 PARIS CEDEX 13 \u2013 France Forme juridique : S.A.S. Capital social : 9 898 330 \u20ac N\u00b0 R.C.S. Paris B 393 291 042 SIRET : 393 291 042 001 57 T.V.A. intracommunautaire&#8230;<\/p>\n","protected":false},"author":1,"featured_media":0,"parent":0,"menu_order":100,"comment_status":"closed","ping_status":"open","template":"","meta":{"_acf_changed":false,"inline_featured_image":false,"footnotes":""},"page_type":[145],"class_list":["post-3","page","type-page","status-publish","hentry","page_type-page"],"acf":[],"yoast_head":"<!-- This site is optimized with the Yoast SEO plugin v27.2 - https:\/\/yoast.com\/product\/yoast-seo-wordpress\/ -->\n<title>Mentions l\u00e9gales - myMaxicours<\/title>\n<meta name=\"description\" content=\"Depuis 2001, Maxicours et ses professeurs de l\u2019Education nationale accompagnent les \u00e9l\u00e8ves du CP au BAC en proposant une solution en ligne compl\u00e8te.\" \/>\n<meta name=\"robots\" content=\"index, follow, max-snippet:-1, max-image-preview:large, max-video-preview:-1\" \/>\n<link rel=\"canonical\" href=\"https:\/\/www.maxicours.com\/se\/mentions-legales\/\" \/>\n<meta property=\"og:locale\" content=\"fr_FR\" \/>\n<meta property=\"og:type\" content=\"article\" \/>\n<meta property=\"og:title\" content=\"Mentions l\u00e9gales - myMaxicours\" \/>\n<meta property=\"og:description\" content=\"Depuis 2001, Maxicours et ses professeurs de l\u2019Education nationale accompagnent les \u00e9l\u00e8ves du CP au BAC en proposant une solution en ligne compl\u00e8te.\" \/>\n<meta property=\"og:url\" content=\"https:\/\/www.maxicours.com\/se\/mentions-legales\/\" \/>\n<meta property=\"og:site_name\" content=\"myMaxicours\" \/>\n<meta property=\"article:publisher\" content=\"https:\/\/www.facebook.com\/MarionDeMaxicours\/\" \/>\n<meta property=\"article:modified_time\" content=\"2025-08-05T09:41:20+00:00\" \/>\n<meta property=\"og:image\" content=\"https:\/\/www.maxicours.com\/se\/wp-content\/uploads\/2023\/08\/maxicours_maxresdefault.jpg\" \/>\n\t<meta property=\"og:image:width\" content=\"1280\" \/>\n\t<meta property=\"og:image:height\" content=\"720\" \/>\n\t<meta property=\"og:image:type\" content=\"image\/jpeg\" \/>\n<meta name=\"twitter:card\" content=\"summary_large_image\" \/>\n<meta name=\"twitter:label1\" content=\"Dur\u00e9e de lecture estim\u00e9e\" \/>\n\t<meta name=\"twitter:data1\" content=\"3 minutes\" \/>\n<script type=\"application\/ld+json\" class=\"yoast-schema-graph\">{\"@context\":\"https:\/\/schema.org\",\"@graph\":[{\"@type\":\"WebPage\",\"@id\":\"https:\/\/www.maxicours.com\/se\/mentions-legales\/\",\"url\":\"https:\/\/www.maxicours.com\/se\/mentions-legales\/\",\"name\":\"Mentions l\u00e9gales - myMaxicours\",\"isPartOf\":{\"@id\":\"https:\/\/www.maxicours.com\/se\/#website\"},\"datePublished\":\"2019-06-10T05:34:45+00:00\",\"dateModified\":\"2025-08-05T09:41:20+00:00\",\"description\":\"Depuis 2001, Maxicours et ses professeurs de l\u2019Education nationale accompagnent les \u00e9l\u00e8ves du CP au BAC en proposant une solution en ligne compl\u00e8te.\",\"breadcrumb\":{\"@id\":\"https:\/\/www.maxicours.com\/se\/mentions-legales\/#breadcrumb\"},\"inLanguage\":\"fr-FR\",\"potentialAction\":[{\"@type\":\"ReadAction\",\"target\":[\"https:\/\/www.maxicours.com\/se\/mentions-legales\/\"]}]},{\"@type\":\"BreadcrumbList\",\"@id\":\"https:\/\/www.maxicours.com\/se\/mentions-legales\/#breadcrumb\",\"itemListElement\":[{\"@type\":\"ListItem\",\"position\":1,\"name\":\"myMaxicours\",\"item\":\"https:\/\/www.maxicours.com\"},{\"@type\":\"ListItem\",\"position\":2,\"name\":\"Mentions l\u00e9gales\"}]},{\"@type\":\"WebSite\",\"@id\":\"https:\/\/www.maxicours.com\/se\/#website\",\"url\":\"https:\/\/www.maxicours.com\/se\/\",\"name\":\"myMaxicours\",\"description\":\"La r\u00e9ussite scolaire pour tous !\",\"publisher\":{\"@id\":\"https:\/\/www.maxicours.com\/se\/#organization\"},\"potentialAction\":[{\"@type\":\"SearchAction\",\"target\":{\"@type\":\"EntryPoint\",\"urlTemplate\":\"https:\/\/www.maxicours.com\/se\/?s={search_term_string}\"},\"query-input\":{\"@type\":\"PropertyValueSpecification\",\"valueRequired\":true,\"valueName\":\"search_term_string\"}}],\"inLanguage\":\"fr-FR\"},{\"@type\":\"Organization\",\"@id\":\"https:\/\/www.maxicours.com\/se\/#organization\",\"name\":\"myMaxicours\",\"url\":\"https:\/\/www.maxicours.com\/se\/\",\"logo\":{\"@type\":\"ImageObject\",\"inLanguage\":\"fr-FR\",\"@id\":\"https:\/\/www.maxicours.com\/se\/#\/schema\/logo\/image\/\",\"url\":\"https:\/\/www.maxicours.com\/se\/wp-content\/uploads\/2023\/08\/output-onlinepngtools-1.png\",\"contentUrl\":\"https:\/\/www.maxicours.com\/se\/wp-content\/uploads\/2023\/08\/output-onlinepngtools-1.png\",\"width\":1263,\"height\":183,\"caption\":\"myMaxicours\"},\"image\":{\"@id\":\"https:\/\/www.maxicours.com\/se\/#\/schema\/logo\/image\/\"},\"sameAs\":[\"https:\/\/www.facebook.com\/MarionDeMaxicours\/\",\"https:\/\/www.youtube.com\/channel\/UC1BodbREPO7tXJ0UVGkKmGw\"]}]}<\/script>\n<!-- \/ Yoast SEO plugin. -->","yoast_head_json":{"title":"Mentions l\u00e9gales - myMaxicours","description":"Depuis 2001, Maxicours et ses professeurs de l\u2019Education nationale accompagnent les \u00e9l\u00e8ves du CP au BAC en proposant une solution en ligne compl\u00e8te.","robots":{"index":"index","follow":"follow","max-snippet":"max-snippet:-1","max-image-preview":"max-image-preview:large","max-video-preview":"max-video-preview:-1"},"canonical":"https:\/\/www.maxicours.com\/se\/mentions-legales\/","og_locale":"fr_FR","og_type":"article","og_title":"Mentions l\u00e9gales - myMaxicours","og_description":"Depuis 2001, Maxicours et ses professeurs de l\u2019Education nationale accompagnent les \u00e9l\u00e8ves du CP au BAC en proposant une solution en ligne compl\u00e8te.","og_url":"https:\/\/www.maxicours.com\/se\/mentions-legales\/","og_site_name":"myMaxicours","article_publisher":"https:\/\/www.facebook.com\/MarionDeMaxicours\/","article_modified_time":"2025-08-05T09:41:20+00:00","og_image":[{"width":1280,"height":720,"url":"https:\/\/www.maxicours.com\/se\/wp-content\/uploads\/2023\/08\/maxicours_maxresdefault.jpg","type":"image\/jpeg"}],"twitter_card":"summary_large_image","twitter_misc":{"Dur\u00e9e de lecture estim\u00e9e":"3 minutes"},"schema":{"@context":"https:\/\/schema.org","@graph":[{"@type":"WebPage","@id":"https:\/\/www.maxicours.com\/se\/mentions-legales\/","url":"https:\/\/www.maxicours.com\/se\/mentions-legales\/","name":"Mentions l\u00e9gales - myMaxicours","isPartOf":{"@id":"https:\/\/www.maxicours.com\/se\/#website"},"datePublished":"2019-06-10T05:34:45+00:00","dateModified":"2025-08-05T09:41:20+00:00","description":"Depuis 2001, Maxicours et ses professeurs de l\u2019Education nationale accompagnent les \u00e9l\u00e8ves du CP au BAC en proposant une solution en ligne compl\u00e8te.","breadcrumb":{"@id":"https:\/\/www.maxicours.com\/se\/mentions-legales\/#breadcrumb"},"inLanguage":"fr-FR","potentialAction":[{"@type":"ReadAction","target":["https:\/\/www.maxicours.com\/se\/mentions-legales\/"]}]},{"@type":"BreadcrumbList","@id":"https:\/\/www.maxicours.com\/se\/mentions-legales\/#breadcrumb","itemListElement":[{"@type":"ListItem","position":1,"name":"myMaxicours","item":"https:\/\/www.maxicours.com"},{"@type":"ListItem","position":2,"name":"Mentions l\u00e9gales"}]},{"@type":"WebSite","@id":"https:\/\/www.maxicours.com\/se\/#website","url":"https:\/\/www.maxicours.com\/se\/","name":"myMaxicours","description":"La r\u00e9ussite scolaire pour tous !","publisher":{"@id":"https:\/\/www.maxicours.com\/se\/#organization"},"potentialAction":[{"@type":"SearchAction","target":{"@type":"EntryPoint","urlTemplate":"https:\/\/www.maxicours.com\/se\/?s={search_term_string}"},"query-input":{"@type":"PropertyValueSpecification","valueRequired":true,"valueName":"search_term_string"}}],"inLanguage":"fr-FR"},{"@type":"Organization","@id":"https:\/\/www.maxicours.com\/se\/#organization","name":"myMaxicours","url":"https:\/\/www.maxicours.com\/se\/","logo":{"@type":"ImageObject","inLanguage":"fr-FR","@id":"https:\/\/www.maxicours.com\/se\/#\/schema\/logo\/image\/","url":"https:\/\/www.maxicours.com\/se\/wp-content\/uploads\/2023\/08\/output-onlinepngtools-1.png","contentUrl":"https:\/\/www.maxicours.com\/se\/wp-content\/uploads\/2023\/08\/output-onlinepngtools-1.png","width":1263,"height":183,"caption":"myMaxicours"},"image":{"@id":"https:\/\/www.maxicours.com\/se\/#\/schema\/logo\/image\/"},"sameAs":["https:\/\/www.facebook.com\/MarionDeMaxicours\/","https:\/\/www.youtube.com\/channel\/UC1BodbREPO7tXJ0UVGkKmGw"]}]}},"_links":{"self":[{"href":"https:\/\/www.maxicours.com\/se\/wp-json\/wp\/v2\/pages\/3","targetHints":{"allow":["GET"]}}],"collection":[{"href":"https:\/\/www.maxicours.com\/se\/wp-json\/wp\/v2\/pages"}],"about":[{"href":"https:\/\/www.maxicours.com\/se\/wp-json\/wp\/v2\/types\/page"}],"author":[{"embeddable":true,"href":"https:\/\/www.maxicours.com\/se\/wp-json\/wp\/v2\/users\/1"}],"replies":[{"embeddable":true,"href":"https:\/\/www.maxicours.com\/se\/wp-json\/wp\/v2\/comments?post=3"}],"version-history":[{"count":6,"href":"https:\/\/www.maxicours.com\/se\/wp-json\/wp\/v2\/pages\/3\/revisions"}],"predecessor-version":[{"id":34224,"href":"https:\/\/www.maxicours.com\/se\/wp-json\/wp\/v2\/pages\/3\/revisions\/34224"}],"wp:attachment":[{"href":"https:\/\/www.maxicours.com\/se\/wp-json\/wp\/v2\/media?parent=3"}],"wp:term":[{"taxonomy":"page_type","embeddable":true,"href":"https:\/\/www.maxicours.com\/se\/wp-json\/wp\/v2\/page_type?post=3"}],"curies":[{"name":"wp","href":"https:\/\/api.w.org\/{rel}","templated":true}]}}