{"id":27293,"date":"2023-08-23T17:38:38","date_gmt":"2023-08-23T15:38:38","guid":{"rendered":"https:\/\/www.maxicours.com\/se\/?page_id=27293"},"modified":"2025-08-05T11:30:12","modified_gmt":"2025-08-05T09:30:12","slug":"reviser-avec-nos-podcasts-de-revisions","status":"publish","type":"page","link":"https:\/\/www.maxicours.com\/se\/podcasts-de-revisions\/","title":{"rendered":"Podcasts de r\u00e9visions"},"content":{"rendered":"\n<h1 class=\"wp-block-heading\">Podcasts de r\u00e9visions<\/h1>\n\n\n\n<div style=\"height:20px\" aria-hidden=\"true\" class=\"wp-block-spacer\"><\/div>\n\n\n\n<p>La plateforme de soutien scolaire myMaxicours propose de nombreux podcasts de r\u00e9visons pour permettre aux \u00e9l\u00e8ves de troisi\u00e8me, premi\u00e8re et terminale de se pr\u00e9parer aux \u00e9preuves du <a href=\"\/se\/brevet\/\">brevet des coll\u00e8ge<\/a> et du <a href=\"\/se\/bac\/\">baccalaur\u00e9at<\/a>. D\u2019ailleurs, ces contenus audios ne servent pas uniquement \u00e0 r\u00e9viser pour les examens. Il existe, par exemple, des podcasts pour apprendre de nouvelles choses. L&rsquo;\u00e9quipe <a href=\"https:\/\/www.maxicours.com\/se\/podcasts-a-ecouter\/\">myMaxicours conseille cette s\u00e9lection de podcasts \u00e0 \u00e9couter pour se cultiver autrement<\/a>.<\/p>\n\n\n\n<p><\/p>\n\n\n\n<div style=\"height:20px\" aria-hidden=\"true\" class=\"wp-block-spacer\"><\/div>\n\n\n\n<div class=\"wp-block-columns are-vertically-aligned-center is-layout-flex wp-container-core-columns-is-layout-28f84493 wp-block-columns-is-layout-flex\">\n<div class=\"wp-block-column is-vertically-aligned-center is-layout-flow wp-block-column-is-layout-flow\">\n<figure class=\"wp-block-image aligncenter size-full is-style-rounded\"><img loading=\"lazy\" decoding=\"async\" width=\"984\" height=\"556\" src=\"https:\/\/www.maxicours.com\/se\/wp-content\/uploads\/2023\/08\/Podcast-revisions-3e-1.png\" alt=\"\" class=\"wp-image-27506\" srcset=\"https:\/\/www.maxicours.com\/se\/wp-content\/uploads\/2023\/08\/Podcast-revisions-3e-1.png 984w, https:\/\/www.maxicours.com\/se\/wp-content\/uploads\/2023\/08\/Podcast-revisions-3e-1-300x170.png 300w, https:\/\/www.maxicours.com\/se\/wp-content\/uploads\/2023\/08\/Podcast-revisions-3e-1-768x434.png 768w\" sizes=\"auto, (max-width: 984px) 100vw, 984px\" \/><\/figure>\n<\/div>\n\n\n\n<div class=\"wp-block-column is-vertically-aligned-center is-layout-flow wp-block-column-is-layout-flow\">\n<h2 class=\"wp-block-heading\">Des podcasts pour le brevet<\/h2>\n\n\n\n<p>Qui dit derni\u00e8re ann\u00e9e de coll\u00e8ge dit examen du brevet ! Pour accompagner au mieux les \u00e9l\u00e8ves de <a href=\"\/se\/3eme\/\">troisi\u00e8me<\/a>, myMaxicours a int\u00e9gr\u00e9 dans ses ressources p\u00e9dagogiques des podcasts pour r\u00e9viser autrement. Ainsi, des audios sont disponibles pour les mati\u00e8res suivantes : <\/p>\n\n\n\n<ul class=\"wp-block-list\">\n<li>Fran\u00e7ais<\/li>\n\n\n\n<li>Histoire-G\u00e9ographie<\/li>\n\n\n\n<li>Physique-Chimie<\/li>\n\n\n\n<li>SVT<\/li>\n\n\n\n<li>Technologie<\/li>\n\n\n\n<li>Enseignement moral et civique (EMC)<\/li>\n<\/ul>\n<\/div>\n<\/div>\n\n\n\n<div style=\"height:38px\" aria-hidden=\"true\" class=\"wp-block-spacer\"><\/div>\n\n\n\n<div class=\"wp-block-columns are-vertically-aligned-center is-layout-flex wp-container-core-columns-is-layout-28f84493 wp-block-columns-is-layout-flex\">\n<div class=\"wp-block-column is-layout-flow wp-block-column-is-layout-flow\">\n<h2 class=\"wp-block-heading\">Des podcasts pour le baccalaur\u00e9at<\/h2>\n\n\n\n<p>En classe de <a href=\"\/se\/premiere\/\">premi\u00e8re <\/a>et <a href=\"\/se\/lycee\/terminale\/\">terminale<\/a>, les \u00e9l\u00e8ves sont plong\u00e9s dans la pr\u00e9paration de l&rsquo;examen du baccalaur\u00e9at. Pour les aider \u00e0 r\u00e9viser, nous mettons \u00e0 leur disposition en plus des cours, exercices, vid\u00e9os et annales, des audios sur les mati\u00e8res suivantes : <\/p>\n\n\n\n<ul class=\"wp-block-list\">\n<li>Fran\u00e7ais<\/li>\n\n\n\n<li>Anglais<\/li>\n\n\n\n<li>Histoire-G\u00e9ographie<\/li>\n\n\n\n<li>Histoire g\u00e9ographie, g\u00e9opolitique et sciences politiques<\/li>\n\n\n\n<li>Philosophie<\/li>\n\n\n\n<li>Sciences \u00e9conomiques et sociales <\/li>\n\n\n\n<li>SVT<\/li>\n\n\n\n<li>Physique-Chimie <\/li>\n\n\n\n<li>Enseignement scientifique <\/li>\n\n\n\n<li>Le grand oral du bac<\/li>\n<\/ul>\n<\/div>\n\n\n\n<div class=\"wp-block-column is-layout-flow wp-block-column-is-layout-flow\">\n<figure class=\"wp-block-image size-full is-style-rounded\"><img loading=\"lazy\" decoding=\"async\" width=\"984\" height=\"556\" src=\"https:\/\/www.maxicours.com\/se\/wp-content\/uploads\/2023\/08\/Podcast-revisions-lycee.png\" alt=\"\" class=\"wp-image-27505\" srcset=\"https:\/\/www.maxicours.com\/se\/wp-content\/uploads\/2023\/08\/Podcast-revisions-lycee.png 984w, https:\/\/www.maxicours.com\/se\/wp-content\/uploads\/2023\/08\/Podcast-revisions-lycee-300x170.png 300w, https:\/\/www.maxicours.com\/se\/wp-content\/uploads\/2023\/08\/Podcast-revisions-lycee-768x434.png 768w\" sizes=\"auto, (max-width: 984px) 100vw, 984px\" \/><\/figure>\n<\/div>\n<\/div>\n\n\n\n<p><\/p>\n","protected":false},"excerpt":{"rendered":"<p>Podcasts de r\u00e9visions La plateforme de soutien scolaire myMaxicours propose de nombreux podcasts de r\u00e9visons pour permettre aux \u00e9l\u00e8ves de troisi\u00e8me, premi\u00e8re et terminale de se pr\u00e9parer aux \u00e9preuves du brevet des coll\u00e8ge et du baccalaur\u00e9at. D\u2019ailleurs, ces contenus audios ne servent pas uniquement \u00e0 r\u00e9viser pour les examens. Il existe, par exemple, des podcasts&#8230;<\/p>\n","protected":false},"author":35,"featured_media":0,"parent":0,"menu_order":0,"comment_status":"closed","ping_status":"closed","template":"","meta":{"_acf_changed":false,"inline_featured_image":false,"footnotes":""},"page_type":[147],"class_list":["post-27293","page","type-page","status-publish","hentry","page_type-page-seo"],"acf":[],"yoast_head":"<!-- This site is optimized with the Yoast SEO plugin v27.2 - https:\/\/yoast.com\/product\/yoast-seo-wordpress\/ -->\n<title>Podcasts de r\u00e9visions scolaires | Bac et Brevet - myMaxicours<\/title>\n<meta name=\"description\" content=\"Quiz, points \u00e0 relier, textes \u00e0 trous... toute une panoplie d&#039;exercices sont disponibles pour la primaire, le coll\u00e8ge et le lyc\u00e9e.\" \/>\n<meta name=\"robots\" content=\"index, follow, max-snippet:-1, max-image-preview:large, max-video-preview:-1\" \/>\n<link rel=\"canonical\" href=\"https:\/\/www.maxicours.com\/se\/podcasts-de-revisions\/\" \/>\n<meta property=\"og:locale\" content=\"fr_FR\" \/>\n<meta property=\"og:type\" content=\"article\" \/>\n<meta property=\"og:title\" content=\"Podcasts de r\u00e9visions scolaires | Bac et Brevet - myMaxicours\" \/>\n<meta property=\"og:description\" content=\"Quiz, points \u00e0 relier, textes \u00e0 trous... toute une panoplie d&#039;exercices sont disponibles pour la primaire, le coll\u00e8ge et le lyc\u00e9e.\" \/>\n<meta property=\"og:url\" content=\"https:\/\/www.maxicours.com\/se\/podcasts-de-revisions\/\" \/>\n<meta property=\"og:site_name\" content=\"myMaxicours\" \/>\n<meta property=\"article:publisher\" content=\"https:\/\/www.facebook.com\/MarionDeMaxicours\/\" \/>\n<meta property=\"article:modified_time\" content=\"2025-08-05T09:30:12+00:00\" \/>\n<meta property=\"og:image\" content=\"https:\/\/www.maxicours.com\/se\/wp-content\/uploads\/2023\/08\/Podcast-revisions-3e-1.png\" \/>\n\t<meta property=\"og:image:width\" content=\"984\" \/>\n\t<meta property=\"og:image:height\" content=\"556\" \/>\n\t<meta property=\"og:image:type\" content=\"image\/png\" \/>\n<meta name=\"twitter:card\" content=\"summary_large_image\" \/>\n<meta name=\"twitter:label1\" content=\"Dur\u00e9e de lecture estim\u00e9e\" \/>\n\t<meta name=\"twitter:data1\" content=\"2 minutes\" \/>\n<script type=\"application\/ld+json\" class=\"yoast-schema-graph\">{\"@context\":\"https:\/\/schema.org\",\"@graph\":[{\"@type\":\"WebPage\",\"@id\":\"https:\/\/www.maxicours.com\/se\/podcasts-de-revisions\/\",\"url\":\"https:\/\/www.maxicours.com\/se\/podcasts-de-revisions\/\",\"name\":\"Podcasts de r\u00e9visions scolaires | Bac et Brevet - myMaxicours\",\"isPartOf\":{\"@id\":\"https:\/\/www.maxicours.com\/se\/#website\"},\"primaryImageOfPage\":{\"@id\":\"https:\/\/www.maxicours.com\/se\/podcasts-de-revisions\/#primaryimage\"},\"image\":{\"@id\":\"https:\/\/www.maxicours.com\/se\/podcasts-de-revisions\/#primaryimage\"},\"thumbnailUrl\":\"https:\/\/www.maxicours.com\/se\/wp-content\/uploads\/2023\/08\/Podcast-revisions-3e-1.png\",\"datePublished\":\"2023-08-23T15:38:38+00:00\",\"dateModified\":\"2025-08-05T09:30:12+00:00\",\"description\":\"Quiz, points \u00e0 relier, textes \u00e0 trous... toute une panoplie d'exercices sont disponibles pour la primaire, le coll\u00e8ge et le lyc\u00e9e.\",\"breadcrumb\":{\"@id\":\"https:\/\/www.maxicours.com\/se\/podcasts-de-revisions\/#breadcrumb\"},\"inLanguage\":\"fr-FR\",\"potentialAction\":[{\"@type\":\"ReadAction\",\"target\":[\"https:\/\/www.maxicours.com\/se\/podcasts-de-revisions\/\"]}]},{\"@type\":\"ImageObject\",\"inLanguage\":\"fr-FR\",\"@id\":\"https:\/\/www.maxicours.com\/se\/podcasts-de-revisions\/#primaryimage\",\"url\":\"https:\/\/www.maxicours.com\/se\/wp-content\/uploads\/2023\/08\/Podcast-revisions-3e-1.png\",\"contentUrl\":\"https:\/\/www.maxicours.com\/se\/wp-content\/uploads\/2023\/08\/Podcast-revisions-3e-1.png\",\"width\":984,\"height\":556},{\"@type\":\"BreadcrumbList\",\"@id\":\"https:\/\/www.maxicours.com\/se\/podcasts-de-revisions\/#breadcrumb\",\"itemListElement\":[{\"@type\":\"ListItem\",\"position\":1,\"name\":\"myMaxicours\",\"item\":\"https:\/\/www.maxicours.com\"},{\"@type\":\"ListItem\",\"position\":2,\"name\":\"Podcasts de r\u00e9visions\"}]},{\"@type\":\"WebSite\",\"@id\":\"https:\/\/www.maxicours.com\/se\/#website\",\"url\":\"https:\/\/www.maxicours.com\/se\/\",\"name\":\"myMaxicours\",\"description\":\"La r\u00e9ussite scolaire pour tous !\",\"publisher\":{\"@id\":\"https:\/\/www.maxicours.com\/se\/#organization\"},\"potentialAction\":[{\"@type\":\"SearchAction\",\"target\":{\"@type\":\"EntryPoint\",\"urlTemplate\":\"https:\/\/www.maxicours.com\/se\/?s={search_term_string}\"},\"query-input\":{\"@type\":\"PropertyValueSpecification\",\"valueRequired\":true,\"valueName\":\"search_term_string\"}}],\"inLanguage\":\"fr-FR\"},{\"@type\":\"Organization\",\"@id\":\"https:\/\/www.maxicours.com\/se\/#organization\",\"name\":\"myMaxicours\",\"url\":\"https:\/\/www.maxicours.com\/se\/\",\"logo\":{\"@type\":\"ImageObject\",\"inLanguage\":\"fr-FR\",\"@id\":\"https:\/\/www.maxicours.com\/se\/#\/schema\/logo\/image\/\",\"url\":\"https:\/\/www.maxicours.com\/se\/wp-content\/uploads\/2023\/08\/output-onlinepngtools-1.png\",\"contentUrl\":\"https:\/\/www.maxicours.com\/se\/wp-content\/uploads\/2023\/08\/output-onlinepngtools-1.png\",\"width\":1263,\"height\":183,\"caption\":\"myMaxicours\"},\"image\":{\"@id\":\"https:\/\/www.maxicours.com\/se\/#\/schema\/logo\/image\/\"},\"sameAs\":[\"https:\/\/www.facebook.com\/MarionDeMaxicours\/\",\"https:\/\/www.youtube.com\/channel\/UC1BodbREPO7tXJ0UVGkKmGw\"]}]}<\/script>\n<!-- \/ Yoast SEO plugin. -->","yoast_head_json":{"title":"Podcasts de r\u00e9visions scolaires | Bac et Brevet - myMaxicours","description":"Quiz, points \u00e0 relier, textes \u00e0 trous... toute une panoplie d'exercices sont disponibles pour la primaire, le coll\u00e8ge et le lyc\u00e9e.","robots":{"index":"index","follow":"follow","max-snippet":"max-snippet:-1","max-image-preview":"max-image-preview:large","max-video-preview":"max-video-preview:-1"},"canonical":"https:\/\/www.maxicours.com\/se\/podcasts-de-revisions\/","og_locale":"fr_FR","og_type":"article","og_title":"Podcasts de r\u00e9visions scolaires | Bac et Brevet - myMaxicours","og_description":"Quiz, points \u00e0 relier, textes \u00e0 trous... toute une panoplie d'exercices sont disponibles pour la primaire, le coll\u00e8ge et le lyc\u00e9e.","og_url":"https:\/\/www.maxicours.com\/se\/podcasts-de-revisions\/","og_site_name":"myMaxicours","article_publisher":"https:\/\/www.facebook.com\/MarionDeMaxicours\/","article_modified_time":"2025-08-05T09:30:12+00:00","og_image":[{"width":984,"height":556,"url":"https:\/\/www.maxicours.com\/se\/wp-content\/uploads\/2023\/08\/Podcast-revisions-3e-1.png","type":"image\/png"}],"twitter_card":"summary_large_image","twitter_misc":{"Dur\u00e9e de lecture estim\u00e9e":"2 minutes"},"schema":{"@context":"https:\/\/schema.org","@graph":[{"@type":"WebPage","@id":"https:\/\/www.maxicours.com\/se\/podcasts-de-revisions\/","url":"https:\/\/www.maxicours.com\/se\/podcasts-de-revisions\/","name":"Podcasts de r\u00e9visions scolaires | Bac et Brevet - myMaxicours","isPartOf":{"@id":"https:\/\/www.maxicours.com\/se\/#website"},"primaryImageOfPage":{"@id":"https:\/\/www.maxicours.com\/se\/podcasts-de-revisions\/#primaryimage"},"image":{"@id":"https:\/\/www.maxicours.com\/se\/podcasts-de-revisions\/#primaryimage"},"thumbnailUrl":"https:\/\/www.maxicours.com\/se\/wp-content\/uploads\/2023\/08\/Podcast-revisions-3e-1.png","datePublished":"2023-08-23T15:38:38+00:00","dateModified":"2025-08-05T09:30:12+00:00","description":"Quiz, points \u00e0 relier, textes \u00e0 trous... toute une panoplie d'exercices sont disponibles pour la primaire, le coll\u00e8ge et le lyc\u00e9e.","breadcrumb":{"@id":"https:\/\/www.maxicours.com\/se\/podcasts-de-revisions\/#breadcrumb"},"inLanguage":"fr-FR","potentialAction":[{"@type":"ReadAction","target":["https:\/\/www.maxicours.com\/se\/podcasts-de-revisions\/"]}]},{"@type":"ImageObject","inLanguage":"fr-FR","@id":"https:\/\/www.maxicours.com\/se\/podcasts-de-revisions\/#primaryimage","url":"https:\/\/www.maxicours.com\/se\/wp-content\/uploads\/2023\/08\/Podcast-revisions-3e-1.png","contentUrl":"https:\/\/www.maxicours.com\/se\/wp-content\/uploads\/2023\/08\/Podcast-revisions-3e-1.png","width":984,"height":556},{"@type":"BreadcrumbList","@id":"https:\/\/www.maxicours.com\/se\/podcasts-de-revisions\/#breadcrumb","itemListElement":[{"@type":"ListItem","position":1,"name":"myMaxicours","item":"https:\/\/www.maxicours.com"},{"@type":"ListItem","position":2,"name":"Podcasts de r\u00e9visions"}]},{"@type":"WebSite","@id":"https:\/\/www.maxicours.com\/se\/#website","url":"https:\/\/www.maxicours.com\/se\/","name":"myMaxicours","description":"La r\u00e9ussite scolaire pour tous !","publisher":{"@id":"https:\/\/www.maxicours.com\/se\/#organization"},"potentialAction":[{"@type":"SearchAction","target":{"@type":"EntryPoint","urlTemplate":"https:\/\/www.maxicours.com\/se\/?s={search_term_string}"},"query-input":{"@type":"PropertyValueSpecification","valueRequired":true,"valueName":"search_term_string"}}],"inLanguage":"fr-FR"},{"@type":"Organization","@id":"https:\/\/www.maxicours.com\/se\/#organization","name":"myMaxicours","url":"https:\/\/www.maxicours.com\/se\/","logo":{"@type":"ImageObject","inLanguage":"fr-FR","@id":"https:\/\/www.maxicours.com\/se\/#\/schema\/logo\/image\/","url":"https:\/\/www.maxicours.com\/se\/wp-content\/uploads\/2023\/08\/output-onlinepngtools-1.png","contentUrl":"https:\/\/www.maxicours.com\/se\/wp-content\/uploads\/2023\/08\/output-onlinepngtools-1.png","width":1263,"height":183,"caption":"myMaxicours"},"image":{"@id":"https:\/\/www.maxicours.com\/se\/#\/schema\/logo\/image\/"},"sameAs":["https:\/\/www.facebook.com\/MarionDeMaxicours\/","https:\/\/www.youtube.com\/channel\/UC1BodbREPO7tXJ0UVGkKmGw"]}]}},"_links":{"self":[{"href":"https:\/\/www.maxicours.com\/se\/wp-json\/wp\/v2\/pages\/27293","targetHints":{"allow":["GET"]}}],"collection":[{"href":"https:\/\/www.maxicours.com\/se\/wp-json\/wp\/v2\/pages"}],"about":[{"href":"https:\/\/www.maxicours.com\/se\/wp-json\/wp\/v2\/types\/page"}],"author":[{"embeddable":true,"href":"https:\/\/www.maxicours.com\/se\/wp-json\/wp\/v2\/users\/35"}],"replies":[{"embeddable":true,"href":"https:\/\/www.maxicours.com\/se\/wp-json\/wp\/v2\/comments?post=27293"}],"version-history":[{"count":6,"href":"https:\/\/www.maxicours.com\/se\/wp-json\/wp\/v2\/pages\/27293\/revisions"}],"predecessor-version":[{"id":34177,"href":"https:\/\/www.maxicours.com\/se\/wp-json\/wp\/v2\/pages\/27293\/revisions\/34177"}],"wp:attachment":[{"href":"https:\/\/www.maxicours.com\/se\/wp-json\/wp\/v2\/media?parent=27293"}],"wp:term":[{"taxonomy":"page_type","embeddable":true,"href":"https:\/\/www.maxicours.com\/se\/wp-json\/wp\/v2\/page_type?post=27293"}],"curies":[{"name":"wp","href":"https:\/\/api.w.org\/{rel}","templated":true}]}}