{"id":26154,"date":"2023-07-18T14:37:07","date_gmt":"2023-07-18T12:37:07","guid":{"rendered":"https:\/\/www.maxicours.com\/se\/?page_id=26154"},"modified":"2025-08-05T11:23:25","modified_gmt":"2025-08-05T09:23:25","slug":"probabilites-et-statistiques","status":"publish","type":"page","link":"https:\/\/www.maxicours.com\/se\/lycee\/seconde\/mathematiques\/probabilites-et-statistiques\/","title":{"rendered":"Probabilit\u00e9s et statistiques"},"content":{"rendered":"<div class=\"relative\">\n  <div class=\"absolute top-0 left-1\/2 w-screen transform -translate-x-1\/2 h-full bg-cover bg-bottom  bg-no-repeat\"\n       style=\"background-image:url(https:\/\/www.maxicours.com\/se\/wp-content\/uploads\/2023\/06\/MotifBGArrondiePetitTurquoise.png);background-color:\"><\/div>\n  <div class=\"relative\">\n    \n\n<div class=\"wp-block-columns are-vertically-aligned-center is-layout-flex wp-container-core-columns-is-layout-65e6f041 wp-block-columns-is-layout-flex\" style=\"padding-top:var(--wp--preset--spacing--20)\">\n<div class=\"wp-block-column is-vertically-aligned-center is-layout-flow wp-block-column-is-layout-flow\" style=\"padding-top:0;padding-right:0;padding-bottom:0;padding-left:0;flex-basis:55%\">\n<h1 class=\"wp-block-heading has-blue-color has-text-color\"><em>Maths 2de :<\/em><br>Probabilit\u00e9s et statistiques<\/h1>\n<\/div>\n\n\n\n<div class=\"wp-block-column is-vertically-aligned-center is-layout-flow wp-block-column-is-layout-flow\" style=\"padding-top:0\">\n<figure class=\"wp-block-image aligncenter size-full is-resized\"><img decoding=\"async\" src=\"https:\/\/www.maxicours.com\/se\/wp-content\/uploads\/2023\/06\/Francais@2x-1.png\" alt=\"\" class=\"wp-image-23760\" height=\"361\" srcset=\"https:\/\/www.maxicours.com\/se\/wp-content\/uploads\/2023\/06\/Francais@2x-1.png 815w, https:\/\/www.maxicours.com\/se\/wp-content\/uploads\/2023\/06\/Francais@2x-1-300x190.png 300w, https:\/\/www.maxicours.com\/se\/wp-content\/uploads\/2023\/06\/Francais@2x-1-768x486.png 768w\" sizes=\"(max-width: 815px) 100vw, 815px\" \/><\/figure>\n<\/div>\n<\/div>\n\n\n  <\/div>\n<\/div>\n\n\n<div class=\"yoast-breadcrumbs\"><span><span><a href=\"https:\/\/www.maxicours.com\">myMaxicours<\/a><\/span> \u00a0\u00a0&gt;\u00a0\u00a0 <span><a href=\"https:\/\/www.maxicours.com\/se\/lycee\/\">Lyc\u00e9e<\/a><\/span> \u00a0\u00a0&gt;\u00a0\u00a0 <span><a href=\"https:\/\/www.maxicours.com\/se\/seconde\/\">Seconde<\/a><\/span> \u00a0\u00a0&gt;\u00a0\u00a0 <span><a href=\"https:\/\/www.maxicours.com\/se\/seconde\/maths\/\">Math\u00e9matiques<\/a><\/span> \u00a0\u00a0&gt;\u00a0\u00a0 <span class=\"breadcrumb_last\" aria-current=\"page\"><strong>Probabilit\u00e9s et statistiques<\/strong><\/span><\/span><\/div>\n\n\n<div class=\"wp-block-columns is-layout-flex wp-container-core-columns-is-layout-a6102257 wp-block-columns-is-layout-flex\" style=\"padding-top:var(--wp--preset--spacing--60);padding-right:0;padding-bottom:0;padding-left:0\">\n<div class=\"wp-block-column is-layout-flow wp-block-column-is-layout-flow\">\n<p>Votre enfant est en classe de seconde et vous souhaitez l&rsquo;accompagner en Math\u00e9matiques ? myMaxicours propose des cours et des exercices interactifs en ligne pour tout savoir sur le chapitre \u00ab\u00a0Probabilit\u00e9s et Statistiques\u00a0\u00bb.<\/p>\n\n\n\n<div class=\"wp-block-columns is-layout-flex wp-container-core-columns-is-layout-28f84493 wp-block-columns-is-layout-flex\">\n<div class=\"wp-block-column is-vertically-aligned-center is-layout-flow wp-block-column-is-layout-flow\" style=\"flex-basis:70%\">\n<h2 class=\"wp-block-heading\">Exemples de fiches de cours :<\/h2>\n<\/div>\n\n\n\n<div class=\"wp-block-column is-vertically-aligned-center is-layout-flow wp-block-column-is-layout-flow\">\n<figure class=\"wp-block-image aligncenter size-full is-resized\"><img loading=\"lazy\" decoding=\"async\" src=\"https:\/\/www.maxicours.com\/se\/wp-content\/uploads\/2023\/06\/icon-program-valid.png\" alt=\"\" class=\"wp-image-24274\" width=\"149\" height=\"52\"\/><\/figure>\n<\/div>\n<\/div>\n\n\n\n<p>En Probabilit\u00e9s et Statistiques, myMaxicours propose des ressources vari\u00e9es : cours, exercices, vid\u00e9os, r\u00e9visions.<\/p>\n\n\n\n<p><strong><u>Contenus de la partie :&nbsp;<\/u><\/strong><\/p>\n\n\n<div class=\" pt-12\">\n  <div class=\"rounded-20 relative flex advanced-card flex-wrap \" style=\"background-color:#f4efff\">\n          <div class=\"absolute transform  top-0 -translate-y-1\/2 w-full\">\n        <div class=\"bg-teal text-center px-4 py-2 rounded-15 font-bold max-w-[80%] inline-block\"\n             aria-level=\"3\">\n          INFORMATION CHIFFREE\n        <\/div>\n      <\/div>\n        <div class=\"px-8 pb-8 pt-12 w-full \">\n      \n\n<ul class=\"wp-block-list\">\n<li>Proportions et pourcentages<\/li>\n\n\n\n<li>Pourcentages d&rsquo;\u00e9volution<\/li>\n\n\n\n<li>\u00c9volutions successives et \u00e9volutions r\u00e9ciproques<\/li>\n<\/ul>\n\n\n    <\/div>\n      <\/div>\n<\/div>\n\n\n<div class=\" pt-12\">\n  <div class=\"rounded-20 relative flex advanced-card flex-wrap \" style=\"background-color:#f4efff\">\n          <div class=\"absolute transform  top-0 -translate-y-1\/2 w-full\">\n        <div class=\"bg-teal text-center px-4 py-2 rounded-15 font-bold max-w-[80%] inline-block\"\n             aria-level=\"3\">\n          STATISTIQUES\n        <\/div>\n      <\/div>\n        <div class=\"px-8 pb-8 pt-12 w-full \">\n      \n\n<ul class=\"wp-block-list\">\n<li>Moyenne pond\u00e9r\u00e9e<\/li>\n\n\n\n<li>\u00c9cart-type<\/li>\n\n\n\n<li>M\u00e9diane et quartiles<\/li>\n<\/ul>\n\n\n    <\/div>\n      <\/div>\n<\/div>\n\n\n<div class=\" pt-12\">\n  <div class=\"rounded-20 relative flex advanced-card flex-wrap \" style=\"background-color:#f4efff\">\n          <div class=\"absolute transform  top-0 -translate-y-1\/2 w-full\">\n        <div class=\"bg-teal text-center px-4 py-2 rounded-15 font-bold max-w-[80%] inline-block\"\n             aria-level=\"3\">\n          PROBABILITES\n        <\/div>\n      <\/div>\n        <div class=\"px-8 pb-8 pt-12 w-full \">\n      \n\n<ul class=\"wp-block-list\">\n<li>\u00c9chantillon et simulation<\/li>\n\n\n\n<li>Notion de probabilit\u00e9<\/li>\n\n\n\n<li>Calculer une probabilit\u00e9<\/li>\n\n\n\n<li>Op\u00e9rations et \u00e9v\u00e9nements<\/li>\n<\/ul>\n\n\n    <\/div>\n      <\/div>\n<\/div>\n\n\n\n<h2 class=\"wp-block-heading\"><strong>Objectifs p\u00e9dagogiques :&nbsp;<\/strong><\/h2>\n\n\n\n<p>A travers des fiches de cours, des vid\u00e9os explicatives et des exercices d&rsquo;entra\u00eenement, on traite du lien entre \u00e9volution et pourcentage, ainsi que du calcul de la moyenne, de l&rsquo;\u00e9cart type, de la m\u00e9diane et des quartiles d&rsquo;une s\u00e9rie statistiques. Enfin on traite des exp\u00e9riences al\u00e9atoires et des calculs de probabilit\u00e9s qui en d\u00e9coulent en math\u00e9matiques.<\/p>\n\n\n\n<h2 class=\"wp-block-heading\">Les autres chapitres en Maths 2de : <\/h2>\n\n\n\n<div class=\"wp-block-buttons is-layout-flex wp-block-buttons-is-layout-flex\">\n<div class=\"wp-block-button has-custom-width wp-block-button__width-100\"><a class=\"wp-block-button__link has-text-align-left wp-element-button\" href=\"https:\/\/www.capeezy.fr\/lycee\/2nde\/mathematiques-fonctions\">fonctions<\/a><\/div>\n\n\n\n<div class=\"wp-block-button has-custom-width wp-block-button__width-100\"><a class=\"wp-block-button__link has-text-align-left wp-element-button\" href=\"https:\/\/www.capeezy.fr\/lycee\/2nde\/mathematiques-geometrie\">g\u00e9om\u00e9trie<\/a><\/div>\n\n\n\n<div class=\"wp-block-button has-custom-width wp-block-button__width-100\"><a class=\"wp-block-button__link has-text-align-left wp-element-button\" href=\"https:\/\/www.capeezy.fr\/lycee\/2nde\/mathematiques-algorithmique-et-programmation\">Algorithmique et programmation<\/a><\/div>\n\n\n\n<div class=\"wp-block-button has-custom-width wp-block-button__width-100\"><a class=\"wp-block-button__link has-text-align-left wp-element-button\" href=\"https:\/\/www.capeezy.fr\/lycee\/2nde\/mathematiques-nombres-et-calculs\">nombres et calculs<\/a><\/div>\n<\/div>\n\n\n\n<div style=\"height:20px\" aria-hidden=\"true\" class=\"wp-block-spacer\"><\/div>\n<\/div>\n<\/div>\n","protected":false},"excerpt":{"rendered":"<p>Votre enfant est en classe de seconde et vous souhaitez l&rsquo;accompagner en Math\u00e9matiques ? myMaxicours propose des cours et des exercices interactifs en ligne pour tout savoir sur le chapitre \u00ab\u00a0Probabilit\u00e9s et Statistiques\u00a0\u00bb. Exemples de fiches de cours : En Probabilit\u00e9s et Statistiques, myMaxicours propose des ressources vari\u00e9es : cours, exercices, vid\u00e9os, r\u00e9visions. Contenus de&#8230;<\/p>\n","protected":false},"author":21,"featured_media":527,"parent":487,"menu_order":0,"comment_status":"closed","ping_status":"closed","template":"","meta":{"_acf_changed":false,"inline_featured_image":false,"footnotes":""},"page_type":[150],"class_list":["post-26154","page","type-page","status-publish","has-post-thumbnail","hentry","page_type-fille-de-cursus"],"acf":[],"yoast_head":"<!-- This site is optimized with the Yoast SEO plugin v27.2 - https:\/\/yoast.com\/product\/yoast-seo-wordpress\/ -->\n<title>Maths 2de : Probabilit\u00e9s et statistiques - myMaxicours - Lyc\u00e9e<\/title>\n<meta name=\"robots\" content=\"index, follow, max-snippet:-1, max-image-preview:large, max-video-preview:-1\" \/>\n<link rel=\"canonical\" href=\"https:\/\/www.maxicours.com\/se\/lycee\/seconde\/mathematiques\/probabilites-et-statistiques\/\" \/>\n<meta property=\"og:locale\" content=\"fr_FR\" \/>\n<meta property=\"og:type\" content=\"article\" \/>\n<meta property=\"og:title\" content=\"Maths 2de : Probabilit\u00e9s et statistiques - myMaxicours - Lyc\u00e9e\" \/>\n<meta property=\"og:description\" content=\"Votre enfant est en classe de seconde et vous souhaitez l&rsquo;accompagner en Math\u00e9matiques ? myMaxicours propose des cours et des exercices interactifs en ligne pour tout savoir sur le chapitre \u00ab\u00a0Probabilit\u00e9s et Statistiques\u00a0\u00bb. Exemples de fiches de cours : En Probabilit\u00e9s et Statistiques, myMaxicours propose des ressources vari\u00e9es : cours, exercices, vid\u00e9os, r\u00e9visions. Contenus de...\" \/>\n<meta property=\"og:url\" content=\"https:\/\/www.maxicours.com\/se\/lycee\/seconde\/mathematiques\/probabilites-et-statistiques\/\" \/>\n<meta property=\"og:site_name\" content=\"myMaxicours\" \/>\n<meta property=\"article:publisher\" content=\"https:\/\/www.facebook.com\/MarionDeMaxicours\/\" \/>\n<meta property=\"article:modified_time\" content=\"2025-08-05T09:23:25+00:00\" \/>\n<meta property=\"og:image\" content=\"https:\/\/www.maxicours.com\/se\/wp-content\/uploads\/2019\/07\/Franc\u0327ais_03@2x-e1663057015500.png\" \/>\n\t<meta property=\"og:image:width\" content=\"200\" \/>\n\t<meta property=\"og:image:height\" content=\"200\" \/>\n\t<meta property=\"og:image:type\" content=\"image\/png\" \/>\n<meta name=\"twitter:card\" content=\"summary_large_image\" \/>\n<meta name=\"twitter:label1\" content=\"Dur\u00e9e de lecture estim\u00e9e\" \/>\n\t<meta name=\"twitter:data1\" content=\"2 minutes\" \/>\n<script type=\"application\/ld+json\" class=\"yoast-schema-graph\">{\"@context\":\"https:\/\/schema.org\",\"@graph\":[{\"@type\":\"WebPage\",\"@id\":\"https:\/\/www.maxicours.com\/se\/lycee\/seconde\/mathematiques\/probabilites-et-statistiques\/\",\"url\":\"https:\/\/www.maxicours.com\/se\/lycee\/seconde\/mathematiques\/probabilites-et-statistiques\/\",\"name\":\"Maths 2de : Probabilit\u00e9s et statistiques - myMaxicours - Lyc\u00e9e\",\"isPartOf\":{\"@id\":\"https:\/\/www.maxicours.com\/se\/#website\"},\"primaryImageOfPage\":{\"@id\":\"https:\/\/www.maxicours.com\/se\/lycee\/seconde\/mathematiques\/probabilites-et-statistiques\/#primaryimage\"},\"image\":{\"@id\":\"https:\/\/www.maxicours.com\/se\/lycee\/seconde\/mathematiques\/probabilites-et-statistiques\/#primaryimage\"},\"thumbnailUrl\":\"https:\/\/www.maxicours.com\/se\/wp-content\/uploads\/2019\/07\/Franc\u0327ais_03@2x-e1663057015500.png\",\"datePublished\":\"2023-07-18T12:37:07+00:00\",\"dateModified\":\"2025-08-05T09:23:25+00:00\",\"breadcrumb\":{\"@id\":\"https:\/\/www.maxicours.com\/se\/lycee\/seconde\/mathematiques\/probabilites-et-statistiques\/#breadcrumb\"},\"inLanguage\":\"fr-FR\",\"potentialAction\":[{\"@type\":\"ReadAction\",\"target\":[\"https:\/\/www.maxicours.com\/se\/lycee\/seconde\/mathematiques\/probabilites-et-statistiques\/\"]}]},{\"@type\":\"ImageObject\",\"inLanguage\":\"fr-FR\",\"@id\":\"https:\/\/www.maxicours.com\/se\/lycee\/seconde\/mathematiques\/probabilites-et-statistiques\/#primaryimage\",\"url\":\"https:\/\/www.maxicours.com\/se\/wp-content\/uploads\/2019\/07\/Franc\u0327ais_03@2x-e1663057015500.png\",\"contentUrl\":\"https:\/\/www.maxicours.com\/se\/wp-content\/uploads\/2019\/07\/Franc\u0327ais_03@2x-e1663057015500.png\",\"width\":200,\"height\":200},{\"@type\":\"BreadcrumbList\",\"@id\":\"https:\/\/www.maxicours.com\/se\/lycee\/seconde\/mathematiques\/probabilites-et-statistiques\/#breadcrumb\",\"itemListElement\":[{\"@type\":\"ListItem\",\"position\":1,\"name\":\"myMaxicours\",\"item\":\"https:\/\/www.maxicours.com\"},{\"@type\":\"ListItem\",\"position\":2,\"name\":\"Lyc\u00e9e\",\"item\":\"https:\/\/www.maxicours.com\/se\/lycee\/\"},{\"@type\":\"ListItem\",\"position\":3,\"name\":\"Seconde\",\"item\":\"https:\/\/www.maxicours.com\/se\/seconde\/\"},{\"@type\":\"ListItem\",\"position\":4,\"name\":\"Math\u00e9matiques\",\"item\":\"https:\/\/www.maxicours.com\/se\/seconde\/maths\/\"},{\"@type\":\"ListItem\",\"position\":5,\"name\":\"Probabilit\u00e9s et statistiques\"}]},{\"@type\":\"WebSite\",\"@id\":\"https:\/\/www.maxicours.com\/se\/#website\",\"url\":\"https:\/\/www.maxicours.com\/se\/\",\"name\":\"myMaxicours\",\"description\":\"La r\u00e9ussite scolaire pour tous !\",\"publisher\":{\"@id\":\"https:\/\/www.maxicours.com\/se\/#organization\"},\"potentialAction\":[{\"@type\":\"SearchAction\",\"target\":{\"@type\":\"EntryPoint\",\"urlTemplate\":\"https:\/\/www.maxicours.com\/se\/?s={search_term_string}\"},\"query-input\":{\"@type\":\"PropertyValueSpecification\",\"valueRequired\":true,\"valueName\":\"search_term_string\"}}],\"inLanguage\":\"fr-FR\"},{\"@type\":\"Organization\",\"@id\":\"https:\/\/www.maxicours.com\/se\/#organization\",\"name\":\"myMaxicours\",\"url\":\"https:\/\/www.maxicours.com\/se\/\",\"logo\":{\"@type\":\"ImageObject\",\"inLanguage\":\"fr-FR\",\"@id\":\"https:\/\/www.maxicours.com\/se\/#\/schema\/logo\/image\/\",\"url\":\"https:\/\/www.maxicours.com\/se\/wp-content\/uploads\/2023\/08\/output-onlinepngtools-1.png\",\"contentUrl\":\"https:\/\/www.maxicours.com\/se\/wp-content\/uploads\/2023\/08\/output-onlinepngtools-1.png\",\"width\":1263,\"height\":183,\"caption\":\"myMaxicours\"},\"image\":{\"@id\":\"https:\/\/www.maxicours.com\/se\/#\/schema\/logo\/image\/\"},\"sameAs\":[\"https:\/\/www.facebook.com\/MarionDeMaxicours\/\",\"https:\/\/www.youtube.com\/channel\/UC1BodbREPO7tXJ0UVGkKmGw\"]}]}<\/script>\n<!-- \/ Yoast SEO plugin. -->","yoast_head_json":{"title":"Maths 2de : Probabilit\u00e9s et statistiques - myMaxicours - Lyc\u00e9e","robots":{"index":"index","follow":"follow","max-snippet":"max-snippet:-1","max-image-preview":"max-image-preview:large","max-video-preview":"max-video-preview:-1"},"canonical":"https:\/\/www.maxicours.com\/se\/lycee\/seconde\/mathematiques\/probabilites-et-statistiques\/","og_locale":"fr_FR","og_type":"article","og_title":"Maths 2de : Probabilit\u00e9s et statistiques - myMaxicours - Lyc\u00e9e","og_description":"Votre enfant est en classe de seconde et vous souhaitez l&rsquo;accompagner en Math\u00e9matiques ? myMaxicours propose des cours et des exercices interactifs en ligne pour tout savoir sur le chapitre \u00ab\u00a0Probabilit\u00e9s et Statistiques\u00a0\u00bb. Exemples de fiches de cours : En Probabilit\u00e9s et Statistiques, myMaxicours propose des ressources vari\u00e9es : cours, exercices, vid\u00e9os, r\u00e9visions. Contenus de...","og_url":"https:\/\/www.maxicours.com\/se\/lycee\/seconde\/mathematiques\/probabilites-et-statistiques\/","og_site_name":"myMaxicours","article_publisher":"https:\/\/www.facebook.com\/MarionDeMaxicours\/","article_modified_time":"2025-08-05T09:23:25+00:00","og_image":[{"width":200,"height":200,"url":"https:\/\/www.maxicours.com\/se\/wp-content\/uploads\/2019\/07\/Franc\u0327ais_03@2x-e1663057015500.png","type":"image\/png"}],"twitter_card":"summary_large_image","twitter_misc":{"Dur\u00e9e de lecture estim\u00e9e":"2 minutes"},"schema":{"@context":"https:\/\/schema.org","@graph":[{"@type":"WebPage","@id":"https:\/\/www.maxicours.com\/se\/lycee\/seconde\/mathematiques\/probabilites-et-statistiques\/","url":"https:\/\/www.maxicours.com\/se\/lycee\/seconde\/mathematiques\/probabilites-et-statistiques\/","name":"Maths 2de : Probabilit\u00e9s et statistiques - myMaxicours - Lyc\u00e9e","isPartOf":{"@id":"https:\/\/www.maxicours.com\/se\/#website"},"primaryImageOfPage":{"@id":"https:\/\/www.maxicours.com\/se\/lycee\/seconde\/mathematiques\/probabilites-et-statistiques\/#primaryimage"},"image":{"@id":"https:\/\/www.maxicours.com\/se\/lycee\/seconde\/mathematiques\/probabilites-et-statistiques\/#primaryimage"},"thumbnailUrl":"https:\/\/www.maxicours.com\/se\/wp-content\/uploads\/2019\/07\/Franc\u0327ais_03@2x-e1663057015500.png","datePublished":"2023-07-18T12:37:07+00:00","dateModified":"2025-08-05T09:23:25+00:00","breadcrumb":{"@id":"https:\/\/www.maxicours.com\/se\/lycee\/seconde\/mathematiques\/probabilites-et-statistiques\/#breadcrumb"},"inLanguage":"fr-FR","potentialAction":[{"@type":"ReadAction","target":["https:\/\/www.maxicours.com\/se\/lycee\/seconde\/mathematiques\/probabilites-et-statistiques\/"]}]},{"@type":"ImageObject","inLanguage":"fr-FR","@id":"https:\/\/www.maxicours.com\/se\/lycee\/seconde\/mathematiques\/probabilites-et-statistiques\/#primaryimage","url":"https:\/\/www.maxicours.com\/se\/wp-content\/uploads\/2019\/07\/Franc\u0327ais_03@2x-e1663057015500.png","contentUrl":"https:\/\/www.maxicours.com\/se\/wp-content\/uploads\/2019\/07\/Franc\u0327ais_03@2x-e1663057015500.png","width":200,"height":200},{"@type":"BreadcrumbList","@id":"https:\/\/www.maxicours.com\/se\/lycee\/seconde\/mathematiques\/probabilites-et-statistiques\/#breadcrumb","itemListElement":[{"@type":"ListItem","position":1,"name":"myMaxicours","item":"https:\/\/www.maxicours.com"},{"@type":"ListItem","position":2,"name":"Lyc\u00e9e","item":"https:\/\/www.maxicours.com\/se\/lycee\/"},{"@type":"ListItem","position":3,"name":"Seconde","item":"https:\/\/www.maxicours.com\/se\/seconde\/"},{"@type":"ListItem","position":4,"name":"Math\u00e9matiques","item":"https:\/\/www.maxicours.com\/se\/seconde\/maths\/"},{"@type":"ListItem","position":5,"name":"Probabilit\u00e9s et statistiques"}]},{"@type":"WebSite","@id":"https:\/\/www.maxicours.com\/se\/#website","url":"https:\/\/www.maxicours.com\/se\/","name":"myMaxicours","description":"La r\u00e9ussite scolaire pour tous !","publisher":{"@id":"https:\/\/www.maxicours.com\/se\/#organization"},"potentialAction":[{"@type":"SearchAction","target":{"@type":"EntryPoint","urlTemplate":"https:\/\/www.maxicours.com\/se\/?s={search_term_string}"},"query-input":{"@type":"PropertyValueSpecification","valueRequired":true,"valueName":"search_term_string"}}],"inLanguage":"fr-FR"},{"@type":"Organization","@id":"https:\/\/www.maxicours.com\/se\/#organization","name":"myMaxicours","url":"https:\/\/www.maxicours.com\/se\/","logo":{"@type":"ImageObject","inLanguage":"fr-FR","@id":"https:\/\/www.maxicours.com\/se\/#\/schema\/logo\/image\/","url":"https:\/\/www.maxicours.com\/se\/wp-content\/uploads\/2023\/08\/output-onlinepngtools-1.png","contentUrl":"https:\/\/www.maxicours.com\/se\/wp-content\/uploads\/2023\/08\/output-onlinepngtools-1.png","width":1263,"height":183,"caption":"myMaxicours"},"image":{"@id":"https:\/\/www.maxicours.com\/se\/#\/schema\/logo\/image\/"},"sameAs":["https:\/\/www.facebook.com\/MarionDeMaxicours\/","https:\/\/www.youtube.com\/channel\/UC1BodbREPO7tXJ0UVGkKmGw"]}]}},"_links":{"self":[{"href":"https:\/\/www.maxicours.com\/se\/wp-json\/wp\/v2\/pages\/26154","targetHints":{"allow":["GET"]}}],"collection":[{"href":"https:\/\/www.maxicours.com\/se\/wp-json\/wp\/v2\/pages"}],"about":[{"href":"https:\/\/www.maxicours.com\/se\/wp-json\/wp\/v2\/types\/page"}],"author":[{"embeddable":true,"href":"https:\/\/www.maxicours.com\/se\/wp-json\/wp\/v2\/users\/21"}],"replies":[{"embeddable":true,"href":"https:\/\/www.maxicours.com\/se\/wp-json\/wp\/v2\/comments?post=26154"}],"version-history":[{"count":3,"href":"https:\/\/www.maxicours.com\/se\/wp-json\/wp\/v2\/pages\/26154\/revisions"}],"predecessor-version":[{"id":34168,"href":"https:\/\/www.maxicours.com\/se\/wp-json\/wp\/v2\/pages\/26154\/revisions\/34168"}],"up":[{"embeddable":true,"href":"https:\/\/www.maxicours.com\/se\/wp-json\/wp\/v2\/pages\/487"}],"wp:featuredmedia":[{"embeddable":true,"href":"https:\/\/www.maxicours.com\/se\/wp-json\/wp\/v2\/media\/527"}],"wp:attachment":[{"href":"https:\/\/www.maxicours.com\/se\/wp-json\/wp\/v2\/media?parent=26154"}],"wp:term":[{"taxonomy":"page_type","embeddable":true,"href":"https:\/\/www.maxicours.com\/se\/wp-json\/wp\/v2\/page_type?post=26154"}],"curies":[{"name":"wp","href":"https:\/\/api.w.org\/{rel}","templated":true}]}}