{"id":26130,"date":"2023-07-18T13:54:08","date_gmt":"2023-07-18T11:54:08","guid":{"rendered":"https:\/\/www.maxicours.com\/se\/?page_id=26130"},"modified":"2025-08-05T11:24:17","modified_gmt":"2025-08-05T09:24:17","slug":"methodes","status":"publish","type":"page","link":"https:\/\/www.maxicours.com\/se\/lycee\/premiere\/francais\/methodes\/","title":{"rendered":"M\u00e9thodes"},"content":{"rendered":"<div class=\"relative\">\n  <div class=\"absolute top-0 left-1\/2 w-screen transform -translate-x-1\/2 h-full bg-cover bg-bottom  bg-no-repeat\"\n       style=\"background-image:url(https:\/\/www.maxicours.com\/se\/wp-content\/uploads\/2023\/06\/MotifBGArrondiePetitTurquoise.png);background-color:\"><\/div>\n  <div class=\"relative\">\n    \n\n<div class=\"wp-block-columns are-vertically-aligned-center is-layout-flex wp-container-core-columns-is-layout-65e6f041 wp-block-columns-is-layout-flex\" style=\"padding-top:var(--wp--preset--spacing--20)\">\n<div class=\"wp-block-column is-vertically-aligned-center is-layout-flow wp-block-column-is-layout-flow\" style=\"padding-top:0;padding-right:0;padding-bottom:0;padding-left:0;flex-basis:55%\">\n<h1 class=\"wp-block-heading has-blue-color has-text-color\"><em>Fran\u00e7ais 1re :<\/em><br>M\u00e9thodes<\/h1>\n<\/div>\n\n\n\n<div class=\"wp-block-column is-vertically-aligned-center is-layout-flow wp-block-column-is-layout-flow\" style=\"padding-top:0\">\n<figure class=\"wp-block-image aligncenter size-full is-resized\"><img decoding=\"async\" src=\"https:\/\/www.maxicours.com\/se\/wp-content\/uploads\/2023\/06\/Francais@2x-1.png\" alt=\"\" class=\"wp-image-23760\" height=\"361\" srcset=\"https:\/\/www.maxicours.com\/se\/wp-content\/uploads\/2023\/06\/Francais@2x-1.png 815w, https:\/\/www.maxicours.com\/se\/wp-content\/uploads\/2023\/06\/Francais@2x-1-300x190.png 300w, https:\/\/www.maxicours.com\/se\/wp-content\/uploads\/2023\/06\/Francais@2x-1-768x486.png 768w\" sizes=\"(max-width: 815px) 100vw, 815px\" \/><\/figure>\n<\/div>\n<\/div>\n\n\n  <\/div>\n<\/div>\n\n\n<div class=\"yoast-breadcrumbs\"><span><span><a href=\"https:\/\/www.maxicours.com\">myMaxicours<\/a><\/span> \u00a0\u00a0&gt;\u00a0\u00a0 <span><a href=\"https:\/\/www.maxicours.com\/se\/lycee\/\">Lyc\u00e9e<\/a><\/span> \u00a0\u00a0&gt;\u00a0\u00a0 <span><a href=\"https:\/\/www.maxicours.com\/se\/premiere\/\">Premi\u00e8re<\/a><\/span> \u00a0\u00a0&gt;\u00a0\u00a0 <span><a href=\"https:\/\/www.maxicours.com\/se\/premiere\/francais\/\">Fran\u00e7ais<\/a><\/span> \u00a0\u00a0&gt;\u00a0\u00a0 <span class=\"breadcrumb_last\" aria-current=\"page\"><strong>M\u00e9thodes<\/strong><\/span><\/span><\/div>\n\n\n<div class=\"wp-block-columns is-layout-flex wp-container-core-columns-is-layout-a6102257 wp-block-columns-is-layout-flex\" style=\"padding-top:var(--wp--preset--spacing--60);padding-right:0;padding-bottom:0;padding-left:0\">\n<div class=\"wp-block-column is-layout-flow wp-block-column-is-layout-flow\">\n<p>Votre enfant est en 1re et vous souhaitez l&rsquo;accompagner en Fran\u00e7ais ?<\/p>\n\n\n\n<div class=\"wp-block-columns is-layout-flex wp-container-core-columns-is-layout-28f84493 wp-block-columns-is-layout-flex\">\n<div class=\"wp-block-column is-vertically-aligned-center is-layout-flow wp-block-column-is-layout-flow\" style=\"flex-basis:70%\">\n<h2 class=\"wp-block-heading\">Exemples de fiches de cours :<\/h2>\n<\/div>\n\n\n\n<div class=\"wp-block-column is-vertically-aligned-center is-layout-flow wp-block-column-is-layout-flow\">\n<figure class=\"wp-block-image aligncenter size-full is-resized\"><img loading=\"lazy\" decoding=\"async\" src=\"https:\/\/www.maxicours.com\/se\/wp-content\/uploads\/2023\/06\/icon-program-valid.png\" alt=\"\" class=\"wp-image-24274\" width=\"149\" height=\"52\"\/><\/figure>\n<\/div>\n<\/div>\n\n\n\n<p>Sur les m\u00e9thodes, myMaxicours propose des ressources vari\u00e9es : cours, exercices, vid\u00e9os, r\u00e9visions pour le Bac.<\/p>\n\n\n\n<p><strong><u>Contenus de la partie :&nbsp;<\/u><\/strong><\/p>\n\n\n<div class=\" pt-12\">\n  <div class=\"rounded-20 relative flex advanced-card flex-wrap \" style=\"background-color:#f4efff\">\n          <div class=\"absolute transform  top-0 -translate-y-1\/2 w-full\">\n        <div class=\"bg-teal text-center px-4 py-2 rounded-15 font-bold max-w-[80%] inline-block\"\n             aria-level=\"3\">\n          ETUDIER UN TEXTE LITTERAIRE\n        <\/div>\n      <\/div>\n        <div class=\"px-8 pb-8 pt-12 w-full \">\n      \n\n<ul class=\"wp-block-list\">\n<li>Contextualiser la lecture des textes<\/li>\n\n\n\n<li>\u00c9tudier les registres d&rsquo;un texte<\/li>\n<\/ul>\n\n\n    <\/div>\n      <\/div>\n<\/div>\n\n\n<div class=\" pt-12\">\n  <div class=\"rounded-20 relative flex advanced-card flex-wrap \" style=\"background-color:#f4efff\">\n          <div class=\"absolute transform  top-0 -translate-y-1\/2 w-full\">\n        <div class=\"bg-teal text-center px-4 py-2 rounded-15 font-bold max-w-[80%] inline-block\"\n             aria-level=\"3\">\n          ETUDIER UN POEME\n        <\/div>\n      <\/div>\n        <div class=\"px-8 pb-8 pt-12 w-full \">\n      \n\n<ul class=\"wp-block-list\">\n<li>Analyser et interpr\u00e9ter une m\u00e9taphore dans un po\u00e8me<\/li>\n\n\n\n<li>\u00c9tudier le registre lyrique d&rsquo;un po\u00e8me<\/li>\n\n\n\n<li>\u00c9tudier et identifier les formes po\u00e9tiques<\/li>\n\n\n\n<li>Comment analyser un sonnet ?<\/li>\n\n\n\n<li>Analyser un po\u00e8me moderne<\/li>\n<\/ul>\n\n\n    <\/div>\n      <\/div>\n<\/div>\n\n\n<div class=\" pt-12\">\n  <div class=\"rounded-20 relative flex advanced-card flex-wrap \" style=\"background-color:#f4efff\">\n          <div class=\"absolute transform  top-0 -translate-y-1\/2 w-full\">\n        <div class=\"bg-teal text-center px-4 py-2 rounded-15 font-bold max-w-[80%] inline-block\"\n             aria-level=\"3\">\n          ETUDIER UN TEXTE THEATRAL\n        <\/div>\n      <\/div>\n        <div class=\"px-8 pb-8 pt-12 w-full \">\n      \n\n<ul class=\"wp-block-list\">\n<li>Analyser un monologue<\/li>\n\n\n\n<li>\u00c9tudier une sc\u00e8ne de th\u00e9\u00e2tre<\/li>\n\n\n\n<li>Analyser le r\u00f4le des didascalies<\/li>\n<\/ul>\n\n\n    <\/div>\n      <\/div>\n<\/div>\n\n\n<div class=\" pt-12\">\n  <div class=\"rounded-20 relative flex advanced-card flex-wrap \" style=\"background-color:#f4efff\">\n          <div class=\"absolute transform  top-0 -translate-y-1\/2 w-full\">\n        <div class=\"bg-teal text-center px-4 py-2 rounded-15 font-bold max-w-[80%] inline-block\"\n             aria-level=\"3\">\n          ETUDIER UN RECIT\n        <\/div>\n      <\/div>\n        <div class=\"px-8 pb-8 pt-12 w-full \">\n      \n\n<ul class=\"wp-block-list\">\n<li>\u00c9tudier un incipit de roman<\/li>\n\n\n\n<li>\u00c9tudier un personnage de roman<\/li>\n\n\n\n<li>\u00c9tudier la fin d&rsquo;un r\u00e9cit<\/li>\n<\/ul>\n\n\n    <\/div>\n      <\/div>\n<\/div>\n\n\n<div class=\" pt-12\">\n  <div class=\"rounded-20 relative flex advanced-card flex-wrap \" style=\"background-color:#f4efff\">\n          <div class=\"absolute transform  top-0 -translate-y-1\/2 w-full\">\n        <div class=\"bg-teal text-center px-4 py-2 rounded-15 font-bold max-w-[80%] inline-block\"\n             aria-level=\"3\">\n          ETUDIER UN TEXTE ARGUMENTATIF\n        <\/div>\n      <\/div>\n        <div class=\"px-8 pb-8 pt-12 w-full \">\n      \n\n<ul class=\"wp-block-list\">\n<li>D\u00e9terminer le th\u00e8me et la th\u00e8se d&rsquo;un texte argumentatif<\/li>\n\n\n\n<li>\u00c9tudier les liens logiques entre les arguments<\/li>\n<\/ul>\n\n\n    <\/div>\n      <\/div>\n<\/div>\n\n\n<div class=\" pt-12\">\n  <div class=\"rounded-20 relative flex advanced-card flex-wrap \" style=\"background-color:#f4efff\">\n          <div class=\"absolute transform  top-0 -translate-y-1\/2 w-full\">\n        <div class=\"bg-teal text-center px-4 py-2 rounded-15 font-bold max-w-[80%] inline-block\"\n             aria-level=\"3\">\n          ETUDIER UN CORPUS\n        <\/div>\n      <\/div>\n        <div class=\"px-8 pb-8 pt-12 w-full \">\n      \n\n<ul class=\"wp-block-list\">\n<li>Mettre en lien les textes<\/li>\n\n\n\n<li>R\u00e9pondre aux questions pos\u00e9es sur un corpus<\/li>\n<\/ul>\n\n\n    <\/div>\n      <\/div>\n<\/div>\n\n\n<div class=\" pt-12\">\n  <div class=\"rounded-20 relative flex advanced-card flex-wrap \" style=\"background-color:#f4efff\">\n          <div class=\"absolute transform  top-0 -translate-y-1\/2 w-full\">\n        <div class=\"bg-teal text-center px-4 py-2 rounded-15 font-bold max-w-[80%] inline-block\"\n             aria-level=\"3\">\n          CREER SES OUTILS DE REVISION\n        <\/div>\n      <\/div>\n        <div class=\"px-8 pb-8 pt-12 w-full \">\n      \n\n<ul class=\"wp-block-list\">\n<li>\u00c9laborer une fiche de lecture<\/li>\n<\/ul>\n\n\n    <\/div>\n      <\/div>\n<\/div>\n\n\n\n<h2 class=\"wp-block-heading\">Les autres chapitres en Fran\u00e7ais 1re : <\/h2>\n\n\n\n<div class=\"wp-block-buttons is-layout-flex wp-block-buttons-is-layout-flex\">\n<div class=\"wp-block-button has-custom-width wp-block-button__width-100\"><a class=\"wp-block-button__link has-text-align-left wp-element-button\" href=\"https:\/\/www.capeezy.fr\/lycee\/1ere-generale\/francais\/mouvements-litteraires-et-culturels-a-travers-les-genres\">Mouvements litt\u00e9raires et culturels \u00e0 travers les genres<\/a><\/div>\n\n\n\n<div class=\"wp-block-button has-custom-width wp-block-button__width-100\"><a class=\"wp-block-button__link has-text-align-left wp-element-button\" href=\"https:\/\/www.capeezy.fr\/lycee\/1ere-generale\/francais\/les-objets-d-etudes\">Les objets d&rsquo;\u00e9tudes<\/a><\/div>\n\n\n\n<div class=\"wp-block-button has-custom-width wp-block-button__width-100\"><a class=\"wp-block-button__link has-text-align-left wp-element-button\" href=\"https:\/\/www.capeezy.fr\/lycee\/1ere-generale\/francais\/les-outils-d-analyse-langue-et-discours\">Les outils d&rsquo;analyse : langue et discours<\/a><\/div>\n\n\n\n<div class=\"wp-block-button has-custom-width wp-block-button__width-100\"><a class=\"wp-block-button__link has-text-align-left wp-element-button\" href=\"https:\/\/www.capeezy.fr\/lycee\/1ere-generale\/francais\/les-outils-d-analyse-effets-et-registres\">Les outils d&rsquo;analyse : effets et registres<\/a><\/div>\n\n\n\n<div class=\"wp-block-button has-custom-width wp-block-button__width-100\"><a class=\"wp-block-button__link has-text-align-left wp-element-button\" href=\"https:\/\/www.capeezy.fr\/lycee\/1ere-generale\/francais\/les-grands-genres-litteraires\">Les grands genres litt\u00e9raires<\/a><\/div>\n<\/div>\n\n\n\n<div style=\"height:20px\" aria-hidden=\"true\" class=\"wp-block-spacer\"><\/div>\n<\/div>\n<\/div>\n","protected":false},"excerpt":{"rendered":"<p>Votre enfant est en 1re et vous souhaitez l&rsquo;accompagner en Fran\u00e7ais ? Exemples de fiches de cours : Sur les m\u00e9thodes, myMaxicours propose des ressources vari\u00e9es : cours, exercices, vid\u00e9os, r\u00e9visions pour le Bac. Contenus de la partie :&nbsp; Les autres chapitres en Fran\u00e7ais 1re :<\/p>\n","protected":false},"author":21,"featured_media":527,"parent":716,"menu_order":0,"comment_status":"closed","ping_status":"closed","template":"","meta":{"_acf_changed":false,"inline_featured_image":false,"footnotes":""},"page_type":[150],"class_list":["post-26130","page","type-page","status-publish","has-post-thumbnail","hentry","page_type-fille-de-cursus"],"acf":[],"yoast_head":"<!-- This site is optimized with the Yoast SEO plugin v27.2 - https:\/\/yoast.com\/product\/yoast-seo-wordpress\/ -->\n<title>Fran\u00e7ais 1re : M\u00e9thodes - myMaxicours - Lyc\u00e9e<\/title>\n<meta name=\"robots\" content=\"index, follow, max-snippet:-1, max-image-preview:large, max-video-preview:-1\" \/>\n<link rel=\"canonical\" href=\"https:\/\/www.maxicours.com\/se\/lycee\/premiere\/francais\/methodes\/\" \/>\n<meta property=\"og:locale\" content=\"fr_FR\" \/>\n<meta property=\"og:type\" content=\"article\" \/>\n<meta property=\"og:title\" content=\"Fran\u00e7ais 1re : M\u00e9thodes - myMaxicours - Lyc\u00e9e\" \/>\n<meta property=\"og:description\" content=\"Votre enfant est en 1re et vous souhaitez l&rsquo;accompagner en Fran\u00e7ais ? Exemples de fiches de cours : Sur les m\u00e9thodes, myMaxicours propose des ressources vari\u00e9es : cours, exercices, vid\u00e9os, r\u00e9visions pour le Bac. Contenus de la partie :&nbsp; Les autres chapitres en Fran\u00e7ais 1re :\" \/>\n<meta property=\"og:url\" content=\"https:\/\/www.maxicours.com\/se\/lycee\/premiere\/francais\/methodes\/\" \/>\n<meta property=\"og:site_name\" content=\"myMaxicours\" \/>\n<meta property=\"article:publisher\" content=\"https:\/\/www.facebook.com\/MarionDeMaxicours\/\" \/>\n<meta property=\"article:modified_time\" content=\"2025-08-05T09:24:17+00:00\" \/>\n<meta property=\"og:image\" content=\"https:\/\/www.maxicours.com\/se\/wp-content\/uploads\/2019\/07\/Franc\u0327ais_03@2x-e1663057015500.png\" \/>\n\t<meta property=\"og:image:width\" content=\"200\" \/>\n\t<meta property=\"og:image:height\" content=\"200\" \/>\n\t<meta property=\"og:image:type\" content=\"image\/png\" \/>\n<meta name=\"twitter:card\" content=\"summary_large_image\" \/>\n<meta name=\"twitter:label1\" content=\"Dur\u00e9e de lecture estim\u00e9e\" \/>\n\t<meta name=\"twitter:data1\" content=\"2 minutes\" \/>\n<script type=\"application\/ld+json\" class=\"yoast-schema-graph\">{\"@context\":\"https:\/\/schema.org\",\"@graph\":[{\"@type\":\"WebPage\",\"@id\":\"https:\/\/www.maxicours.com\/se\/lycee\/premiere\/francais\/methodes\/\",\"url\":\"https:\/\/www.maxicours.com\/se\/lycee\/premiere\/francais\/methodes\/\",\"name\":\"Fran\u00e7ais 1re : M\u00e9thodes - myMaxicours - Lyc\u00e9e\",\"isPartOf\":{\"@id\":\"https:\/\/www.maxicours.com\/se\/#website\"},\"primaryImageOfPage\":{\"@id\":\"https:\/\/www.maxicours.com\/se\/lycee\/premiere\/francais\/methodes\/#primaryimage\"},\"image\":{\"@id\":\"https:\/\/www.maxicours.com\/se\/lycee\/premiere\/francais\/methodes\/#primaryimage\"},\"thumbnailUrl\":\"https:\/\/www.maxicours.com\/se\/wp-content\/uploads\/2019\/07\/Franc\u0327ais_03@2x-e1663057015500.png\",\"datePublished\":\"2023-07-18T11:54:08+00:00\",\"dateModified\":\"2025-08-05T09:24:17+00:00\",\"breadcrumb\":{\"@id\":\"https:\/\/www.maxicours.com\/se\/lycee\/premiere\/francais\/methodes\/#breadcrumb\"},\"inLanguage\":\"fr-FR\",\"potentialAction\":[{\"@type\":\"ReadAction\",\"target\":[\"https:\/\/www.maxicours.com\/se\/lycee\/premiere\/francais\/methodes\/\"]}]},{\"@type\":\"ImageObject\",\"inLanguage\":\"fr-FR\",\"@id\":\"https:\/\/www.maxicours.com\/se\/lycee\/premiere\/francais\/methodes\/#primaryimage\",\"url\":\"https:\/\/www.maxicours.com\/se\/wp-content\/uploads\/2019\/07\/Franc\u0327ais_03@2x-e1663057015500.png\",\"contentUrl\":\"https:\/\/www.maxicours.com\/se\/wp-content\/uploads\/2019\/07\/Franc\u0327ais_03@2x-e1663057015500.png\",\"width\":200,\"height\":200},{\"@type\":\"BreadcrumbList\",\"@id\":\"https:\/\/www.maxicours.com\/se\/lycee\/premiere\/francais\/methodes\/#breadcrumb\",\"itemListElement\":[{\"@type\":\"ListItem\",\"position\":1,\"name\":\"myMaxicours\",\"item\":\"https:\/\/www.maxicours.com\"},{\"@type\":\"ListItem\",\"position\":2,\"name\":\"Lyc\u00e9e\",\"item\":\"https:\/\/www.maxicours.com\/se\/lycee\/\"},{\"@type\":\"ListItem\",\"position\":3,\"name\":\"Premi\u00e8re\",\"item\":\"https:\/\/www.maxicours.com\/se\/premiere\/\"},{\"@type\":\"ListItem\",\"position\":4,\"name\":\"Fran\u00e7ais\",\"item\":\"https:\/\/www.maxicours.com\/se\/premiere\/francais\/\"},{\"@type\":\"ListItem\",\"position\":5,\"name\":\"M\u00e9thodes\"}]},{\"@type\":\"WebSite\",\"@id\":\"https:\/\/www.maxicours.com\/se\/#website\",\"url\":\"https:\/\/www.maxicours.com\/se\/\",\"name\":\"myMaxicours\",\"description\":\"La r\u00e9ussite scolaire pour tous !\",\"publisher\":{\"@id\":\"https:\/\/www.maxicours.com\/se\/#organization\"},\"potentialAction\":[{\"@type\":\"SearchAction\",\"target\":{\"@type\":\"EntryPoint\",\"urlTemplate\":\"https:\/\/www.maxicours.com\/se\/?s={search_term_string}\"},\"query-input\":{\"@type\":\"PropertyValueSpecification\",\"valueRequired\":true,\"valueName\":\"search_term_string\"}}],\"inLanguage\":\"fr-FR\"},{\"@type\":\"Organization\",\"@id\":\"https:\/\/www.maxicours.com\/se\/#organization\",\"name\":\"myMaxicours\",\"url\":\"https:\/\/www.maxicours.com\/se\/\",\"logo\":{\"@type\":\"ImageObject\",\"inLanguage\":\"fr-FR\",\"@id\":\"https:\/\/www.maxicours.com\/se\/#\/schema\/logo\/image\/\",\"url\":\"https:\/\/www.maxicours.com\/se\/wp-content\/uploads\/2023\/08\/output-onlinepngtools-1.png\",\"contentUrl\":\"https:\/\/www.maxicours.com\/se\/wp-content\/uploads\/2023\/08\/output-onlinepngtools-1.png\",\"width\":1263,\"height\":183,\"caption\":\"myMaxicours\"},\"image\":{\"@id\":\"https:\/\/www.maxicours.com\/se\/#\/schema\/logo\/image\/\"},\"sameAs\":[\"https:\/\/www.facebook.com\/MarionDeMaxicours\/\",\"https:\/\/www.youtube.com\/channel\/UC1BodbREPO7tXJ0UVGkKmGw\"]}]}<\/script>\n<!-- \/ Yoast SEO plugin. -->","yoast_head_json":{"title":"Fran\u00e7ais 1re : M\u00e9thodes - myMaxicours - Lyc\u00e9e","robots":{"index":"index","follow":"follow","max-snippet":"max-snippet:-1","max-image-preview":"max-image-preview:large","max-video-preview":"max-video-preview:-1"},"canonical":"https:\/\/www.maxicours.com\/se\/lycee\/premiere\/francais\/methodes\/","og_locale":"fr_FR","og_type":"article","og_title":"Fran\u00e7ais 1re : M\u00e9thodes - myMaxicours - Lyc\u00e9e","og_description":"Votre enfant est en 1re et vous souhaitez l&rsquo;accompagner en Fran\u00e7ais ? Exemples de fiches de cours : Sur les m\u00e9thodes, myMaxicours propose des ressources vari\u00e9es : cours, exercices, vid\u00e9os, r\u00e9visions pour le Bac. Contenus de la partie :&nbsp; Les autres chapitres en Fran\u00e7ais 1re :","og_url":"https:\/\/www.maxicours.com\/se\/lycee\/premiere\/francais\/methodes\/","og_site_name":"myMaxicours","article_publisher":"https:\/\/www.facebook.com\/MarionDeMaxicours\/","article_modified_time":"2025-08-05T09:24:17+00:00","og_image":[{"width":200,"height":200,"url":"https:\/\/www.maxicours.com\/se\/wp-content\/uploads\/2019\/07\/Franc\u0327ais_03@2x-e1663057015500.png","type":"image\/png"}],"twitter_card":"summary_large_image","twitter_misc":{"Dur\u00e9e de lecture estim\u00e9e":"2 minutes"},"schema":{"@context":"https:\/\/schema.org","@graph":[{"@type":"WebPage","@id":"https:\/\/www.maxicours.com\/se\/lycee\/premiere\/francais\/methodes\/","url":"https:\/\/www.maxicours.com\/se\/lycee\/premiere\/francais\/methodes\/","name":"Fran\u00e7ais 1re : M\u00e9thodes - myMaxicours - Lyc\u00e9e","isPartOf":{"@id":"https:\/\/www.maxicours.com\/se\/#website"},"primaryImageOfPage":{"@id":"https:\/\/www.maxicours.com\/se\/lycee\/premiere\/francais\/methodes\/#primaryimage"},"image":{"@id":"https:\/\/www.maxicours.com\/se\/lycee\/premiere\/francais\/methodes\/#primaryimage"},"thumbnailUrl":"https:\/\/www.maxicours.com\/se\/wp-content\/uploads\/2019\/07\/Franc\u0327ais_03@2x-e1663057015500.png","datePublished":"2023-07-18T11:54:08+00:00","dateModified":"2025-08-05T09:24:17+00:00","breadcrumb":{"@id":"https:\/\/www.maxicours.com\/se\/lycee\/premiere\/francais\/methodes\/#breadcrumb"},"inLanguage":"fr-FR","potentialAction":[{"@type":"ReadAction","target":["https:\/\/www.maxicours.com\/se\/lycee\/premiere\/francais\/methodes\/"]}]},{"@type":"ImageObject","inLanguage":"fr-FR","@id":"https:\/\/www.maxicours.com\/se\/lycee\/premiere\/francais\/methodes\/#primaryimage","url":"https:\/\/www.maxicours.com\/se\/wp-content\/uploads\/2019\/07\/Franc\u0327ais_03@2x-e1663057015500.png","contentUrl":"https:\/\/www.maxicours.com\/se\/wp-content\/uploads\/2019\/07\/Franc\u0327ais_03@2x-e1663057015500.png","width":200,"height":200},{"@type":"BreadcrumbList","@id":"https:\/\/www.maxicours.com\/se\/lycee\/premiere\/francais\/methodes\/#breadcrumb","itemListElement":[{"@type":"ListItem","position":1,"name":"myMaxicours","item":"https:\/\/www.maxicours.com"},{"@type":"ListItem","position":2,"name":"Lyc\u00e9e","item":"https:\/\/www.maxicours.com\/se\/lycee\/"},{"@type":"ListItem","position":3,"name":"Premi\u00e8re","item":"https:\/\/www.maxicours.com\/se\/premiere\/"},{"@type":"ListItem","position":4,"name":"Fran\u00e7ais","item":"https:\/\/www.maxicours.com\/se\/premiere\/francais\/"},{"@type":"ListItem","position":5,"name":"M\u00e9thodes"}]},{"@type":"WebSite","@id":"https:\/\/www.maxicours.com\/se\/#website","url":"https:\/\/www.maxicours.com\/se\/","name":"myMaxicours","description":"La r\u00e9ussite scolaire pour tous !","publisher":{"@id":"https:\/\/www.maxicours.com\/se\/#organization"},"potentialAction":[{"@type":"SearchAction","target":{"@type":"EntryPoint","urlTemplate":"https:\/\/www.maxicours.com\/se\/?s={search_term_string}"},"query-input":{"@type":"PropertyValueSpecification","valueRequired":true,"valueName":"search_term_string"}}],"inLanguage":"fr-FR"},{"@type":"Organization","@id":"https:\/\/www.maxicours.com\/se\/#organization","name":"myMaxicours","url":"https:\/\/www.maxicours.com\/se\/","logo":{"@type":"ImageObject","inLanguage":"fr-FR","@id":"https:\/\/www.maxicours.com\/se\/#\/schema\/logo\/image\/","url":"https:\/\/www.maxicours.com\/se\/wp-content\/uploads\/2023\/08\/output-onlinepngtools-1.png","contentUrl":"https:\/\/www.maxicours.com\/se\/wp-content\/uploads\/2023\/08\/output-onlinepngtools-1.png","width":1263,"height":183,"caption":"myMaxicours"},"image":{"@id":"https:\/\/www.maxicours.com\/se\/#\/schema\/logo\/image\/"},"sameAs":["https:\/\/www.facebook.com\/MarionDeMaxicours\/","https:\/\/www.youtube.com\/channel\/UC1BodbREPO7tXJ0UVGkKmGw"]}]}},"_links":{"self":[{"href":"https:\/\/www.maxicours.com\/se\/wp-json\/wp\/v2\/pages\/26130","targetHints":{"allow":["GET"]}}],"collection":[{"href":"https:\/\/www.maxicours.com\/se\/wp-json\/wp\/v2\/pages"}],"about":[{"href":"https:\/\/www.maxicours.com\/se\/wp-json\/wp\/v2\/types\/page"}],"author":[{"embeddable":true,"href":"https:\/\/www.maxicours.com\/se\/wp-json\/wp\/v2\/users\/21"}],"replies":[{"embeddable":true,"href":"https:\/\/www.maxicours.com\/se\/wp-json\/wp\/v2\/comments?post=26130"}],"version-history":[{"count":3,"href":"https:\/\/www.maxicours.com\/se\/wp-json\/wp\/v2\/pages\/26130\/revisions"}],"predecessor-version":[{"id":34173,"href":"https:\/\/www.maxicours.com\/se\/wp-json\/wp\/v2\/pages\/26130\/revisions\/34173"}],"up":[{"embeddable":true,"href":"https:\/\/www.maxicours.com\/se\/wp-json\/wp\/v2\/pages\/716"}],"wp:featuredmedia":[{"embeddable":true,"href":"https:\/\/www.maxicours.com\/se\/wp-json\/wp\/v2\/media\/527"}],"wp:attachment":[{"href":"https:\/\/www.maxicours.com\/se\/wp-json\/wp\/v2\/media?parent=26130"}],"wp:term":[{"taxonomy":"page_type","embeddable":true,"href":"https:\/\/www.maxicours.com\/se\/wp-json\/wp\/v2\/page_type?post=26130"}],"curies":[{"name":"wp","href":"https:\/\/api.w.org\/{rel}","templated":true}]}}