{"id":19475,"date":"2022-10-07T17:52:19","date_gmt":"2022-10-07T15:52:19","guid":{"rendered":"https:\/\/www.maxicours.com\/se\/?page_id=19475"},"modified":"2025-12-11T16:13:08","modified_gmt":"2025-12-11T15:13:08","slug":"quiz-terminale-generale","status":"publish","type":"page","link":"https:\/\/www.maxicours.com\/se\/quiz-terminale-generale\/","title":{"rendered":"Quiz terminale g\u00e9n\u00e9rale"},"content":{"rendered":"<div class=\"relative\">\n  <div class=\"absolute top-0 left-1\/2 w-screen transform -translate-x-1\/2 h-full bg-cover bg-bottom  bg-no-repeat\"\n       style=\"background-image:url(https:\/\/www.maxicours.com\/se\/wp-content\/uploads\/2023\/07\/MotifBGArrondiePetitViolet-1.png);background-color:\"><\/div>\n  <div class=\"relative\">\n    \n\n<div class=\"wp-block-columns is-layout-flex wp-container-core-columns-is-layout-28f84493 wp-block-columns-is-layout-flex\">\n<div class=\"wp-block-column is-layout-flow wp-block-column-is-layout-flow\" style=\"padding-top:var(--wp--preset--spacing--80);padding-bottom:var(--wp--preset--spacing--80)\">\n<h1 class=\"wp-block-heading has-yellow-color has-text-color\" style=\"padding-bottom:0\"><em>Quiz bac<\/em><br>1re et terminale g\u00e9n\u00e9rale<\/h1>\n\n\n\n<p class=\"has-white-color has-text-color\">Vous passez bient\u00f4t le baccalaur\u00e9at g\u00e9n\u00e9ral et vous souhaitez v\u00e9rifier l\u2019\u00e9tat de vos connaissances ?<\/p>\n\n\n\n<p class=\"has-white-color has-text-color\">Ces 7 quiz portent sur les mati\u00e8res communes et les mati\u00e8res de sp\u00e9cialit\u00e9, \u00e9valu\u00e9es lors des \u00e9preuves du baccalaur\u00e9at. Testez votre niveau actuel et v\u00e9rifiez les points sur lesquels vous devez encore travailler.<\/p>\n\n\n\n<p class=\"has-white-color has-text-color\">Alors, \u00e0 vous de jouer !<\/p>\n<\/div>\n\n\n\n<div class=\"wp-block-column is-layout-flow wp-block-column-is-layout-flow\" style=\"padding-top:var(--wp--preset--spacing--60);padding-bottom:0;flex-basis:490px\"><div class=\"relative max-w-full\" style=\"width:490px\">\n\n                <img decoding=\"async\" class=\"relative -mb-14\" src=\"https:\/\/www.maxicours.com\/se\/wp-content\/uploads\/2023\/07\/victoire-1024x683-1.png\" alt=\"\" >\n          <\/div>\n<\/div>\n<\/div>\n\n\n  <\/div>\n<\/div>\n\n\n\n<div class=\"wp-block-columns is-layout-flex wp-container-core-columns-is-layout-f4b01743 wp-block-columns-is-layout-flex\" style=\"padding-top:var(--wp--preset--spacing--50);padding-bottom:var(--wp--preset--spacing--70)\">\n<div class=\"wp-block-column is-layout-flow wp-block-column-is-layout-flow\"><div class=\"yoast-breadcrumbs\"><span><span><a href=\"https:\/\/www.maxicours.com\">myMaxicours<\/a><\/span> \u00a0\u00a0&gt;\u00a0\u00a0 <span class=\"breadcrumb_last\" aria-current=\"page\"><strong>Quiz terminale g\u00e9n\u00e9rale<\/strong><\/span><\/span><\/div><\/div>\n<\/div>\n\n\n\n<h2 class=\"wp-block-heading\">Quiz sur les \u00e9preuves communes du bac<\/h2>\n\n\n\n<div style=\"height:20px\" aria-hidden=\"true\" class=\"wp-block-spacer\"><\/div>\n\n\n\n<div class=\"wp-block-columns is-layout-flex wp-container-core-columns-is-layout-28f84493 wp-block-columns-is-layout-flex\">\n<div class=\"wp-block-column is-vertically-aligned-center is-layout-flow wp-block-column-is-layout-flow\" style=\"flex-basis:100px\">\n<figure class=\"wp-block-image aligncenter size-full\"><img loading=\"lazy\" decoding=\"async\" width=\"54\" height=\"48\" src=\"https:\/\/www.maxicours.com\/se\/wp-content\/uploads\/2023\/06\/Francais@2x.png\" alt=\"\" class=\"wp-image-23607\"\/><\/figure>\n<\/div>\n\n\n\n<div class=\"wp-block-column is-layout-flow wp-block-column-is-layout-flow\">\n<h3 class=\"wp-block-heading\">Quiz bac de fran\u00e7ais<\/h3>\n\n\n\n<p>Ce quiz sp\u00e9cial bac de fran\u00e7ais fait le tour, en 15 questions, des principales connaissances \u00e0 avoir pour les \u00e9preuves orales et \u00e9crites. Po\u00e9sie, th\u00e9\u00e2tre ou encore genres litt\u00e9raires, ces questions reviennent sur le programme de fran\u00e7ais en classe de premi\u00e8re. <\/p>\n\n\n\n<div class=\"wp-block-buttons is-layout-flex wp-block-buttons-is-layout-flex\">\n<div class=\"wp-block-button\"><a class=\"wp-block-button__link wp-element-button\" href=\"https:\/\/www.maxicours.com\/se\/quiz-bac-francais\/\">je me teste en fran\u00e7ais<\/a><\/div>\n<\/div>\n<\/div>\n<\/div>\n\n\n\n<div style=\"height:40px\" aria-hidden=\"true\" class=\"wp-block-spacer\"><\/div>\n\n\n\n<div class=\"wp-block-columns is-layout-flex wp-container-core-columns-is-layout-28f84493 wp-block-columns-is-layout-flex\">\n<div class=\"wp-block-column is-vertically-aligned-center is-layout-flow wp-block-column-is-layout-flow\" style=\"flex-basis:100px\">\n<figure class=\"wp-block-image aligncenter size-full\"><img loading=\"lazy\" decoding=\"async\" width=\"75\" height=\"61\" src=\"https:\/\/www.maxicours.com\/se\/wp-content\/uploads\/2023\/07\/icon-philosophie@2x.png\" alt=\"\" class=\"wp-image-24537\"\/><\/figure>\n<\/div>\n\n\n\n<div class=\"wp-block-column is-layout-flow wp-block-column-is-layout-flow\">\n<h3 class=\"wp-block-heading\">Quiz bac de philosophie<\/h3>\n\n\n\n<p>Ce quiz explore les grands th\u00e8mes abord\u00e9s durant le programme de terminale de philosophie. Dix-sept notions (comme l&rsquo;art, la conscience ou encore la justice) et plusieurs auteurs sont propos\u00e9s \u00e0 l&rsquo;\u00e9tude. Les 20 questions de ce quiz reviennent sur ces th\u00e8mes.<\/p>\n\n\n\n<div class=\"wp-block-buttons is-layout-flex wp-block-buttons-is-layout-flex\">\n<div class=\"wp-block-button\"><a class=\"wp-block-button__link wp-element-button\" href=\"https:\/\/www.maxicours.com\/se\/quiz-de-philosophie-pour-la-classe-de-terminale\/\">Je me teste en philo<\/a><\/div>\n<\/div>\n<\/div>\n<\/div>\n\n\n\n<div style=\"height:40px\" aria-hidden=\"true\" class=\"wp-block-spacer\"><\/div>\n\n\n\n<h2 class=\"wp-block-heading\">Quiz sur les \u00e9preuves de sp\u00e9cialit\u00e9 du bac<\/h2>\n\n\n\n<div style=\"height:20px\" aria-hidden=\"true\" class=\"wp-block-spacer\"><\/div>\n\n\n\n<div class=\"wp-block-columns is-layout-flex wp-container-core-columns-is-layout-28f84493 wp-block-columns-is-layout-flex\">\n<div class=\"wp-block-column is-vertically-aligned-center is-layout-flow wp-block-column-is-layout-flow\" style=\"flex-basis:100px\">\n<figure class=\"wp-block-image aligncenter size-full\"><img loading=\"lazy\" decoding=\"async\" width=\"52\" height=\"46\" src=\"https:\/\/www.maxicours.com\/se\/wp-content\/uploads\/2023\/06\/Maths@2x.png\" alt=\"\" class=\"wp-image-23611\"\/><\/figure>\n<\/div>\n\n\n\n<div class=\"wp-block-column is-layout-flow wp-block-column-is-layout-flow\">\n<h3 class=\"wp-block-heading\">Quiz bac de math\u00e9matiques<\/h3>\n\n\n\n<p>Les math\u00e9matiques font partie des enseignements de sp\u00e9cialit\u00e9 qui sont \u00e9valu\u00e9s lors des \u00e9preuves finales du bac. Alg\u00e8bre, g\u00e9om\u00e9trie, mais aussi vecteurs ou \u00e9quations, les diff\u00e9rents points abord\u00e9s durant le programme sont repris dans ce quiz.<\/p>\n\n\n\n<div class=\"wp-block-buttons is-layout-flex wp-block-buttons-is-layout-flex\">\n<div class=\"wp-block-button\"><a class=\"wp-block-button__link has-white-color has-text-color has-background wp-element-button\" href=\"https:\/\/www.maxicours.com\/se\/quiz-bac-maths\/\" style=\"background-color:#bf0b65\">Je me teste en maths<\/a><\/div>\n<\/div>\n<\/div>\n<\/div>\n\n\n\n<div style=\"height:40px\" aria-hidden=\"true\" class=\"wp-block-spacer\"><\/div>\n\n\n\n<div class=\"wp-block-columns is-layout-flex wp-container-core-columns-is-layout-28f84493 wp-block-columns-is-layout-flex\">\n<div class=\"wp-block-column is-vertically-aligned-center is-layout-flow wp-block-column-is-layout-flow\" style=\"flex-basis:100px\">\n<figure class=\"wp-block-image aligncenter size-full\"><img loading=\"lazy\" decoding=\"async\" width=\"36\" height=\"56\" src=\"https:\/\/www.maxicours.com\/se\/wp-content\/uploads\/2023\/06\/SCiencesTechno@2x.png\" alt=\"\" class=\"wp-image-23608\"\/><\/figure>\n<\/div>\n\n\n\n<div class=\"wp-block-column is-layout-flow wp-block-column-is-layout-flow\">\n<h3 class=\"wp-block-heading\">Quiz bac de SVT<\/h3>\n\n\n\n<p>Les sciences de la vie et de la terre peuvent \u00eatre choisies comme enseignement de sp\u00e9cialit\u00e9. G\u00e9n\u00e9tique, g\u00e9ologie, climat, corps humain, r\u00e9visez les points cl\u00e9s dans ce quiz et soyez pr\u00eat pour l&rsquo;\u00e9preuve du baccalaur\u00e9at. <\/p>\n\n\n\n<div class=\"wp-block-buttons is-layout-flex wp-block-buttons-is-layout-flex\">\n<div class=\"wp-block-button\"><a class=\"wp-block-button__link has-white-color has-text-color has-background wp-element-button\" href=\"https:\/\/www.maxicours.com\/se\/quiz-de-svt-pour-la-classe-de-terminale\/\" style=\"background-color:#bf0b65\">Je me teste en SVT<\/a><\/div>\n<\/div>\n<\/div>\n<\/div>\n\n\n\n<div style=\"height:40px\" aria-hidden=\"true\" class=\"wp-block-spacer\"><\/div>\n\n\n\n<div class=\"wp-block-columns is-layout-flex wp-container-core-columns-is-layout-28f84493 wp-block-columns-is-layout-flex\">\n<div class=\"wp-block-column is-vertically-aligned-center is-layout-flow wp-block-column-is-layout-flow\" style=\"flex-basis:100px\">\n<figure class=\"wp-block-image aligncenter size-full\"><img loading=\"lazy\" decoding=\"async\" width=\"61\" height=\"59\" src=\"https:\/\/www.maxicours.com\/se\/wp-content\/uploads\/2023\/07\/icon-ses@2x.png\" alt=\"\" class=\"wp-image-24539\"\/><\/figure>\n<\/div>\n\n\n\n<div class=\"wp-block-column is-layout-flow wp-block-column-is-layout-flow\">\n<h3 class=\"wp-block-heading\">Quiz bac de SES<\/h3>\n\n\n\n<p>Les sciences \u00e9conomiques et sociales comptent parmi les enseignements de sp\u00e9cialit\u00e9. Mobilit\u00e9 sociale, march\u00e9 unique, croissance \u00e9conomique ou encore bulle sp\u00e9culative doivent faire partie de votre vocabulaire. V\u00e9rifiez vos connaissances dans ce quiz.<\/p>\n\n\n\n<div class=\"wp-block-buttons is-layout-flex wp-block-buttons-is-layout-flex\">\n<div class=\"wp-block-button\"><a class=\"wp-block-button__link has-white-color has-text-color has-background wp-element-button\" href=\"https:\/\/www.maxicours.com\/se\/quiz-ses-bac\/\" style=\"background-color:#bf0b65\">Je me teste en SES<\/a><\/div>\n<\/div>\n<\/div>\n<\/div>\n\n\n\n<div style=\"height:40px\" aria-hidden=\"true\" class=\"wp-block-spacer\"><\/div>\n\n\n\n<div class=\"wp-block-columns is-layout-flex wp-container-core-columns-is-layout-28f84493 wp-block-columns-is-layout-flex\">\n<div class=\"wp-block-column is-vertically-aligned-center is-layout-flow wp-block-column-is-layout-flow\" style=\"flex-basis:100px\">\n<figure class=\"wp-block-image aligncenter size-full\"><img loading=\"lazy\" decoding=\"async\" width=\"49\" height=\"62\" src=\"https:\/\/www.maxicours.com\/se\/wp-content\/uploads\/2023\/06\/HG@2x.png\" alt=\"\" class=\"wp-image-23610\"\/><\/figure>\n<\/div>\n\n\n\n<div class=\"wp-block-column is-layout-flow wp-block-column-is-layout-flow\">\n<h3 class=\"wp-block-heading\">Quiz bac d&rsquo;histoire-g\u00e9ographie<\/h3>\n\n\n\n<p>Le programme d&rsquo;histoire porte sur les ann\u00e9es 30 \u00e0 nos jours : crise de 1929, seconde guerre mondiale et bipolarisation du monde sont parmi les sujets abord\u00e9s. Le programme de g\u00e9ographie porte quant \u00e0 lui sur la mondialisation. Faites le tour de vos connaissances en 20 questions.<\/p>\n\n\n\n<div class=\"wp-block-buttons is-layout-flex wp-block-buttons-is-layout-flex\">\n<div class=\"wp-block-button\"><a class=\"wp-block-button__link has-white-color has-text-color has-background wp-element-button\" href=\"https:\/\/www.maxicours.com\/se\/quiz-bac-histoire-geo\/\" style=\"background-color:#bf0b65\">Je me teste en histoire-g\u00e9o<\/a><\/div>\n<\/div>\n<\/div>\n<\/div>\n\n\n\n<div style=\"height:40px\" aria-hidden=\"true\" class=\"wp-block-spacer\"><\/div>\n\n\n\n<div class=\"wp-block-columns is-layout-flex wp-container-core-columns-is-layout-28f84493 wp-block-columns-is-layout-flex\">\n<div class=\"wp-block-column is-vertically-aligned-center is-layout-flow wp-block-column-is-layout-flow\" style=\"flex-basis:100px\">\n<figure class=\"wp-block-image aligncenter size-full\"><img loading=\"lazy\" decoding=\"async\" width=\"41\" height=\"70\" src=\"https:\/\/www.maxicours.com\/se\/wp-content\/uploads\/2023\/07\/icon-physique-chimie@2x.png\" alt=\"\" class=\"wp-image-24538\"\/><\/figure>\n<\/div>\n\n\n\n<div class=\"wp-block-column is-layout-flow wp-block-column-is-layout-flow\">\n<h3 class=\"wp-block-heading\">Quiz bac de physique-chimie<\/h3>\n\n\n\n<p>Si vous avez choisi physique-chimie comme enseignement de sp\u00e9cialit\u00e9, vous devez \u00eatre au point sur 4 grands th\u00e8mes abord\u00e9s durant le programme : Constitution et transformations de la mati\u00e8re, Mouvement et interactions, L\u2019\u00e9nergie : conversions et transferts, et Ondes et signaux. V\u00e9rifiez vos connaissances avec ce quiz.<\/p>\n\n\n\n<div class=\"wp-block-buttons is-layout-flex wp-block-buttons-is-layout-flex\">\n<div class=\"wp-block-button\"><a class=\"wp-block-button__link has-white-color has-text-color has-background wp-element-button\" href=\"https:\/\/www.maxicours.com\/se\/quiz-de-physique-chimie-pour-la-classe-de-terminale\/\" style=\"background-color:#bf0b65\">Je me teste en physique-chimie<\/a><\/div>\n<\/div>\n<\/div>\n<\/div>\n\n\n\n<div style=\"height:20px\" aria-hidden=\"true\" class=\"wp-block-spacer\"><\/div>\n","protected":false},"excerpt":{"rendered":"<p>Quiz sur les \u00e9preuves communes du bac Quiz bac de fran\u00e7ais Ce quiz sp\u00e9cial bac de fran\u00e7ais fait le tour, en 15 questions, des principales connaissances \u00e0 avoir pour les \u00e9preuves orales et \u00e9crites. Po\u00e9sie, th\u00e9\u00e2tre ou encore genres litt\u00e9raires, ces questions reviennent sur le programme de fran\u00e7ais en classe de premi\u00e8re. Quiz bac de&#8230;<\/p>\n","protected":false},"author":21,"featured_media":12617,"parent":0,"menu_order":65,"comment_status":"closed","ping_status":"closed","template":"","meta":{"_acf_changed":false,"inline_featured_image":false,"footnotes":""},"page_type":[145],"class_list":["post-19475","page","type-page","status-publish","has-post-thumbnail","hentry","page_type-page"],"acf":[],"yoast_head":"<!-- This site is optimized with the Yoast SEO plugin v27.2 - https:\/\/yoast.com\/product\/yoast-seo-wordpress\/ -->\n<title>Quiz terminale g\u00e9n\u00e9rale - myMaxicours<\/title>\n<meta name=\"robots\" content=\"index, follow, max-snippet:-1, max-image-preview:large, max-video-preview:-1\" \/>\n<link rel=\"canonical\" href=\"https:\/\/www.maxicours.com\/se\/quiz-terminale-generale\/\" \/>\n<meta property=\"og:locale\" content=\"fr_FR\" \/>\n<meta property=\"og:type\" content=\"article\" \/>\n<meta property=\"og:title\" content=\"Quiz terminale g\u00e9n\u00e9rale - myMaxicours\" \/>\n<meta property=\"og:description\" content=\"Quiz sur les \u00e9preuves communes du bac Quiz bac de fran\u00e7ais Ce quiz sp\u00e9cial bac de fran\u00e7ais fait le tour, en 15 questions, des principales connaissances \u00e0 avoir pour les \u00e9preuves orales et \u00e9crites. Po\u00e9sie, th\u00e9\u00e2tre ou encore genres litt\u00e9raires, ces questions reviennent sur le programme de fran\u00e7ais en classe de premi\u00e8re. Quiz bac de...\" \/>\n<meta property=\"og:url\" content=\"https:\/\/www.maxicours.com\/se\/quiz-terminale-generale\/\" \/>\n<meta property=\"og:site_name\" content=\"myMaxicours\" \/>\n<meta property=\"article:publisher\" content=\"https:\/\/www.facebook.com\/MarionDeMaxicours\/\" \/>\n<meta property=\"article:modified_time\" content=\"2025-12-11T15:13:08+00:00\" \/>\n<meta property=\"og:image\" content=\"https:\/\/www.maxicours.com\/se\/wp-content\/uploads\/2022\/02\/victoire.png\" \/>\n\t<meta property=\"og:image:width\" content=\"1200\" \/>\n\t<meta property=\"og:image:height\" content=\"800\" \/>\n\t<meta property=\"og:image:type\" content=\"image\/png\" \/>\n<meta name=\"twitter:card\" content=\"summary_large_image\" \/>\n<meta name=\"twitter:label1\" content=\"Dur\u00e9e de lecture estim\u00e9e\" \/>\n\t<meta name=\"twitter:data1\" content=\"4 minutes\" \/>\n<script type=\"application\/ld+json\" class=\"yoast-schema-graph\">{\"@context\":\"https:\/\/schema.org\",\"@graph\":[{\"@type\":\"WebPage\",\"@id\":\"https:\/\/www.maxicours.com\/se\/quiz-terminale-generale\/\",\"url\":\"https:\/\/www.maxicours.com\/se\/quiz-terminale-generale\/\",\"name\":\"Quiz terminale g\u00e9n\u00e9rale - myMaxicours\",\"isPartOf\":{\"@id\":\"https:\/\/www.maxicours.com\/se\/#website\"},\"primaryImageOfPage\":{\"@id\":\"https:\/\/www.maxicours.com\/se\/quiz-terminale-generale\/#primaryimage\"},\"image\":{\"@id\":\"https:\/\/www.maxicours.com\/se\/quiz-terminale-generale\/#primaryimage\"},\"thumbnailUrl\":\"https:\/\/www.maxicours.com\/se\/wp-content\/uploads\/2022\/02\/victoire.png\",\"datePublished\":\"2022-10-07T15:52:19+00:00\",\"dateModified\":\"2025-12-11T15:13:08+00:00\",\"breadcrumb\":{\"@id\":\"https:\/\/www.maxicours.com\/se\/quiz-terminale-generale\/#breadcrumb\"},\"inLanguage\":\"fr-FR\",\"potentialAction\":[{\"@type\":\"ReadAction\",\"target\":[\"https:\/\/www.maxicours.com\/se\/quiz-terminale-generale\/\"]}]},{\"@type\":\"ImageObject\",\"inLanguage\":\"fr-FR\",\"@id\":\"https:\/\/www.maxicours.com\/se\/quiz-terminale-generale\/#primaryimage\",\"url\":\"https:\/\/www.maxicours.com\/se\/wp-content\/uploads\/2022\/02\/victoire.png\",\"contentUrl\":\"https:\/\/www.maxicours.com\/se\/wp-content\/uploads\/2022\/02\/victoire.png\",\"width\":1200,\"height\":800},{\"@type\":\"BreadcrumbList\",\"@id\":\"https:\/\/www.maxicours.com\/se\/quiz-terminale-generale\/#breadcrumb\",\"itemListElement\":[{\"@type\":\"ListItem\",\"position\":1,\"name\":\"myMaxicours\",\"item\":\"https:\/\/www.maxicours.com\"},{\"@type\":\"ListItem\",\"position\":2,\"name\":\"Quiz terminale g\u00e9n\u00e9rale\"}]},{\"@type\":\"WebSite\",\"@id\":\"https:\/\/www.maxicours.com\/se\/#website\",\"url\":\"https:\/\/www.maxicours.com\/se\/\",\"name\":\"myMaxicours\",\"description\":\"La r\u00e9ussite scolaire pour tous !\",\"publisher\":{\"@id\":\"https:\/\/www.maxicours.com\/se\/#organization\"},\"potentialAction\":[{\"@type\":\"SearchAction\",\"target\":{\"@type\":\"EntryPoint\",\"urlTemplate\":\"https:\/\/www.maxicours.com\/se\/?s={search_term_string}\"},\"query-input\":{\"@type\":\"PropertyValueSpecification\",\"valueRequired\":true,\"valueName\":\"search_term_string\"}}],\"inLanguage\":\"fr-FR\"},{\"@type\":\"Organization\",\"@id\":\"https:\/\/www.maxicours.com\/se\/#organization\",\"name\":\"myMaxicours\",\"url\":\"https:\/\/www.maxicours.com\/se\/\",\"logo\":{\"@type\":\"ImageObject\",\"inLanguage\":\"fr-FR\",\"@id\":\"https:\/\/www.maxicours.com\/se\/#\/schema\/logo\/image\/\",\"url\":\"https:\/\/www.maxicours.com\/se\/wp-content\/uploads\/2023\/08\/output-onlinepngtools-1.png\",\"contentUrl\":\"https:\/\/www.maxicours.com\/se\/wp-content\/uploads\/2023\/08\/output-onlinepngtools-1.png\",\"width\":1263,\"height\":183,\"caption\":\"myMaxicours\"},\"image\":{\"@id\":\"https:\/\/www.maxicours.com\/se\/#\/schema\/logo\/image\/\"},\"sameAs\":[\"https:\/\/www.facebook.com\/MarionDeMaxicours\/\",\"https:\/\/www.youtube.com\/channel\/UC1BodbREPO7tXJ0UVGkKmGw\"]}]}<\/script>\n<!-- \/ Yoast SEO plugin. -->","yoast_head_json":{"title":"Quiz terminale g\u00e9n\u00e9rale - myMaxicours","robots":{"index":"index","follow":"follow","max-snippet":"max-snippet:-1","max-image-preview":"max-image-preview:large","max-video-preview":"max-video-preview:-1"},"canonical":"https:\/\/www.maxicours.com\/se\/quiz-terminale-generale\/","og_locale":"fr_FR","og_type":"article","og_title":"Quiz terminale g\u00e9n\u00e9rale - myMaxicours","og_description":"Quiz sur les \u00e9preuves communes du bac Quiz bac de fran\u00e7ais Ce quiz sp\u00e9cial bac de fran\u00e7ais fait le tour, en 15 questions, des principales connaissances \u00e0 avoir pour les \u00e9preuves orales et \u00e9crites. Po\u00e9sie, th\u00e9\u00e2tre ou encore genres litt\u00e9raires, ces questions reviennent sur le programme de fran\u00e7ais en classe de premi\u00e8re. Quiz bac de...","og_url":"https:\/\/www.maxicours.com\/se\/quiz-terminale-generale\/","og_site_name":"myMaxicours","article_publisher":"https:\/\/www.facebook.com\/MarionDeMaxicours\/","article_modified_time":"2025-12-11T15:13:08+00:00","og_image":[{"width":1200,"height":800,"url":"https:\/\/www.maxicours.com\/se\/wp-content\/uploads\/2022\/02\/victoire.png","type":"image\/png"}],"twitter_card":"summary_large_image","twitter_misc":{"Dur\u00e9e de lecture estim\u00e9e":"4 minutes"},"schema":{"@context":"https:\/\/schema.org","@graph":[{"@type":"WebPage","@id":"https:\/\/www.maxicours.com\/se\/quiz-terminale-generale\/","url":"https:\/\/www.maxicours.com\/se\/quiz-terminale-generale\/","name":"Quiz terminale g\u00e9n\u00e9rale - myMaxicours","isPartOf":{"@id":"https:\/\/www.maxicours.com\/se\/#website"},"primaryImageOfPage":{"@id":"https:\/\/www.maxicours.com\/se\/quiz-terminale-generale\/#primaryimage"},"image":{"@id":"https:\/\/www.maxicours.com\/se\/quiz-terminale-generale\/#primaryimage"},"thumbnailUrl":"https:\/\/www.maxicours.com\/se\/wp-content\/uploads\/2022\/02\/victoire.png","datePublished":"2022-10-07T15:52:19+00:00","dateModified":"2025-12-11T15:13:08+00:00","breadcrumb":{"@id":"https:\/\/www.maxicours.com\/se\/quiz-terminale-generale\/#breadcrumb"},"inLanguage":"fr-FR","potentialAction":[{"@type":"ReadAction","target":["https:\/\/www.maxicours.com\/se\/quiz-terminale-generale\/"]}]},{"@type":"ImageObject","inLanguage":"fr-FR","@id":"https:\/\/www.maxicours.com\/se\/quiz-terminale-generale\/#primaryimage","url":"https:\/\/www.maxicours.com\/se\/wp-content\/uploads\/2022\/02\/victoire.png","contentUrl":"https:\/\/www.maxicours.com\/se\/wp-content\/uploads\/2022\/02\/victoire.png","width":1200,"height":800},{"@type":"BreadcrumbList","@id":"https:\/\/www.maxicours.com\/se\/quiz-terminale-generale\/#breadcrumb","itemListElement":[{"@type":"ListItem","position":1,"name":"myMaxicours","item":"https:\/\/www.maxicours.com"},{"@type":"ListItem","position":2,"name":"Quiz terminale g\u00e9n\u00e9rale"}]},{"@type":"WebSite","@id":"https:\/\/www.maxicours.com\/se\/#website","url":"https:\/\/www.maxicours.com\/se\/","name":"myMaxicours","description":"La r\u00e9ussite scolaire pour tous !","publisher":{"@id":"https:\/\/www.maxicours.com\/se\/#organization"},"potentialAction":[{"@type":"SearchAction","target":{"@type":"EntryPoint","urlTemplate":"https:\/\/www.maxicours.com\/se\/?s={search_term_string}"},"query-input":{"@type":"PropertyValueSpecification","valueRequired":true,"valueName":"search_term_string"}}],"inLanguage":"fr-FR"},{"@type":"Organization","@id":"https:\/\/www.maxicours.com\/se\/#organization","name":"myMaxicours","url":"https:\/\/www.maxicours.com\/se\/","logo":{"@type":"ImageObject","inLanguage":"fr-FR","@id":"https:\/\/www.maxicours.com\/se\/#\/schema\/logo\/image\/","url":"https:\/\/www.maxicours.com\/se\/wp-content\/uploads\/2023\/08\/output-onlinepngtools-1.png","contentUrl":"https:\/\/www.maxicours.com\/se\/wp-content\/uploads\/2023\/08\/output-onlinepngtools-1.png","width":1263,"height":183,"caption":"myMaxicours"},"image":{"@id":"https:\/\/www.maxicours.com\/se\/#\/schema\/logo\/image\/"},"sameAs":["https:\/\/www.facebook.com\/MarionDeMaxicours\/","https:\/\/www.youtube.com\/channel\/UC1BodbREPO7tXJ0UVGkKmGw"]}]}},"_links":{"self":[{"href":"https:\/\/www.maxicours.com\/se\/wp-json\/wp\/v2\/pages\/19475","targetHints":{"allow":["GET"]}}],"collection":[{"href":"https:\/\/www.maxicours.com\/se\/wp-json\/wp\/v2\/pages"}],"about":[{"href":"https:\/\/www.maxicours.com\/se\/wp-json\/wp\/v2\/types\/page"}],"author":[{"embeddable":true,"href":"https:\/\/www.maxicours.com\/se\/wp-json\/wp\/v2\/users\/21"}],"replies":[{"embeddable":true,"href":"https:\/\/www.maxicours.com\/se\/wp-json\/wp\/v2\/comments?post=19475"}],"version-history":[{"count":7,"href":"https:\/\/www.maxicours.com\/se\/wp-json\/wp\/v2\/pages\/19475\/revisions"}],"predecessor-version":[{"id":35563,"href":"https:\/\/www.maxicours.com\/se\/wp-json\/wp\/v2\/pages\/19475\/revisions\/35563"}],"wp:featuredmedia":[{"embeddable":true,"href":"https:\/\/www.maxicours.com\/se\/wp-json\/wp\/v2\/media\/12617"}],"wp:attachment":[{"href":"https:\/\/www.maxicours.com\/se\/wp-json\/wp\/v2\/media?parent=19475"}],"wp:term":[{"taxonomy":"page_type","embeddable":true,"href":"https:\/\/www.maxicours.com\/se\/wp-json\/wp\/v2\/page_type?post=19475"}],"curies":[{"name":"wp","href":"https:\/\/api.w.org\/{rel}","templated":true}]}}