{"id":1579,"date":"2019-08-06T10:38:35","date_gmt":"2019-08-06T08:38:35","guid":{"rendered":"https:\/\/www.maxicours.com\/se\/?page_id=1579"},"modified":"2025-08-05T09:58:47","modified_gmt":"2025-08-05T07:58:47","slug":"droit","status":"publish","type":"page","link":"https:\/\/www.maxicours.com\/se\/droit\/","title":{"rendered":"Droit"},"content":{"rendered":"<div class=\"relative\">\n  <div class=\"absolute top-0 left-1\/2 w-screen transform -translate-x-1\/2 h-full bg-cover bg-bottom  bg-no-repeat\"\n       style=\"background-image:url(https:\/\/www.maxicours.com\/se\/wp-content\/uploads\/2023\/06\/MotifBGArrondiePetitTurquoise.png);background-color:\"><\/div>\n  <div class=\"relative\">\n    \n\n<div class=\"wp-block-columns are-vertically-aligned-center is-layout-flex wp-container-core-columns-is-layout-65e6f041 wp-block-columns-is-layout-flex\" style=\"padding-top:var(--wp--preset--spacing--20)\">\n<div class=\"wp-block-column is-vertically-aligned-center is-layout-flow wp-block-column-is-layout-flow\" style=\"flex-basis:55%\">\n<h1 class=\"wp-block-heading has-blue-color has-text-color\"><em>R\u00e9vise tes cours<br><\/em>de droit<\/h1>\n<\/div>\n\n\n\n<div class=\"wp-block-column is-vertically-aligned-center is-layout-flow wp-block-column-is-layout-flow\">\n<figure class=\"wp-block-image aligncenter size-full is-resized\"><img loading=\"lazy\" decoding=\"async\" src=\"https:\/\/www.maxicours.com\/se\/wp-content\/uploads\/2023\/06\/Francais@2x-1.png\" alt=\"\" class=\"wp-image-23760\" width=\"560\" height=\"361\"\/><\/figure>\n<\/div>\n<\/div>\n\n\n  <\/div>\n<\/div>\n\n\n<div class=\"yoast-breadcrumbs\"><span><span><a href=\"https:\/\/www.maxicours.com\">myMaxicours<\/a><\/span> \u00a0\u00a0&gt;\u00a0\u00a0 <span class=\"breadcrumb_last\" aria-current=\"page\"><strong>Droit<\/strong><\/span><\/span><\/div>\n\n\n<div class=\"wp-block-columns is-layout-flex wp-container-core-columns-is-layout-a6102257 wp-block-columns-is-layout-flex\" style=\"padding-top:var(--wp--preset--spacing--60);padding-right:0;padding-bottom:0;padding-left:0\">\n<div class=\"wp-block-column is-layout-flow wp-block-column-is-layout-flow\" style=\"flex-basis:240px\"><div class=\"sticky-element\">\n  <div class=\"rounded-t-20 bg-blue py-5 px-8\">\n    <div class=\"flex items-center gap-4\">\n                        <img decoding=\"async\" src=\"https:\/\/www.maxicours.com\/se\/wp-content\/themes\/mymaxicours\/public\/images\/cartable.aaf734.svg\" alt=\"picto cartable maxicours\">\n                    <p class=\"font-bold text-white\" role=\"heading\" aria-level=\"2\">Classes disponibles<\/p>\n    <\/div>\n  <\/div>\n  <div class=\"rounded-b-20 bg-blue-light\">\n\n          <div class=\"pb-5 px-8\">\n                  <p class=\"font-bold mb-5 pt-5 uppercase\" role=\"heading\" aria-level=\"3\">Lyc\u00e9e<\/p>\n          <ul class=\"sticky-menu flex flex-wrap gap-2.5 list-none pl-0\">\n                                        <li>\n                <a href=\"https:\/\/www.maxicours.com\/se\/lycee\/premiere-technologique\/droit\/\" class=\"btn\" title=\"Premi\u00e8re techno\">\n                  Premi\u00e8re techno\n                <\/a>\n              <\/li>\n                      <\/ul>\n              <\/div>\n      <\/div>\n<\/div>\n<\/div>\n\n\n\n<div class=\"wp-block-column is-layout-flow wp-block-column-is-layout-flow\">\n<p>Au lyc\u00e9e, l\u2019enseignement du droit r\u00e9pond \u00e0 plusieurs objectif :<\/p>\n\n\n\n<ul class=\"wp-block-list\">\n<li>Acqu\u00e9rir et comprendre les concepts juridiques fondamentaux ;<\/li>\n\n\n\n<li>Comprendre le r\u00f4le soci\u00e9tal et \u00e9conomique du droit ;<\/li>\n\n\n\n<li>Initier aux m\u00e9thodes juridiques d\u2019analyse, de r\u00e9flexion et d\u2019argumentation.<\/li>\n<\/ul>\n\n\n\n<p><a href=\"https:\/\/www.maxicours.com\/se\/droit\/fiches-de-cours\/\">Retrouve nos fiches de cours pour r\u00e9viser en Droit<\/a><\/p>\n\n\n\n<div style=\"height:40px\" aria-hidden=\"true\" class=\"wp-block-spacer\"><\/div>\n<\/div>\n<\/div>\n\n\n\n<div class=\"wp-block-columns has-blue-light-background-color has-background is-layout-flex wp-container-core-columns-is-layout-28f84493 wp-block-columns-is-layout-flex\">\n<div class=\"wp-block-column is-layout-flow wp-block-column-is-layout-flow\">\n<h2 class=\"wp-block-heading\">Aidez votre enfant \u00e0 r\u00e9ussir en droit<\/h2>\n\n\n\n<div style=\"height:20px\" aria-hidden=\"true\" class=\"wp-block-spacer\"><\/div>\n\n\n\n<div class=\"wp-block-columns is-layout-flex wp-container-core-columns-is-layout-28f84493 wp-block-columns-is-layout-flex\">\n<div class=\"wp-block-column is-layout-flow wp-block-column-is-layout-flow\">\n<div class=\"wp-block-columns are-vertically-aligned-center h-full is-layout-flex wp-container-core-columns-is-layout-28f84493 wp-block-columns-is-layout-flex\">\n<div class=\"wp-block-column is-vertically-aligned-center has-teal-background-color has-background is-layout-flow wp-block-column-is-layout-flow\" style=\"padding-top:var(--wp--preset--spacing--30);padding-right:var(--wp--preset--spacing--50);padding-bottom:var(--wp--preset--spacing--30);padding-left:var(--wp--preset--spacing--50)\">\n<div class=\"wp-block-columns is-not-stacked-on-mobile is-layout-flex wp-container-core-columns-is-layout-28f84493 wp-block-columns-is-layout-flex\">\n<div class=\"wp-block-column is-layout-flow wp-block-column-is-layout-flow\" style=\"flex-basis:140px\">\n<figure class=\"wp-block-image aligncenter size-full\"><img loading=\"lazy\" decoding=\"async\" width=\"110\" height=\"110\" src=\"https:\/\/www.maxicours.com\/se\/wp-content\/uploads\/2023\/07\/Quiz.png\" alt=\"\" class=\"wp-image-24632\"\/><\/figure>\n<\/div>\n\n\n\n<div class=\"wp-block-column is-vertically-aligned-center is-layout-flow wp-block-column-is-layout-flow\">\n<p class=\"has-white-color has-text-color has-lg-font-size\">Des quiz de v\u00e9rification des acquis<\/p>\n<\/div>\n<\/div>\n<\/div>\n<\/div>\n<\/div>\n\n\n\n<div class=\"wp-block-column is-layout-flow wp-block-column-is-layout-flow\">\n<div class=\"wp-block-columns are-vertically-aligned-center h-full is-layout-flex wp-container-core-columns-is-layout-28f84493 wp-block-columns-is-layout-flex\">\n<div class=\"wp-block-column is-vertically-aligned-center has-blue-background-color has-background is-layout-flow wp-block-column-is-layout-flow\" style=\"padding-top:var(--wp--preset--spacing--30);padding-right:var(--wp--preset--spacing--50);padding-bottom:var(--wp--preset--spacing--30);padding-left:var(--wp--preset--spacing--50)\">\n<div class=\"wp-block-columns are-vertically-aligned-center is-not-stacked-on-mobile is-layout-flex wp-container-core-columns-is-layout-28f84493 wp-block-columns-is-layout-flex\">\n<div class=\"wp-block-column is-vertically-aligned-center is-layout-flow wp-block-column-is-layout-flow\" style=\"flex-basis:140px\">\n<figure class=\"wp-block-image aligncenter size-full\"><img loading=\"lazy\" decoding=\"async\" width=\"110\" height=\"110\" src=\"https:\/\/www.maxicours.com\/se\/wp-content\/uploads\/2023\/06\/Fiches.png\" alt=\"\" class=\"wp-image-23950\"\/><\/figure>\n<\/div>\n\n\n\n<div class=\"wp-block-column is-vertically-aligned-center is-layout-flow wp-block-column-is-layout-flow\">\n<p class=\"has-white-color has-text-color has-lg-font-size\">Des cours et des fiches de r\u00e9vision conformes au programme scolaire<\/p>\n<\/div>\n<\/div>\n<\/div>\n<\/div>\n<\/div>\n<\/div>\n\n\n\n<div class=\"wp-block-columns is-layout-flex wp-container-core-columns-is-layout-28f84493 wp-block-columns-is-layout-flex\">\n<div class=\"wp-block-column is-layout-flow wp-block-column-is-layout-flow\">\n<div class=\"wp-block-columns are-vertically-aligned-center h-full is-layout-flex wp-container-core-columns-is-layout-28f84493 wp-block-columns-is-layout-flex\">\n<div class=\"wp-block-column is-vertically-aligned-center has-yellow-background-color has-background is-layout-flow wp-block-column-is-layout-flow\" style=\"padding-top:var(--wp--preset--spacing--30);padding-right:var(--wp--preset--spacing--50);padding-bottom:var(--wp--preset--spacing--30);padding-left:var(--wp--preset--spacing--50)\">\n<div class=\"wp-block-columns is-not-stacked-on-mobile is-layout-flex wp-container-core-columns-is-layout-28f84493 wp-block-columns-is-layout-flex\">\n<div class=\"wp-block-column is-layout-flow wp-block-column-is-layout-flow\" style=\"flex-basis:140px\">\n<figure class=\"wp-block-image aligncenter size-full\"><img loading=\"lazy\" decoding=\"async\" width=\"110\" height=\"110\" src=\"https:\/\/www.maxicours.com\/se\/wp-content\/uploads\/2023\/07\/Commentaires.png\" alt=\"\" class=\"wp-image-24621\"\/><\/figure>\n<\/div>\n\n\n\n<div class=\"wp-block-column is-vertically-aligned-center is-layout-flow wp-block-column-is-layout-flow\">\n<p class=\"has-white-color has-text-color has-lg-font-size\">Des r\u00e9ponses comment\u00e9es qui orientent l\u2019\u00e9l\u00e8ve vers la solution<\/p>\n<\/div>\n<\/div>\n<\/div>\n<\/div>\n<\/div>\n\n\n\n<div class=\"wp-block-column is-layout-flow wp-block-column-is-layout-flow\">\n<div class=\"wp-block-columns are-vertically-aligned-center h-full is-layout-flex wp-container-core-columns-is-layout-28f84493 wp-block-columns-is-layout-flex\">\n<div class=\"wp-block-column is-vertically-aligned-center has-teal-background-color has-background is-layout-flow wp-block-column-is-layout-flow\" style=\"padding-top:var(--wp--preset--spacing--30);padding-right:var(--wp--preset--spacing--50);padding-bottom:var(--wp--preset--spacing--30);padding-left:var(--wp--preset--spacing--50)\">\n<div class=\"wp-block-columns are-vertically-aligned-center is-not-stacked-on-mobile is-layout-flex wp-container-core-columns-is-layout-28f84493 wp-block-columns-is-layout-flex\">\n<div class=\"wp-block-column is-vertically-aligned-center is-layout-flow wp-block-column-is-layout-flow\" style=\"flex-basis:140px\">\n<figure class=\"wp-block-image aligncenter size-full\"><img loading=\"lazy\" decoding=\"async\" width=\"110\" height=\"110\" src=\"https:\/\/www.maxicours.com\/se\/wp-content\/uploads\/2023\/06\/Observer.png\" alt=\"\" class=\"wp-image-23955\"\/><\/figure>\n<\/div>\n\n\n\n<div class=\"wp-block-column is-vertically-aligned-center is-layout-flow wp-block-column-is-layout-flow\">\n<p class=\"has-white-color has-text-color has-lg-font-size\">Un espace sp\u00e9cial parents pour suivre au plus pr\u00e8s les r\u00e9sultats de son enfant<\/p>\n<\/div>\n<\/div>\n<\/div>\n<\/div>\n<\/div>\n<\/div>\n<\/div>\n<\/div>\n","protected":false},"excerpt":{"rendered":"<p>Au lyc\u00e9e, l\u2019enseignement du droit r\u00e9pond \u00e0 plusieurs objectif : Retrouve nos fiches de cours pour r\u00e9viser en Droit Aidez votre enfant \u00e0 r\u00e9ussir en droit<\/p>\n","protected":false},"author":4,"featured_media":1181,"parent":0,"menu_order":50,"comment_status":"closed","ping_status":"closed","template":"","meta":{"_acf_changed":false,"inline_featured_image":false,"footnotes":""},"page_type":[135],"class_list":["post-1579","page","type-page","status-publish","has-post-thumbnail","hentry","page_type-matiere"],"acf":[],"yoast_head":"<!-- This site is optimized with the Yoast SEO plugin v27.2 - https:\/\/yoast.com\/product\/yoast-seo-wordpress\/ -->\n<title>Cours et programme de Droit - Lyc\u00e9e - myMaxicours<\/title>\n<meta name=\"description\" content=\"R\u00e9vise ton droit et am\u00e9liore tes notes \u279c Cours de droit - myMaxicours pour le lyc\u00e9e \u2714 Programmes officiels de l&#039;\u00c9ducation nationale.\" \/>\n<meta name=\"robots\" content=\"index, follow, max-snippet:-1, max-image-preview:large, max-video-preview:-1\" \/>\n<link rel=\"canonical\" href=\"https:\/\/www.maxicours.com\/se\/droit\/\" \/>\n<meta property=\"og:locale\" content=\"fr_FR\" \/>\n<meta property=\"og:type\" content=\"article\" \/>\n<meta property=\"og:title\" content=\"Cours et programme de Droit - Lyc\u00e9e - myMaxicours\" \/>\n<meta property=\"og:description\" content=\"R\u00e9vise ton droit et am\u00e9liore tes notes \u279c Cours de droit - myMaxicours pour le lyc\u00e9e \u2714 Programmes officiels de l&#039;\u00c9ducation nationale.\" \/>\n<meta property=\"og:url\" content=\"https:\/\/www.maxicours.com\/se\/droit\/\" \/>\n<meta property=\"og:site_name\" content=\"myMaxicours\" \/>\n<meta property=\"article:publisher\" content=\"https:\/\/www.facebook.com\/MarionDeMaxicours\/\" \/>\n<meta property=\"article:modified_time\" content=\"2025-08-05T07:58:47+00:00\" \/>\n<meta property=\"og:image\" content=\"https:\/\/www.maxicours.com\/se\/wp-content\/uploads\/2019\/07\/Droit@2x.png\" \/>\n\t<meta property=\"og:image:width\" content=\"545\" \/>\n\t<meta property=\"og:image:height\" content=\"545\" \/>\n\t<meta property=\"og:image:type\" content=\"image\/png\" \/>\n<meta name=\"twitter:card\" content=\"summary_large_image\" \/>\n<meta name=\"twitter:label1\" content=\"Dur\u00e9e de lecture estim\u00e9e\" \/>\n\t<meta name=\"twitter:data1\" content=\"3 minutes\" \/>\n<script type=\"application\/ld+json\" class=\"yoast-schema-graph\">{\"@context\":\"https:\/\/schema.org\",\"@graph\":[{\"@type\":\"WebPage\",\"@id\":\"https:\/\/www.maxicours.com\/se\/droit\/\",\"url\":\"https:\/\/www.maxicours.com\/se\/droit\/\",\"name\":\"Cours et programme de Droit - Lyc\u00e9e - myMaxicours\",\"isPartOf\":{\"@id\":\"https:\/\/www.maxicours.com\/se\/#website\"},\"primaryImageOfPage\":{\"@id\":\"https:\/\/www.maxicours.com\/se\/droit\/#primaryimage\"},\"image\":{\"@id\":\"https:\/\/www.maxicours.com\/se\/droit\/#primaryimage\"},\"thumbnailUrl\":\"https:\/\/www.maxicours.com\/se\/wp-content\/uploads\/2019\/07\/Droit@2x.png\",\"datePublished\":\"2019-08-06T08:38:35+00:00\",\"dateModified\":\"2025-08-05T07:58:47+00:00\",\"description\":\"R\u00e9vise ton droit et am\u00e9liore tes notes \u279c Cours de droit - myMaxicours pour le lyc\u00e9e \u2714 Programmes officiels de l'\u00c9ducation nationale.\",\"breadcrumb\":{\"@id\":\"https:\/\/www.maxicours.com\/se\/droit\/#breadcrumb\"},\"inLanguage\":\"fr-FR\",\"potentialAction\":[{\"@type\":\"ReadAction\",\"target\":[\"https:\/\/www.maxicours.com\/se\/droit\/\"]}]},{\"@type\":\"ImageObject\",\"inLanguage\":\"fr-FR\",\"@id\":\"https:\/\/www.maxicours.com\/se\/droit\/#primaryimage\",\"url\":\"https:\/\/www.maxicours.com\/se\/wp-content\/uploads\/2019\/07\/Droit@2x.png\",\"contentUrl\":\"https:\/\/www.maxicours.com\/se\/wp-content\/uploads\/2019\/07\/Droit@2x.png\",\"width\":545,\"height\":545},{\"@type\":\"BreadcrumbList\",\"@id\":\"https:\/\/www.maxicours.com\/se\/droit\/#breadcrumb\",\"itemListElement\":[{\"@type\":\"ListItem\",\"position\":1,\"name\":\"myMaxicours\",\"item\":\"https:\/\/www.maxicours.com\"},{\"@type\":\"ListItem\",\"position\":2,\"name\":\"Droit\"}]},{\"@type\":\"WebSite\",\"@id\":\"https:\/\/www.maxicours.com\/se\/#website\",\"url\":\"https:\/\/www.maxicours.com\/se\/\",\"name\":\"myMaxicours\",\"description\":\"La r\u00e9ussite scolaire pour tous !\",\"publisher\":{\"@id\":\"https:\/\/www.maxicours.com\/se\/#organization\"},\"potentialAction\":[{\"@type\":\"SearchAction\",\"target\":{\"@type\":\"EntryPoint\",\"urlTemplate\":\"https:\/\/www.maxicours.com\/se\/?s={search_term_string}\"},\"query-input\":{\"@type\":\"PropertyValueSpecification\",\"valueRequired\":true,\"valueName\":\"search_term_string\"}}],\"inLanguage\":\"fr-FR\"},{\"@type\":\"Organization\",\"@id\":\"https:\/\/www.maxicours.com\/se\/#organization\",\"name\":\"myMaxicours\",\"url\":\"https:\/\/www.maxicours.com\/se\/\",\"logo\":{\"@type\":\"ImageObject\",\"inLanguage\":\"fr-FR\",\"@id\":\"https:\/\/www.maxicours.com\/se\/#\/schema\/logo\/image\/\",\"url\":\"https:\/\/www.maxicours.com\/se\/wp-content\/uploads\/2023\/08\/output-onlinepngtools-1.png\",\"contentUrl\":\"https:\/\/www.maxicours.com\/se\/wp-content\/uploads\/2023\/08\/output-onlinepngtools-1.png\",\"width\":1263,\"height\":183,\"caption\":\"myMaxicours\"},\"image\":{\"@id\":\"https:\/\/www.maxicours.com\/se\/#\/schema\/logo\/image\/\"},\"sameAs\":[\"https:\/\/www.facebook.com\/MarionDeMaxicours\/\",\"https:\/\/www.youtube.com\/channel\/UC1BodbREPO7tXJ0UVGkKmGw\"]}]}<\/script>\n<!-- \/ Yoast SEO plugin. -->","yoast_head_json":{"title":"Cours et programme de Droit - Lyc\u00e9e - myMaxicours","description":"R\u00e9vise ton droit et am\u00e9liore tes notes \u279c Cours de droit - myMaxicours pour le lyc\u00e9e \u2714 Programmes officiels de l'\u00c9ducation nationale.","robots":{"index":"index","follow":"follow","max-snippet":"max-snippet:-1","max-image-preview":"max-image-preview:large","max-video-preview":"max-video-preview:-1"},"canonical":"https:\/\/www.maxicours.com\/se\/droit\/","og_locale":"fr_FR","og_type":"article","og_title":"Cours et programme de Droit - Lyc\u00e9e - myMaxicours","og_description":"R\u00e9vise ton droit et am\u00e9liore tes notes \u279c Cours de droit - myMaxicours pour le lyc\u00e9e \u2714 Programmes officiels de l'\u00c9ducation nationale.","og_url":"https:\/\/www.maxicours.com\/se\/droit\/","og_site_name":"myMaxicours","article_publisher":"https:\/\/www.facebook.com\/MarionDeMaxicours\/","article_modified_time":"2025-08-05T07:58:47+00:00","og_image":[{"width":545,"height":545,"url":"https:\/\/www.maxicours.com\/se\/wp-content\/uploads\/2019\/07\/Droit@2x.png","type":"image\/png"}],"twitter_card":"summary_large_image","twitter_misc":{"Dur\u00e9e de lecture estim\u00e9e":"3 minutes"},"schema":{"@context":"https:\/\/schema.org","@graph":[{"@type":"WebPage","@id":"https:\/\/www.maxicours.com\/se\/droit\/","url":"https:\/\/www.maxicours.com\/se\/droit\/","name":"Cours et programme de Droit - Lyc\u00e9e - myMaxicours","isPartOf":{"@id":"https:\/\/www.maxicours.com\/se\/#website"},"primaryImageOfPage":{"@id":"https:\/\/www.maxicours.com\/se\/droit\/#primaryimage"},"image":{"@id":"https:\/\/www.maxicours.com\/se\/droit\/#primaryimage"},"thumbnailUrl":"https:\/\/www.maxicours.com\/se\/wp-content\/uploads\/2019\/07\/Droit@2x.png","datePublished":"2019-08-06T08:38:35+00:00","dateModified":"2025-08-05T07:58:47+00:00","description":"R\u00e9vise ton droit et am\u00e9liore tes notes \u279c Cours de droit - myMaxicours pour le lyc\u00e9e \u2714 Programmes officiels de l'\u00c9ducation nationale.","breadcrumb":{"@id":"https:\/\/www.maxicours.com\/se\/droit\/#breadcrumb"},"inLanguage":"fr-FR","potentialAction":[{"@type":"ReadAction","target":["https:\/\/www.maxicours.com\/se\/droit\/"]}]},{"@type":"ImageObject","inLanguage":"fr-FR","@id":"https:\/\/www.maxicours.com\/se\/droit\/#primaryimage","url":"https:\/\/www.maxicours.com\/se\/wp-content\/uploads\/2019\/07\/Droit@2x.png","contentUrl":"https:\/\/www.maxicours.com\/se\/wp-content\/uploads\/2019\/07\/Droit@2x.png","width":545,"height":545},{"@type":"BreadcrumbList","@id":"https:\/\/www.maxicours.com\/se\/droit\/#breadcrumb","itemListElement":[{"@type":"ListItem","position":1,"name":"myMaxicours","item":"https:\/\/www.maxicours.com"},{"@type":"ListItem","position":2,"name":"Droit"}]},{"@type":"WebSite","@id":"https:\/\/www.maxicours.com\/se\/#website","url":"https:\/\/www.maxicours.com\/se\/","name":"myMaxicours","description":"La r\u00e9ussite scolaire pour tous !","publisher":{"@id":"https:\/\/www.maxicours.com\/se\/#organization"},"potentialAction":[{"@type":"SearchAction","target":{"@type":"EntryPoint","urlTemplate":"https:\/\/www.maxicours.com\/se\/?s={search_term_string}"},"query-input":{"@type":"PropertyValueSpecification","valueRequired":true,"valueName":"search_term_string"}}],"inLanguage":"fr-FR"},{"@type":"Organization","@id":"https:\/\/www.maxicours.com\/se\/#organization","name":"myMaxicours","url":"https:\/\/www.maxicours.com\/se\/","logo":{"@type":"ImageObject","inLanguage":"fr-FR","@id":"https:\/\/www.maxicours.com\/se\/#\/schema\/logo\/image\/","url":"https:\/\/www.maxicours.com\/se\/wp-content\/uploads\/2023\/08\/output-onlinepngtools-1.png","contentUrl":"https:\/\/www.maxicours.com\/se\/wp-content\/uploads\/2023\/08\/output-onlinepngtools-1.png","width":1263,"height":183,"caption":"myMaxicours"},"image":{"@id":"https:\/\/www.maxicours.com\/se\/#\/schema\/logo\/image\/"},"sameAs":["https:\/\/www.facebook.com\/MarionDeMaxicours\/","https:\/\/www.youtube.com\/channel\/UC1BodbREPO7tXJ0UVGkKmGw"]}]}},"_links":{"self":[{"href":"https:\/\/www.maxicours.com\/se\/wp-json\/wp\/v2\/pages\/1579","targetHints":{"allow":["GET"]}}],"collection":[{"href":"https:\/\/www.maxicours.com\/se\/wp-json\/wp\/v2\/pages"}],"about":[{"href":"https:\/\/www.maxicours.com\/se\/wp-json\/wp\/v2\/types\/page"}],"author":[{"embeddable":true,"href":"https:\/\/www.maxicours.com\/se\/wp-json\/wp\/v2\/users\/4"}],"replies":[{"embeddable":true,"href":"https:\/\/www.maxicours.com\/se\/wp-json\/wp\/v2\/comments?post=1579"}],"version-history":[{"count":6,"href":"https:\/\/www.maxicours.com\/se\/wp-json\/wp\/v2\/pages\/1579\/revisions"}],"predecessor-version":[{"id":34127,"href":"https:\/\/www.maxicours.com\/se\/wp-json\/wp\/v2\/pages\/1579\/revisions\/34127"}],"wp:featuredmedia":[{"embeddable":true,"href":"https:\/\/www.maxicours.com\/se\/wp-json\/wp\/v2\/media\/1181"}],"wp:attachment":[{"href":"https:\/\/www.maxicours.com\/se\/wp-json\/wp\/v2\/media?parent=1579"}],"wp:term":[{"taxonomy":"page_type","embeddable":true,"href":"https:\/\/www.maxicours.com\/se\/wp-json\/wp\/v2\/page_type?post=1579"}],"curies":[{"name":"wp","href":"https:\/\/api.w.org\/{rel}","templated":true}]}}