{"id":1502,"date":"2019-08-01T15:31:19","date_gmt":"2019-08-01T13:31:19","guid":{"rendered":"https:\/\/www.maxicours.com\/se\/?page_id=1502"},"modified":"2025-08-05T11:13:25","modified_gmt":"2025-08-05T09:13:25","slug":"technologie","status":"publish","type":"page","link":"https:\/\/www.maxicours.com\/se\/technologie\/","title":{"rendered":"Technologie"},"content":{"rendered":"<div class=\"relative\">\n  <div class=\"absolute top-0 left-1\/2 w-screen transform -translate-x-1\/2 h-full bg-cover bg-bottom  bg-no-repeat\"\n       style=\"background-image:url(https:\/\/www.maxicours.com\/se\/wp-content\/uploads\/2023\/06\/MotifBGArrondiePetitTurquoise.png);background-color:\"><\/div>\n  <div class=\"relative\">\n    \n\n<div class=\"wp-block-columns are-vertically-aligned-center is-layout-flex wp-container-core-columns-is-layout-65e6f041 wp-block-columns-is-layout-flex\" style=\"padding-top:var(--wp--preset--spacing--20)\">\n<div class=\"wp-block-column is-vertically-aligned-center is-layout-flow wp-block-column-is-layout-flow\" style=\"flex-basis:55%\">\n<h1 class=\"wp-block-heading has-blue-color has-text-color\"><em>Cours et exercices de Technologie en ligne<\/em><br>de la 5e \u00e0 la 3e<\/h1>\n<\/div>\n\n\n\n<div class=\"wp-block-column is-vertically-aligned-center is-layout-flow wp-block-column-is-layout-flow\">\n<figure class=\"wp-block-image aligncenter size-full is-resized\"><img loading=\"lazy\" decoding=\"async\" src=\"https:\/\/www.maxicours.com\/se\/wp-content\/uploads\/2023\/06\/Francais@2x-1.png\" alt=\"\" class=\"wp-image-23760\" style=\"width:560px;height:361px\" width=\"560\" height=\"361\"\/><\/figure>\n<\/div>\n<\/div>\n\n\n  <\/div>\n<\/div>\n\n\n<div class=\"yoast-breadcrumbs\"><span><span><a href=\"https:\/\/www.maxicours.com\">myMaxicours<\/a><\/span> \u00a0\u00a0&gt;\u00a0\u00a0 <span class=\"breadcrumb_last\" aria-current=\"page\"><strong>Technologie<\/strong><\/span><\/span><\/div>\n\n\n<div class=\"wp-block-columns is-layout-flex wp-container-core-columns-is-layout-a6102257 wp-block-columns-is-layout-flex\" style=\"padding-top:var(--wp--preset--spacing--60);padding-right:0;padding-bottom:0;padding-left:0\">\n<div class=\"wp-block-column is-layout-flow wp-block-column-is-layout-flow\" style=\"flex-basis:240px\"><div class=\"sticky-element\">\n  <div class=\"rounded-t-20 bg-blue py-5 px-8\">\n    <div class=\"flex items-center gap-4\">\n                        <img decoding=\"async\" src=\"https:\/\/www.maxicours.com\/se\/wp-content\/themes\/mymaxicours\/public\/images\/cartable.aaf734.svg\" alt=\"picto cartable maxicours\">\n                    <p class=\"font-bold text-white\" role=\"heading\" aria-level=\"2\">Classes disponibles<\/p>\n    <\/div>\n  <\/div>\n  <div class=\"rounded-b-20 bg-blue-light\">\n\n          <div class=\"pb-5 px-8\">\n                  <p class=\"font-bold mb-5 pt-5 uppercase\" role=\"heading\" aria-level=\"3\">Coll\u00e8ge<\/p>\n          <ul class=\"sticky-menu flex flex-wrap gap-2.5 list-none pl-0\">\n                                        <li>\n                <a href=\"https:\/\/www.maxicours.com\/se\/5eme\/technologie\/\" class=\"btn\" title=\"5e\">\n                  5e\n                <\/a>\n              <\/li>\n                                        <li>\n                <a href=\"https:\/\/www.maxicours.com\/se\/4eme\/technologie\/\" class=\"btn\" title=\"4e\">\n                  4e\n                <\/a>\n              <\/li>\n                                        <li>\n                <a href=\"https:\/\/www.maxicours.com\/se\/3eme\/technologie\/\" class=\"btn\" title=\"3e\">\n                  3e\n                <\/a>\n              <\/li>\n                      <\/ul>\n              <\/div>\n      <\/div>\n<\/div>\n<\/div>\n\n\n\n<div class=\"wp-block-column is-layout-flow wp-block-column-is-layout-flow\">\n<p>Design, cr\u00e9ativit\u00e9, informatique, mod\u00e9lisation&#8230; : la Technologie accompagne l&rsquo;\u00e9l\u00e8ve de la 5e \u00e0 la 3e pour l&rsquo;aider \u00e0 comprendre le monde contemporain.<\/p>\n\n\n\n<p><a href=\"https:\/\/www.maxicours.com\/se\/francais\/fiches-de-cours\/\"><\/a><a href=\"\/se\/technologie\/fiches-de-cours\/\">Retrouve nos fiches de cours pour r\u00e9viser en Technologie<\/a><\/p>\n\n\n\n<h2 class=\"wp-block-heading\">Qu&rsquo;est que la technologie ?<\/h2>\n\n\n\n<p><strong><a href=\"\/se\/abonnements\/\"><u>D\u00e9couvrir nos offres myMaxicours<\/u><\/a><\/strong><\/p>\n\n\n\n<p>A partir de la\u00a0<a href=\"\/se\/5eme\/\">5e<\/a>, l\u2019enseignement des Sciences et Technologie se transforme en un enseignement de la Technologie. Au programme\u00a0: design, cr\u00e9ativit\u00e9, informatique, mod\u00e9lisation\u2026 autant de notions cl\u00e9s pour la compr\u00e9hension du monde contemporain.\u00a0<strong>Les \u00e9l\u00e8ves acqui\u00e8rent ainsi des connaissances sur les diff\u00e9rentes technologies qui nous entourent et peuvent ainsi les utiliser de mani\u00e8re responsable\u00a0!<\/strong><\/p>\n\n\n\n<h2 class=\"wp-block-heading\">Soutien scolaire en technologie en ligne<\/h2>\n\n\n\n<p>De la 5e \u00e0 la\u00a0<a href=\"\/se\/3eme\/\">3e<\/a>, l\u2019enseignement de la Technologie se d\u00e9cline autour de quatre th\u00e9matiques\u00a0: design, innovation et cr\u00e9ativit\u00e9\u00a0; les objets techniques, les services et les changements induits dans la soci\u00e9t\u00e9\u00a0; la mod\u00e9lisation et la simulation des objets et syst\u00e8mes techniques\u00a0; l\u2019informatique et la programmation. Ces quatre th\u00e9matiques seront d\u00e9velopp\u00e9es selon trois grandes dimensions\u00a0: ing\u00e9nierie, socio-culturelle et scientifique.\u00a0<strong>Dans la continuit\u00e9 de l\u2019enseignement des Sciences et de la Technologie du cycle 3, la Technologie a pour vocation le d\u00e9veloppement d\u2019un esprit rationnel et pratique, qui passe par l\u2019exp\u00e9rimentation, lui permettant d\u2019appliquer ses connaissances dans la vie courante.\u00a0<\/strong><\/p>\n\n\n\n<h2 class=\"wp-block-heading\">La m\u00e9thode myMaxicours pour progresser en techno<\/h2>\n\n\n\n<p>La&nbsp;<strong>p\u00e9dagogie de myMaxicours <\/strong>s\u2019articule autour de la&nbsp;<strong>personnalisation<\/strong>&nbsp;et de&nbsp;<strong>l\u2019interactivit\u00e9<\/strong>&nbsp;pour capter l\u2019attention des \u00e9l\u00e8ves et ainsi les faire progresser dans chaque mati\u00e8re. Pour cela, les \u00e9l\u00e8ves ont \u00e0 leur disposition&nbsp;:<\/p>\n\n\n\n<ul class=\"wp-block-list\">\n<li>Des&nbsp;<strong>fiches de cours<\/strong>,&nbsp;<strong>de r\u00e9vision et de m\u00e9thode<\/strong>&nbsp;<strong>illustr\u00e9es.<\/strong><\/li>\n\n\n\n<li>Des&nbsp;<strong>exercices interactifs vari\u00e9s<\/strong>&nbsp;: quiz, glisser-d\u00e9poser, tris, s\u00e9quen\u00e7ages, textes \u00e0 trous\u2026<\/li>\n\n\n\n<li>Des ressources multim\u00e9dias&nbsp;:<strong>&nbsp;sch\u00e9mas-bilans.<\/strong><\/li>\n\n\n\n<li>Des&nbsp;<strong>corrig\u00e9s automatiques<\/strong>&nbsp;<strong>d\u00e9taill\u00e9s<\/strong>&nbsp;et&nbsp;<strong>personnalis\u00e9s<\/strong>&nbsp;de tous les exercices.<\/li>\n\n\n\n<li>Un\u00a0<strong>espace d\u00e9di\u00e9 aux\u00a0<a href=\"\/se\/parents\/\">parents<\/a><\/strong>\u00a0pour leur permettre de\u00a0<strong>suivre les r\u00e9sultats et la progression<\/strong>\u00a0de leur enfant.<\/li>\n<\/ul>\n\n\n\n<h2 class=\"wp-block-heading\">R\u00e9viser la technologie en ligne<\/h2>\n\n\n\n<p>L\u2019ensemble des contenus et des ressources ont \u00e9t\u00e9&nbsp;<strong>r\u00e9dig\u00e9s par des enseignants de l\u2019Education nationale<\/strong>&nbsp;et par des professionnels de la p\u00e9dagogie et du num\u00e9rique. De ce fait, tous les contenus propos\u00e9s par myMaxicours sont&nbsp;<strong>conformes aux derniers programmes en vigueur<\/strong>&nbsp;et ils sont r\u00e9guli\u00e8rement mis \u00e0 jour pour \u00eatre en ad\u00e9quation avec les attentes des \u00e9l\u00e8ves et des professeurs. Les \u00e9l\u00e8ves rencontrent le m\u00eame vocabulaire et les m\u00eames m\u00e9thodes que ceux rencontr\u00e9s en classe, ce qui leur permet de mieux comprendre ce qu\u2019ils ont vu dans la journ\u00e9e.<br><br>Con\u00e7u pour mettre en avant&nbsp;<strong>l\u2019autonomie<\/strong>&nbsp;de l\u2019\u00e9l\u00e8ve et pour&nbsp;<strong>l\u2019encourager dans ses r\u00e9visions<\/strong>, myMaxicours propose une v\u00e9ritable logique de progression dans les exercices, ainsi que des consignes claires et un parcours adapt\u00e9 \u00e0 son niveau pour lui permettre de surmonter ses difficult\u00e9s.<br><br>Disponible sur&nbsp;<strong>ordinateur, tablette et mobile<\/strong>, pour r\u00e9viser partout, tout le temps !<\/p>\n\n\n\n<div style=\"height:40px\" aria-hidden=\"true\" class=\"wp-block-spacer\"><\/div>\n<\/div>\n<\/div>\n\n\n\n<div class=\"wp-block-columns has-blue-light-background-color has-background is-layout-flex wp-container-core-columns-is-layout-28f84493 wp-block-columns-is-layout-flex\">\n<div class=\"wp-block-column is-layout-flow wp-block-column-is-layout-flow\">\n<h2 class=\"wp-block-heading\">Aidez votre enfant \u00e0 r\u00e9ussir en technologie<\/h2>\n\n\n\n<div style=\"height:20px\" aria-hidden=\"true\" class=\"wp-block-spacer\"><\/div>\n\n\n\n<div class=\"wp-block-columns is-layout-flex wp-container-core-columns-is-layout-28f84493 wp-block-columns-is-layout-flex\">\n<div class=\"wp-block-column is-layout-flow wp-block-column-is-layout-flow\">\n<div class=\"wp-block-columns are-vertically-aligned-center h-full is-layout-flex wp-container-core-columns-is-layout-28f84493 wp-block-columns-is-layout-flex\">\n<div class=\"wp-block-column is-vertically-aligned-center has-yellow-background-color has-background is-layout-flow wp-block-column-is-layout-flow\" style=\"padding-top:var(--wp--preset--spacing--30);padding-right:var(--wp--preset--spacing--50);padding-bottom:var(--wp--preset--spacing--30);padding-left:var(--wp--preset--spacing--50)\">\n<div class=\"wp-block-columns is-not-stacked-on-mobile is-layout-flex wp-container-core-columns-is-layout-28f84493 wp-block-columns-is-layout-flex\">\n<div class=\"wp-block-column is-layout-flow wp-block-column-is-layout-flow\" style=\"flex-basis:140px\">\n<figure class=\"wp-block-image aligncenter size-full\"><img loading=\"lazy\" decoding=\"async\" width=\"110\" height=\"110\" src=\"https:\/\/www.maxicours.com\/se\/wp-content\/uploads\/2023\/06\/Excercice.png\" alt=\"\" class=\"wp-image-24102\"\/><\/figure>\n<\/div>\n\n\n\n<div class=\"wp-block-column is-vertically-aligned-center is-layout-flow wp-block-column-is-layout-flow\">\n<p class=\"has-white-color has-text-color has-lg-font-size\">Des exercices interactifs vari\u00e9s<\/p>\n<\/div>\n<\/div>\n<\/div>\n<\/div>\n<\/div>\n\n\n\n<div class=\"wp-block-column is-layout-flow wp-block-column-is-layout-flow\">\n<div class=\"wp-block-columns are-vertically-aligned-center h-full is-layout-flex wp-container-core-columns-is-layout-28f84493 wp-block-columns-is-layout-flex\">\n<div class=\"wp-block-column is-vertically-aligned-center has-blue-background-color has-background is-layout-flow wp-block-column-is-layout-flow\" style=\"padding-top:var(--wp--preset--spacing--30);padding-right:var(--wp--preset--spacing--50);padding-bottom:var(--wp--preset--spacing--30);padding-left:var(--wp--preset--spacing--50)\">\n<div class=\"wp-block-columns are-vertically-aligned-center is-not-stacked-on-mobile is-layout-flex wp-container-core-columns-is-layout-28f84493 wp-block-columns-is-layout-flex\">\n<div class=\"wp-block-column is-vertically-aligned-center is-layout-flow wp-block-column-is-layout-flow\" style=\"flex-basis:140px\">\n<figure class=\"wp-block-image aligncenter size-full\"><img loading=\"lazy\" decoding=\"async\" width=\"110\" height=\"110\" src=\"https:\/\/www.maxicours.com\/se\/wp-content\/uploads\/2023\/06\/Fiches.png\" alt=\"\" class=\"wp-image-23950\"\/><\/figure>\n<\/div>\n\n\n\n<div class=\"wp-block-column is-vertically-aligned-center is-layout-flow wp-block-column-is-layout-flow\">\n<p class=\"has-white-color has-text-color has-lg-font-size\">Des cours et des fiches de r\u00e9vision conformes au programme scolaire<\/p>\n<\/div>\n<\/div>\n<\/div>\n<\/div>\n<\/div>\n<\/div>\n\n\n\n<div class=\"wp-block-columns is-layout-flex wp-container-core-columns-is-layout-28f84493 wp-block-columns-is-layout-flex\">\n<div class=\"wp-block-column is-layout-flow wp-block-column-is-layout-flow\">\n<div class=\"wp-block-columns are-vertically-aligned-center h-full is-layout-flex wp-container-core-columns-is-layout-28f84493 wp-block-columns-is-layout-flex\">\n<div class=\"wp-block-column is-vertically-aligned-center has-teal-background-color has-background is-layout-flow wp-block-column-is-layout-flow\" style=\"padding-top:var(--wp--preset--spacing--30);padding-right:var(--wp--preset--spacing--50);padding-bottom:var(--wp--preset--spacing--30);padding-left:var(--wp--preset--spacing--50)\">\n<div class=\"wp-block-columns are-vertically-aligned-center is-not-stacked-on-mobile is-layout-flex wp-container-core-columns-is-layout-28f84493 wp-block-columns-is-layout-flex\">\n<div class=\"wp-block-column is-vertically-aligned-center is-layout-flow wp-block-column-is-layout-flow\" style=\"flex-basis:140px\">\n<figure class=\"wp-block-image aligncenter size-full\"><img loading=\"lazy\" decoding=\"async\" width=\"110\" height=\"110\" src=\"https:\/\/www.maxicours.com\/se\/wp-content\/uploads\/2023\/06\/Observer.png\" alt=\"\" class=\"wp-image-23955\"\/><\/figure>\n<\/div>\n\n\n\n<div class=\"wp-block-column is-vertically-aligned-center is-layout-flow wp-block-column-is-layout-flow\">\n<p class=\"has-white-color has-text-color has-lg-font-size\">Un espace sp\u00e9cial parents pour suivre au plus pr\u00e8s les r\u00e9sultats de son enfant<\/p>\n<\/div>\n<\/div>\n<\/div>\n<\/div>\n<\/div>\n\n\n\n<div class=\"wp-block-column is-layout-flow wp-block-column-is-layout-flow\">\n<div class=\"wp-block-columns are-vertically-aligned-center h-full is-layout-flex wp-container-core-columns-is-layout-28f84493 wp-block-columns-is-layout-flex\">\n<div class=\"wp-block-column is-vertically-aligned-center has-yellow-background-color has-background is-layout-flow wp-block-column-is-layout-flow\" style=\"padding-top:var(--wp--preset--spacing--30);padding-right:var(--wp--preset--spacing--50);padding-bottom:var(--wp--preset--spacing--30);padding-left:var(--wp--preset--spacing--50)\">\n<div class=\"wp-block-columns is-not-stacked-on-mobile is-layout-flex wp-container-core-columns-is-layout-28f84493 wp-block-columns-is-layout-flex\">\n<div class=\"wp-block-column is-layout-flow wp-block-column-is-layout-flow\" style=\"flex-basis:140px\">\n<figure class=\"wp-block-image aligncenter size-full\"><img loading=\"lazy\" decoding=\"async\" width=\"110\" height=\"110\" src=\"https:\/\/www.maxicours.com\/se\/wp-content\/uploads\/2023\/07\/Commentaires.png\" alt=\"\" class=\"wp-image-24621\"\/><\/figure>\n<\/div>\n\n\n\n<div class=\"wp-block-column is-vertically-aligned-center is-layout-flow wp-block-column-is-layout-flow\">\n<p class=\"has-white-color has-text-color has-lg-font-size\">Des r\u00e9ponses comment\u00e9es qui orientent l\u2019\u00e9l\u00e8ve vers la solution<\/p>\n<\/div>\n<\/div>\n<\/div>\n<\/div>\n<\/div>\n<\/div>\n<\/div>\n<\/div>\n","protected":false},"excerpt":{"rendered":"<p>Design, cr\u00e9ativit\u00e9, informatique, mod\u00e9lisation&#8230; : la Technologie accompagne l&rsquo;\u00e9l\u00e8ve de la 5e \u00e0 la 3e pour l&rsquo;aider \u00e0 comprendre le monde contemporain. Retrouve nos fiches de cours pour r\u00e9viser en Technologie Qu&rsquo;est que la technologie ? D\u00e9couvrir nos offres myMaxicours A partir de la\u00a05e, l\u2019enseignement des Sciences et Technologie se transforme en un enseignement de&#8230;<\/p>\n","protected":false},"author":4,"featured_media":1188,"parent":0,"menu_order":50,"comment_status":"closed","ping_status":"closed","template":"","meta":{"_acf_changed":false,"inline_featured_image":false,"footnotes":""},"page_type":[135],"class_list":["post-1502","page","type-page","status-publish","has-post-thumbnail","hentry","page_type-matiere"],"acf":[],"yoast_head":"<!-- This site is optimized with the Yoast SEO plugin v27.2 - https:\/\/yoast.com\/product\/yoast-seo-wordpress\/ -->\n<title>Cours et programme de technologie - Coll\u00e8ge - myMaxicours<\/title>\n<meta name=\"description\" content=\"R\u00e9vise ton cours de technologie et am\u00e9liore tes notes \u279c Cours de technologie - myMaxicours pour le coll\u00e8ge \u2714 Programmes officiels de l&#039;\u00c9ducation nationale.\" \/>\n<meta name=\"robots\" content=\"index, follow, max-snippet:-1, max-image-preview:large, max-video-preview:-1\" \/>\n<link rel=\"canonical\" href=\"https:\/\/www.maxicours.com\/se\/technologie\/\" \/>\n<meta property=\"og:locale\" content=\"fr_FR\" \/>\n<meta property=\"og:type\" content=\"article\" \/>\n<meta property=\"og:title\" content=\"Cours et programme de technologie - Coll\u00e8ge - myMaxicours\" \/>\n<meta property=\"og:description\" content=\"R\u00e9vise ton cours de technologie et am\u00e9liore tes notes \u279c Cours de technologie - myMaxicours pour le coll\u00e8ge \u2714 Programmes officiels de l&#039;\u00c9ducation nationale.\" \/>\n<meta property=\"og:url\" content=\"https:\/\/www.maxicours.com\/se\/technologie\/\" \/>\n<meta property=\"og:site_name\" content=\"myMaxicours\" \/>\n<meta property=\"article:publisher\" content=\"https:\/\/www.facebook.com\/MarionDeMaxicours\/\" \/>\n<meta property=\"article:modified_time\" content=\"2025-08-05T09:13:25+00:00\" \/>\n<meta property=\"og:image\" content=\"https:\/\/www.maxicours.com\/se\/wp-content\/uploads\/2019\/07\/Technologie@2x.png\" \/>\n\t<meta property=\"og:image:width\" content=\"545\" \/>\n\t<meta property=\"og:image:height\" content=\"545\" \/>\n\t<meta property=\"og:image:type\" content=\"image\/png\" \/>\n<meta name=\"twitter:card\" content=\"summary_large_image\" \/>\n<meta name=\"twitter:label1\" content=\"Dur\u00e9e de lecture estim\u00e9e\" \/>\n\t<meta name=\"twitter:data1\" content=\"13 minutes\" \/>\n<script type=\"application\/ld+json\" class=\"yoast-schema-graph\">{\"@context\":\"https:\/\/schema.org\",\"@graph\":[{\"@type\":\"WebPage\",\"@id\":\"https:\/\/www.maxicours.com\/se\/technologie\/\",\"url\":\"https:\/\/www.maxicours.com\/se\/technologie\/\",\"name\":\"Cours et programme de technologie - Coll\u00e8ge - myMaxicours\",\"isPartOf\":{\"@id\":\"https:\/\/www.maxicours.com\/se\/#website\"},\"primaryImageOfPage\":{\"@id\":\"https:\/\/www.maxicours.com\/se\/technologie\/#primaryimage\"},\"image\":{\"@id\":\"https:\/\/www.maxicours.com\/se\/technologie\/#primaryimage\"},\"thumbnailUrl\":\"https:\/\/www.maxicours.com\/se\/wp-content\/uploads\/2019\/07\/Technologie@2x.png\",\"datePublished\":\"2019-08-01T13:31:19+00:00\",\"dateModified\":\"2025-08-05T09:13:25+00:00\",\"description\":\"R\u00e9vise ton cours de technologie et am\u00e9liore tes notes \u279c Cours de technologie - myMaxicours pour le coll\u00e8ge \u2714 Programmes officiels de l'\u00c9ducation nationale.\",\"breadcrumb\":{\"@id\":\"https:\/\/www.maxicours.com\/se\/technologie\/#breadcrumb\"},\"inLanguage\":\"fr-FR\",\"potentialAction\":[{\"@type\":\"ReadAction\",\"target\":[\"https:\/\/www.maxicours.com\/se\/technologie\/\"]}]},{\"@type\":\"ImageObject\",\"inLanguage\":\"fr-FR\",\"@id\":\"https:\/\/www.maxicours.com\/se\/technologie\/#primaryimage\",\"url\":\"https:\/\/www.maxicours.com\/se\/wp-content\/uploads\/2019\/07\/Technologie@2x.png\",\"contentUrl\":\"https:\/\/www.maxicours.com\/se\/wp-content\/uploads\/2019\/07\/Technologie@2x.png\",\"width\":545,\"height\":545},{\"@type\":\"BreadcrumbList\",\"@id\":\"https:\/\/www.maxicours.com\/se\/technologie\/#breadcrumb\",\"itemListElement\":[{\"@type\":\"ListItem\",\"position\":1,\"name\":\"myMaxicours\",\"item\":\"https:\/\/www.maxicours.com\"},{\"@type\":\"ListItem\",\"position\":2,\"name\":\"Technologie\"}]},{\"@type\":\"WebSite\",\"@id\":\"https:\/\/www.maxicours.com\/se\/#website\",\"url\":\"https:\/\/www.maxicours.com\/se\/\",\"name\":\"myMaxicours\",\"description\":\"La r\u00e9ussite scolaire pour tous !\",\"publisher\":{\"@id\":\"https:\/\/www.maxicours.com\/se\/#organization\"},\"potentialAction\":[{\"@type\":\"SearchAction\",\"target\":{\"@type\":\"EntryPoint\",\"urlTemplate\":\"https:\/\/www.maxicours.com\/se\/?s={search_term_string}\"},\"query-input\":{\"@type\":\"PropertyValueSpecification\",\"valueRequired\":true,\"valueName\":\"search_term_string\"}}],\"inLanguage\":\"fr-FR\"},{\"@type\":\"Organization\",\"@id\":\"https:\/\/www.maxicours.com\/se\/#organization\",\"name\":\"myMaxicours\",\"url\":\"https:\/\/www.maxicours.com\/se\/\",\"logo\":{\"@type\":\"ImageObject\",\"inLanguage\":\"fr-FR\",\"@id\":\"https:\/\/www.maxicours.com\/se\/#\/schema\/logo\/image\/\",\"url\":\"https:\/\/www.maxicours.com\/se\/wp-content\/uploads\/2023\/08\/output-onlinepngtools-1.png\",\"contentUrl\":\"https:\/\/www.maxicours.com\/se\/wp-content\/uploads\/2023\/08\/output-onlinepngtools-1.png\",\"width\":1263,\"height\":183,\"caption\":\"myMaxicours\"},\"image\":{\"@id\":\"https:\/\/www.maxicours.com\/se\/#\/schema\/logo\/image\/\"},\"sameAs\":[\"https:\/\/www.facebook.com\/MarionDeMaxicours\/\",\"https:\/\/www.youtube.com\/channel\/UC1BodbREPO7tXJ0UVGkKmGw\"]}]}<\/script>\n<!-- \/ Yoast SEO plugin. -->","yoast_head_json":{"title":"Cours et programme de technologie - Coll\u00e8ge - myMaxicours","description":"R\u00e9vise ton cours de technologie et am\u00e9liore tes notes \u279c Cours de technologie - myMaxicours pour le coll\u00e8ge \u2714 Programmes officiels de l'\u00c9ducation nationale.","robots":{"index":"index","follow":"follow","max-snippet":"max-snippet:-1","max-image-preview":"max-image-preview:large","max-video-preview":"max-video-preview:-1"},"canonical":"https:\/\/www.maxicours.com\/se\/technologie\/","og_locale":"fr_FR","og_type":"article","og_title":"Cours et programme de technologie - Coll\u00e8ge - myMaxicours","og_description":"R\u00e9vise ton cours de technologie et am\u00e9liore tes notes \u279c Cours de technologie - myMaxicours pour le coll\u00e8ge \u2714 Programmes officiels de l'\u00c9ducation nationale.","og_url":"https:\/\/www.maxicours.com\/se\/technologie\/","og_site_name":"myMaxicours","article_publisher":"https:\/\/www.facebook.com\/MarionDeMaxicours\/","article_modified_time":"2025-08-05T09:13:25+00:00","og_image":[{"width":545,"height":545,"url":"https:\/\/www.maxicours.com\/se\/wp-content\/uploads\/2019\/07\/Technologie@2x.png","type":"image\/png"}],"twitter_card":"summary_large_image","twitter_misc":{"Dur\u00e9e de lecture estim\u00e9e":"13 minutes"},"schema":{"@context":"https:\/\/schema.org","@graph":[{"@type":"WebPage","@id":"https:\/\/www.maxicours.com\/se\/technologie\/","url":"https:\/\/www.maxicours.com\/se\/technologie\/","name":"Cours et programme de technologie - Coll\u00e8ge - myMaxicours","isPartOf":{"@id":"https:\/\/www.maxicours.com\/se\/#website"},"primaryImageOfPage":{"@id":"https:\/\/www.maxicours.com\/se\/technologie\/#primaryimage"},"image":{"@id":"https:\/\/www.maxicours.com\/se\/technologie\/#primaryimage"},"thumbnailUrl":"https:\/\/www.maxicours.com\/se\/wp-content\/uploads\/2019\/07\/Technologie@2x.png","datePublished":"2019-08-01T13:31:19+00:00","dateModified":"2025-08-05T09:13:25+00:00","description":"R\u00e9vise ton cours de technologie et am\u00e9liore tes notes \u279c Cours de technologie - myMaxicours pour le coll\u00e8ge \u2714 Programmes officiels de l'\u00c9ducation nationale.","breadcrumb":{"@id":"https:\/\/www.maxicours.com\/se\/technologie\/#breadcrumb"},"inLanguage":"fr-FR","potentialAction":[{"@type":"ReadAction","target":["https:\/\/www.maxicours.com\/se\/technologie\/"]}]},{"@type":"ImageObject","inLanguage":"fr-FR","@id":"https:\/\/www.maxicours.com\/se\/technologie\/#primaryimage","url":"https:\/\/www.maxicours.com\/se\/wp-content\/uploads\/2019\/07\/Technologie@2x.png","contentUrl":"https:\/\/www.maxicours.com\/se\/wp-content\/uploads\/2019\/07\/Technologie@2x.png","width":545,"height":545},{"@type":"BreadcrumbList","@id":"https:\/\/www.maxicours.com\/se\/technologie\/#breadcrumb","itemListElement":[{"@type":"ListItem","position":1,"name":"myMaxicours","item":"https:\/\/www.maxicours.com"},{"@type":"ListItem","position":2,"name":"Technologie"}]},{"@type":"WebSite","@id":"https:\/\/www.maxicours.com\/se\/#website","url":"https:\/\/www.maxicours.com\/se\/","name":"myMaxicours","description":"La r\u00e9ussite scolaire pour tous !","publisher":{"@id":"https:\/\/www.maxicours.com\/se\/#organization"},"potentialAction":[{"@type":"SearchAction","target":{"@type":"EntryPoint","urlTemplate":"https:\/\/www.maxicours.com\/se\/?s={search_term_string}"},"query-input":{"@type":"PropertyValueSpecification","valueRequired":true,"valueName":"search_term_string"}}],"inLanguage":"fr-FR"},{"@type":"Organization","@id":"https:\/\/www.maxicours.com\/se\/#organization","name":"myMaxicours","url":"https:\/\/www.maxicours.com\/se\/","logo":{"@type":"ImageObject","inLanguage":"fr-FR","@id":"https:\/\/www.maxicours.com\/se\/#\/schema\/logo\/image\/","url":"https:\/\/www.maxicours.com\/se\/wp-content\/uploads\/2023\/08\/output-onlinepngtools-1.png","contentUrl":"https:\/\/www.maxicours.com\/se\/wp-content\/uploads\/2023\/08\/output-onlinepngtools-1.png","width":1263,"height":183,"caption":"myMaxicours"},"image":{"@id":"https:\/\/www.maxicours.com\/se\/#\/schema\/logo\/image\/"},"sameAs":["https:\/\/www.facebook.com\/MarionDeMaxicours\/","https:\/\/www.youtube.com\/channel\/UC1BodbREPO7tXJ0UVGkKmGw"]}]}},"_links":{"self":[{"href":"https:\/\/www.maxicours.com\/se\/wp-json\/wp\/v2\/pages\/1502","targetHints":{"allow":["GET"]}}],"collection":[{"href":"https:\/\/www.maxicours.com\/se\/wp-json\/wp\/v2\/pages"}],"about":[{"href":"https:\/\/www.maxicours.com\/se\/wp-json\/wp\/v2\/types\/page"}],"author":[{"embeddable":true,"href":"https:\/\/www.maxicours.com\/se\/wp-json\/wp\/v2\/users\/4"}],"replies":[{"embeddable":true,"href":"https:\/\/www.maxicours.com\/se\/wp-json\/wp\/v2\/comments?post=1502"}],"version-history":[{"count":6,"href":"https:\/\/www.maxicours.com\/se\/wp-json\/wp\/v2\/pages\/1502\/revisions"}],"predecessor-version":[{"id":34146,"href":"https:\/\/www.maxicours.com\/se\/wp-json\/wp\/v2\/pages\/1502\/revisions\/34146"}],"wp:featuredmedia":[{"embeddable":true,"href":"https:\/\/www.maxicours.com\/se\/wp-json\/wp\/v2\/media\/1188"}],"wp:attachment":[{"href":"https:\/\/www.maxicours.com\/se\/wp-json\/wp\/v2\/media?parent=1502"}],"wp:term":[{"taxonomy":"page_type","embeddable":true,"href":"https:\/\/www.maxicours.com\/se\/wp-json\/wp\/v2\/page_type?post=1502"}],"curies":[{"name":"wp","href":"https:\/\/api.w.org\/{rel}","templated":true}]}}