{"id":12218,"date":"2022-02-17T15:05:02","date_gmt":"2022-02-17T14:05:02","guid":{"rendered":"https:\/\/www.maxicours.com\/se\/?page_id=12218"},"modified":"2025-12-11T14:09:46","modified_gmt":"2025-12-11T13:09:46","slug":"entrainez-vous-avez-nos-exercices-et-corriges","status":"publish","type":"page","link":"https:\/\/www.maxicours.com\/se\/exercices-et-corriges\/","title":{"rendered":"Exercices et corrig\u00e9s"},"content":{"rendered":"\n<h1 class=\"wp-block-heading\">Exercices et corrig\u00e9s<\/h1>\n\n\n\n<div style=\"height:20px\" aria-hidden=\"true\" class=\"wp-block-spacer\"><\/div>\n\n\n\n<p>La plateforme de soutien scolaire myMaxicours propose une grande vari\u00e9t\u00e9 d&rsquo;exercices interactifs en ligne pour la <a href=\"\/se\/primaire\/\">primaire<\/a>, le <a href=\"\/se\/college\/\">coll\u00e8ge <\/a>et le <a href=\"\/se\/lycee\/\">lyc\u00e9e <\/a>sous plein de formats diff\u00e9rents pour ne jamais s&rsquo;ennuyer.<\/p>\n\n\n\n<div style=\"height:20px\" aria-hidden=\"true\" class=\"wp-block-spacer\"><\/div>\n\n\n\n<div class=\"wp-block-columns are-vertically-aligned-center is-layout-flex wp-container-core-columns-is-layout-28f84493 wp-block-columns-is-layout-flex\">\n<div class=\"wp-block-column is-vertically-aligned-center is-layout-flow wp-block-column-is-layout-flow\">\n<figure class=\"wp-block-image aligncenter size-full is-style-rounded\"><img loading=\"lazy\" decoding=\"async\" width=\"984\" height=\"556\" src=\"https:\/\/www.maxicours.com\/se\/wp-content\/uploads\/2023\/08\/exercices-sur-mesure.png\" alt=\"\" class=\"wp-image-27719\" srcset=\"https:\/\/www.maxicours.com\/se\/wp-content\/uploads\/2023\/08\/exercices-sur-mesure.png 984w, https:\/\/www.maxicours.com\/se\/wp-content\/uploads\/2023\/08\/exercices-sur-mesure-300x170.png 300w, https:\/\/www.maxicours.com\/se\/wp-content\/uploads\/2023\/08\/exercices-sur-mesure-768x434.png 768w\" sizes=\"auto, (max-width: 984px) 100vw, 984px\" \/><\/figure>\n<\/div>\n\n\n\n<div class=\"wp-block-column is-vertically-aligned-center is-layout-flow wp-block-column-is-layout-flow\">\n<h2 class=\"wp-block-heading\"><strong>Des exercices sur mesure et des r\u00e9ponses comment\u00e9es<\/strong><\/h2>\n\n\n\n<p><a href=\"https:\/\/www.maxicours.com\/\">myMaxicours<\/a> propose des exercices sur mesure qui s&rsquo;adaptent au niveau et au rythme de chaque \u00e9l\u00e8ve, du <a href=\"\/se\/cp\/\">CP <\/a>\u00e0 la <a href=\"\/se\/lycee\/terminale\/\">terminale<\/a>, en <a href=\"\/se\/francais\/\">fran\u00e7ais <\/a>et en <a href=\"\/se\/maths\/\">math\u00e9matiques<\/a>. L\u2019\u00e9l\u00e8ve commence par un test de positionnement, con\u00e7u pour \u00e9valuer son niveau. En fonction des r\u00e9sultats obtenus \u00e0 ce test, trois niveaux d&rsquo;exercices peuvent \u00eatre d\u00e9bloqu\u00e9s : le niveau 1 \u00e9toile, adapt\u00e9 aux d\u00e9butants, le niveau 2 \u00e9toiles, pour les apprenants interm\u00e9diaires, et enfin le niveau 3 \u00e9toiles, destin\u00e9 \u00e0 un niveau difficile. Une fois le niveau d\u00e9termin\u00e9, l&rsquo;\u00e9l\u00e8ve acc\u00e8de \u00e0 la le\u00e7on, puis \u00e0 des exercices correspondant \u00e0 son niveau de comp\u00e9tence.<\/p>\n\n\n\n<p>Nos auteurs enseignants accompagnent \u00e9galement les \u00e9l\u00e8ves \u00e0 travers des r\u00e9ponses comment\u00e9es. Ainsi, lorsqu\u2019un \u00e9l\u00e8ve se trompe lors d\u2019un exercice, il lui est expliqu\u00e9 pourquoi la r\u00e9ponse choisie n\u2019est pas la bonne. L\u2019objectif est de faciliter la compr\u00e9hension des erreurs.<\/p>\n\n\n\n<p>Avec des exercices adapt\u00e9s et des corrections comment\u00e9es, l&rsquo;apprentissage devient non seulement plus efficace, mais c\u2019est aussi plus encourageant pour les \u00e9l\u00e8ves&nbsp;!<\/p>\n<\/div>\n<\/div>\n\n\n\n<div style=\"height:38px\" aria-hidden=\"true\" class=\"wp-block-spacer\"><\/div>\n\n\n\n<div class=\"wp-block-columns are-vertically-aligned-center is-layout-flex wp-container-core-columns-is-layout-28f84493 wp-block-columns-is-layout-flex\">\n<div class=\"wp-block-column is-layout-flow wp-block-column-is-layout-flow\">\n<h2 class=\"wp-block-heading\">Les exercices du niveau primaire<\/h2>\n\n\n\n<p>La plateforme d&rsquo;apprentissage pour le <a href=\"\/se\/primaire\/\">primaire <\/a>offre une exp\u00e9rience interactive et ludique, sp\u00e9cialement adapt\u00e9e \u00e0 l&rsquo;\u00e2ge des \u00e9l\u00e8ves. Elle propose une large vari\u00e9t\u00e9 d&rsquo;exercices pour rendre l&rsquo;apprentissage aussi amusant que productif. Parmi les activit\u00e9s disponibles, on retrouve :<\/p>\n\n\n\n<ul class=\"wp-block-list\">\n<li>Des quiz<\/li>\n\n\n\n<li>Des QCM<\/li>\n\n\n\n<li>Des points \u00e0 relier<\/li>\n\n\n\n<li>Des textes \u00e0 trous<\/li>\n\n\n\n<li>Des mots crois\u00e9s<\/li>\n\n\n\n<li>Des jeux de m\u00e9moire<\/li>\n\n\n\n<li>Des coloriages \u00e9ducatifs<\/li>\n<\/ul>\n\n\n\n<p><strong>Notre objectif&nbsp;? Apprendre en s\u2019amusant&nbsp;!<\/strong><\/p>\n<\/div>\n\n\n\n<div class=\"wp-block-column is-layout-flow wp-block-column-is-layout-flow\">\n<figure class=\"wp-block-image size-full is-style-rounded\"><img loading=\"lazy\" decoding=\"async\" width=\"984\" height=\"556\" src=\"https:\/\/www.maxicours.com\/se\/wp-content\/uploads\/2023\/08\/exercices-niveau-primaire.png\" alt=\"\" class=\"wp-image-27720\" srcset=\"https:\/\/www.maxicours.com\/se\/wp-content\/uploads\/2023\/08\/exercices-niveau-primaire.png 984w, https:\/\/www.maxicours.com\/se\/wp-content\/uploads\/2023\/08\/exercices-niveau-primaire-300x170.png 300w, https:\/\/www.maxicours.com\/se\/wp-content\/uploads\/2023\/08\/exercices-niveau-primaire-768x434.png 768w\" sizes=\"auto, (max-width: 984px) 100vw, 984px\" \/><\/figure>\n<\/div>\n<\/div>\n\n\n\n<div style=\"height:30px\" aria-hidden=\"true\" class=\"wp-block-spacer\"><\/div>\n\n\n\n<div class=\"wp-block-columns are-vertically-aligned-center is-layout-flex wp-container-core-columns-is-layout-28f84493 wp-block-columns-is-layout-flex\">\n<div class=\"wp-block-column is-vertically-aligned-center is-layout-flow wp-block-column-is-layout-flow\">\n<figure class=\"wp-block-image size-full is-style-rounded\"><img loading=\"lazy\" decoding=\"async\" width=\"984\" height=\"556\" src=\"https:\/\/www.maxicours.com\/se\/wp-content\/uploads\/2023\/08\/exercices-niveau-college-lycee.png\" alt=\"\" class=\"wp-image-27721\" srcset=\"https:\/\/www.maxicours.com\/se\/wp-content\/uploads\/2023\/08\/exercices-niveau-college-lycee.png 984w, https:\/\/www.maxicours.com\/se\/wp-content\/uploads\/2023\/08\/exercices-niveau-college-lycee-300x170.png 300w, https:\/\/www.maxicours.com\/se\/wp-content\/uploads\/2023\/08\/exercices-niveau-college-lycee-768x434.png 768w\" sizes=\"auto, (max-width: 984px) 100vw, 984px\" \/><\/figure>\n<\/div>\n\n\n\n<div class=\"wp-block-column is-vertically-aligned-center is-layout-flow wp-block-column-is-layout-flow\">\n<h2 class=\"wp-block-heading\"><strong>Les exercices du niveau coll\u00e8ge et lyc\u00e9e<\/strong><\/h2>\n\n\n\n<p>myMaxicours offre \u00e9galement une multitude d&rsquo;exercices interactifs pour aider les \u00e9l\u00e8ves de coll\u00e8ge et lyc\u00e9e \u00e0 apprendre, comprendre et progresser, mais aussi pour se pr\u00e9parer efficacement aux \u00e9preuves du <a href=\"\/se\/brevet\/\">brevet <\/a>et du <a href=\"\/se\/bac\/\">baccalaur\u00e9at<\/a>. Parmi les formats d&rsquo;exercices disponibles, on trouve des quiz, des QCM, des \u00e9l\u00e9ments \u00e0 relier, des textes \u00e0 trous, et bien d&rsquo;autres encore. Cette vari\u00e9t\u00e9 d&rsquo;exercices garantit une exp\u00e9rience d&rsquo;apprentissage dynamique et engageante.<\/p>\n\n\n\n<p>Pour un premier aper\u00e7u de la qualit\u00e9 de notre contenu p\u00e9dagogique, d\u00e9couvrez <a href=\"https:\/\/www.maxicours.com\/se\/tous-les-quiz-gratuits\/\">nos quiz gratuits pour s&rsquo;entra\u00eener aux examens du bac ou du brevet<\/a>.<\/p>\n\n\n\n<p>L&rsquo;accent est \u00e9galement mis sur la pr\u00e9paration aux examens. myMaxicours propose des sujets de <a href=\"\/se\/brevet\/\">Brevet <\/a>et <a href=\"\/se\/bac\/\">Bac <\/a>blancs, construits de la m\u00eame mani\u00e8re qu&rsquo;un sujet officiel, dans des mati\u00e8res telles que le <a href=\"\/se\/francais\/\">fran\u00e7ais<\/a>, les <a href=\"\/se\/maths\/\">math\u00e9matiques<\/a>, <a href=\"\/se\/histoire\/\">l&rsquo;histoire<\/a>&#8211;<a href=\"\/se\/geographie\/\">g\u00e9ographie <\/a>et les <a href=\"\/se\/sciences\/\">sciences<\/a>. Ces sujets permettent aux \u00e9tudiants de se mettre en situation r\u00e9elle avant les <a href=\"\/se\/le-calendrier-des-epreuves-du-brevet-et-du-baccalaureat-2024-est-disponible\/\">\u00e9preuves<\/a>, renfor\u00e7ant ainsi leur pr\u00e9paration et confiance en eux.<\/p>\n<\/div>\n<\/div>\n\n\n\n<div style=\"height:31px\" aria-hidden=\"true\" class=\"wp-block-spacer\"><\/div>\n\n\n\n<div style=\"height:42px\" aria-hidden=\"true\" class=\"wp-block-spacer\"><\/div>\n\n\n\n<p><\/p>\n","protected":false},"excerpt":{"rendered":"<p>Exercices et corrig\u00e9s La plateforme de soutien scolaire myMaxicours propose une grande vari\u00e9t\u00e9 d&rsquo;exercices interactifs en ligne pour la primaire, le coll\u00e8ge et le lyc\u00e9e sous plein de formats diff\u00e9rents pour ne jamais s&rsquo;ennuyer. Des exercices sur mesure et des r\u00e9ponses comment\u00e9es myMaxicours propose des exercices sur mesure qui s&rsquo;adaptent au niveau et au rythme&#8230;<\/p>\n","protected":false},"author":21,"featured_media":0,"parent":0,"menu_order":0,"comment_status":"closed","ping_status":"closed","template":"","meta":{"_acf_changed":false,"inline_featured_image":false,"footnotes":""},"page_type":[145],"class_list":["post-12218","page","type-page","status-publish","hentry","page_type-page"],"acf":[],"yoast_head":"<!-- This site is optimized with the Yoast SEO plugin v27.2 - https:\/\/yoast.com\/product\/yoast-seo-wordpress\/ -->\n<title>Exercices scolaires et corrig\u00e9s en ligne - myMaxicours<\/title>\n<meta name=\"description\" content=\"D\u00e9couvrez une grande vari\u00e9t\u00e9 d\u2019exercices interactifs et corrig\u00e9s en ligne pour la primaire, le coll\u00e8ge et le lyc\u00e9e sous plein de formats diff\u00e9rents pour ne jamais s\u2019ennuyer !\" \/>\n<meta name=\"robots\" content=\"index, follow, max-snippet:-1, max-image-preview:large, max-video-preview:-1\" \/>\n<link rel=\"canonical\" href=\"https:\/\/www.maxicours.com\/se\/exercices-et-corriges\/\" \/>\n<meta property=\"og:locale\" content=\"fr_FR\" \/>\n<meta property=\"og:type\" content=\"article\" \/>\n<meta property=\"og:title\" content=\"Exercices scolaires et corrig\u00e9s en ligne - myMaxicours\" \/>\n<meta property=\"og:description\" content=\"D\u00e9couvrez une grande vari\u00e9t\u00e9 d\u2019exercices interactifs et corrig\u00e9s en ligne pour la primaire, le coll\u00e8ge et le lyc\u00e9e sous plein de formats diff\u00e9rents pour ne jamais s\u2019ennuyer !\" \/>\n<meta property=\"og:url\" content=\"https:\/\/www.maxicours.com\/se\/exercices-et-corriges\/\" \/>\n<meta property=\"og:site_name\" content=\"myMaxicours\" \/>\n<meta property=\"article:publisher\" content=\"https:\/\/www.facebook.com\/MarionDeMaxicours\/\" \/>\n<meta property=\"article:modified_time\" content=\"2025-12-11T13:09:46+00:00\" \/>\n<meta property=\"og:image\" content=\"https:\/\/www.maxicours.com\/se\/wp-content\/uploads\/2023\/08\/exercices-sur-mesure.png\" \/>\n\t<meta property=\"og:image:width\" content=\"984\" \/>\n\t<meta property=\"og:image:height\" content=\"556\" \/>\n\t<meta property=\"og:image:type\" content=\"image\/png\" \/>\n<meta name=\"twitter:card\" content=\"summary_large_image\" \/>\n<meta name=\"twitter:label1\" content=\"Dur\u00e9e de lecture estim\u00e9e\" \/>\n\t<meta name=\"twitter:data1\" content=\"3 minutes\" \/>\n<script type=\"application\/ld+json\" class=\"yoast-schema-graph\">{\"@context\":\"https:\/\/schema.org\",\"@graph\":[{\"@type\":\"WebPage\",\"@id\":\"https:\/\/www.maxicours.com\/se\/exercices-et-corriges\/\",\"url\":\"https:\/\/www.maxicours.com\/se\/exercices-et-corriges\/\",\"name\":\"Exercices scolaires et corrig\u00e9s en ligne - myMaxicours\",\"isPartOf\":{\"@id\":\"https:\/\/www.maxicours.com\/se\/#website\"},\"primaryImageOfPage\":{\"@id\":\"https:\/\/www.maxicours.com\/se\/exercices-et-corriges\/#primaryimage\"},\"image\":{\"@id\":\"https:\/\/www.maxicours.com\/se\/exercices-et-corriges\/#primaryimage\"},\"thumbnailUrl\":\"https:\/\/www.maxicours.com\/se\/wp-content\/uploads\/2023\/08\/exercices-sur-mesure.png\",\"datePublished\":\"2022-02-17T14:05:02+00:00\",\"dateModified\":\"2025-12-11T13:09:46+00:00\",\"description\":\"D\u00e9couvrez une grande vari\u00e9t\u00e9 d\u2019exercices interactifs et corrig\u00e9s en ligne pour la primaire, le coll\u00e8ge et le lyc\u00e9e sous plein de formats diff\u00e9rents pour ne jamais s\u2019ennuyer !\",\"breadcrumb\":{\"@id\":\"https:\/\/www.maxicours.com\/se\/exercices-et-corriges\/#breadcrumb\"},\"inLanguage\":\"fr-FR\",\"potentialAction\":[{\"@type\":\"ReadAction\",\"target\":[\"https:\/\/www.maxicours.com\/se\/exercices-et-corriges\/\"]}]},{\"@type\":\"ImageObject\",\"inLanguage\":\"fr-FR\",\"@id\":\"https:\/\/www.maxicours.com\/se\/exercices-et-corriges\/#primaryimage\",\"url\":\"https:\/\/www.maxicours.com\/se\/wp-content\/uploads\/2023\/08\/exercices-sur-mesure.png\",\"contentUrl\":\"https:\/\/www.maxicours.com\/se\/wp-content\/uploads\/2023\/08\/exercices-sur-mesure.png\",\"width\":984,\"height\":556},{\"@type\":\"BreadcrumbList\",\"@id\":\"https:\/\/www.maxicours.com\/se\/exercices-et-corriges\/#breadcrumb\",\"itemListElement\":[{\"@type\":\"ListItem\",\"position\":1,\"name\":\"myMaxicours\",\"item\":\"https:\/\/www.maxicours.com\"},{\"@type\":\"ListItem\",\"position\":2,\"name\":\"Exercices et corrig\u00e9s\"}]},{\"@type\":\"WebSite\",\"@id\":\"https:\/\/www.maxicours.com\/se\/#website\",\"url\":\"https:\/\/www.maxicours.com\/se\/\",\"name\":\"myMaxicours\",\"description\":\"La r\u00e9ussite scolaire pour tous !\",\"publisher\":{\"@id\":\"https:\/\/www.maxicours.com\/se\/#organization\"},\"potentialAction\":[{\"@type\":\"SearchAction\",\"target\":{\"@type\":\"EntryPoint\",\"urlTemplate\":\"https:\/\/www.maxicours.com\/se\/?s={search_term_string}\"},\"query-input\":{\"@type\":\"PropertyValueSpecification\",\"valueRequired\":true,\"valueName\":\"search_term_string\"}}],\"inLanguage\":\"fr-FR\"},{\"@type\":\"Organization\",\"@id\":\"https:\/\/www.maxicours.com\/se\/#organization\",\"name\":\"myMaxicours\",\"url\":\"https:\/\/www.maxicours.com\/se\/\",\"logo\":{\"@type\":\"ImageObject\",\"inLanguage\":\"fr-FR\",\"@id\":\"https:\/\/www.maxicours.com\/se\/#\/schema\/logo\/image\/\",\"url\":\"https:\/\/www.maxicours.com\/se\/wp-content\/uploads\/2023\/08\/output-onlinepngtools-1.png\",\"contentUrl\":\"https:\/\/www.maxicours.com\/se\/wp-content\/uploads\/2023\/08\/output-onlinepngtools-1.png\",\"width\":1263,\"height\":183,\"caption\":\"myMaxicours\"},\"image\":{\"@id\":\"https:\/\/www.maxicours.com\/se\/#\/schema\/logo\/image\/\"},\"sameAs\":[\"https:\/\/www.facebook.com\/MarionDeMaxicours\/\",\"https:\/\/www.youtube.com\/channel\/UC1BodbREPO7tXJ0UVGkKmGw\"]}]}<\/script>\n<!-- \/ Yoast SEO plugin. -->","yoast_head_json":{"title":"Exercices scolaires et corrig\u00e9s en ligne - myMaxicours","description":"D\u00e9couvrez une grande vari\u00e9t\u00e9 d\u2019exercices interactifs et corrig\u00e9s en ligne pour la primaire, le coll\u00e8ge et le lyc\u00e9e sous plein de formats diff\u00e9rents pour ne jamais s\u2019ennuyer !","robots":{"index":"index","follow":"follow","max-snippet":"max-snippet:-1","max-image-preview":"max-image-preview:large","max-video-preview":"max-video-preview:-1"},"canonical":"https:\/\/www.maxicours.com\/se\/exercices-et-corriges\/","og_locale":"fr_FR","og_type":"article","og_title":"Exercices scolaires et corrig\u00e9s en ligne - myMaxicours","og_description":"D\u00e9couvrez une grande vari\u00e9t\u00e9 d\u2019exercices interactifs et corrig\u00e9s en ligne pour la primaire, le coll\u00e8ge et le lyc\u00e9e sous plein de formats diff\u00e9rents pour ne jamais s\u2019ennuyer !","og_url":"https:\/\/www.maxicours.com\/se\/exercices-et-corriges\/","og_site_name":"myMaxicours","article_publisher":"https:\/\/www.facebook.com\/MarionDeMaxicours\/","article_modified_time":"2025-12-11T13:09:46+00:00","og_image":[{"width":984,"height":556,"url":"https:\/\/www.maxicours.com\/se\/wp-content\/uploads\/2023\/08\/exercices-sur-mesure.png","type":"image\/png"}],"twitter_card":"summary_large_image","twitter_misc":{"Dur\u00e9e de lecture estim\u00e9e":"3 minutes"},"schema":{"@context":"https:\/\/schema.org","@graph":[{"@type":"WebPage","@id":"https:\/\/www.maxicours.com\/se\/exercices-et-corriges\/","url":"https:\/\/www.maxicours.com\/se\/exercices-et-corriges\/","name":"Exercices scolaires et corrig\u00e9s en ligne - myMaxicours","isPartOf":{"@id":"https:\/\/www.maxicours.com\/se\/#website"},"primaryImageOfPage":{"@id":"https:\/\/www.maxicours.com\/se\/exercices-et-corriges\/#primaryimage"},"image":{"@id":"https:\/\/www.maxicours.com\/se\/exercices-et-corriges\/#primaryimage"},"thumbnailUrl":"https:\/\/www.maxicours.com\/se\/wp-content\/uploads\/2023\/08\/exercices-sur-mesure.png","datePublished":"2022-02-17T14:05:02+00:00","dateModified":"2025-12-11T13:09:46+00:00","description":"D\u00e9couvrez une grande vari\u00e9t\u00e9 d\u2019exercices interactifs et corrig\u00e9s en ligne pour la primaire, le coll\u00e8ge et le lyc\u00e9e sous plein de formats diff\u00e9rents pour ne jamais s\u2019ennuyer !","breadcrumb":{"@id":"https:\/\/www.maxicours.com\/se\/exercices-et-corriges\/#breadcrumb"},"inLanguage":"fr-FR","potentialAction":[{"@type":"ReadAction","target":["https:\/\/www.maxicours.com\/se\/exercices-et-corriges\/"]}]},{"@type":"ImageObject","inLanguage":"fr-FR","@id":"https:\/\/www.maxicours.com\/se\/exercices-et-corriges\/#primaryimage","url":"https:\/\/www.maxicours.com\/se\/wp-content\/uploads\/2023\/08\/exercices-sur-mesure.png","contentUrl":"https:\/\/www.maxicours.com\/se\/wp-content\/uploads\/2023\/08\/exercices-sur-mesure.png","width":984,"height":556},{"@type":"BreadcrumbList","@id":"https:\/\/www.maxicours.com\/se\/exercices-et-corriges\/#breadcrumb","itemListElement":[{"@type":"ListItem","position":1,"name":"myMaxicours","item":"https:\/\/www.maxicours.com"},{"@type":"ListItem","position":2,"name":"Exercices et corrig\u00e9s"}]},{"@type":"WebSite","@id":"https:\/\/www.maxicours.com\/se\/#website","url":"https:\/\/www.maxicours.com\/se\/","name":"myMaxicours","description":"La r\u00e9ussite scolaire pour tous !","publisher":{"@id":"https:\/\/www.maxicours.com\/se\/#organization"},"potentialAction":[{"@type":"SearchAction","target":{"@type":"EntryPoint","urlTemplate":"https:\/\/www.maxicours.com\/se\/?s={search_term_string}"},"query-input":{"@type":"PropertyValueSpecification","valueRequired":true,"valueName":"search_term_string"}}],"inLanguage":"fr-FR"},{"@type":"Organization","@id":"https:\/\/www.maxicours.com\/se\/#organization","name":"myMaxicours","url":"https:\/\/www.maxicours.com\/se\/","logo":{"@type":"ImageObject","inLanguage":"fr-FR","@id":"https:\/\/www.maxicours.com\/se\/#\/schema\/logo\/image\/","url":"https:\/\/www.maxicours.com\/se\/wp-content\/uploads\/2023\/08\/output-onlinepngtools-1.png","contentUrl":"https:\/\/www.maxicours.com\/se\/wp-content\/uploads\/2023\/08\/output-onlinepngtools-1.png","width":1263,"height":183,"caption":"myMaxicours"},"image":{"@id":"https:\/\/www.maxicours.com\/se\/#\/schema\/logo\/image\/"},"sameAs":["https:\/\/www.facebook.com\/MarionDeMaxicours\/","https:\/\/www.youtube.com\/channel\/UC1BodbREPO7tXJ0UVGkKmGw"]}]}},"_links":{"self":[{"href":"https:\/\/www.maxicours.com\/se\/wp-json\/wp\/v2\/pages\/12218","targetHints":{"allow":["GET"]}}],"collection":[{"href":"https:\/\/www.maxicours.com\/se\/wp-json\/wp\/v2\/pages"}],"about":[{"href":"https:\/\/www.maxicours.com\/se\/wp-json\/wp\/v2\/types\/page"}],"author":[{"embeddable":true,"href":"https:\/\/www.maxicours.com\/se\/wp-json\/wp\/v2\/users\/21"}],"replies":[{"embeddable":true,"href":"https:\/\/www.maxicours.com\/se\/wp-json\/wp\/v2\/comments?post=12218"}],"version-history":[{"count":8,"href":"https:\/\/www.maxicours.com\/se\/wp-json\/wp\/v2\/pages\/12218\/revisions"}],"predecessor-version":[{"id":35549,"href":"https:\/\/www.maxicours.com\/se\/wp-json\/wp\/v2\/pages\/12218\/revisions\/35549"}],"wp:attachment":[{"href":"https:\/\/www.maxicours.com\/se\/wp-json\/wp\/v2\/media?parent=12218"}],"wp:term":[{"taxonomy":"page_type","embeddable":true,"href":"https:\/\/www.maxicours.com\/se\/wp-json\/wp\/v2\/page_type?post=12218"}],"curies":[{"name":"wp","href":"https:\/\/api.w.org\/{rel}","templated":true}]}}