{"id":10672,"date":"2021-12-13T14:12:07","date_gmt":"2021-12-13T13:12:07","guid":{"rendered":"https:\/\/www.maxicours.com\/se\/?page_id=10672"},"modified":"2026-04-30T09:43:03","modified_gmt":"2026-04-30T07:43:03","slug":"promotions","status":"publish","type":"page","link":"https:\/\/www.maxicours.com\/se\/promotions\/","title":{"rendered":"Promotions"},"content":{"rendered":"<div class=\"relative\">\n  <div class=\"absolute top-0 left-1\/2 w-screen transform -translate-x-1\/2 h-full bg-cover bg-bottom  bg-no-repeat\"\n       style=\"background-image:url(https:\/\/www.maxicours.com\/se\/wp-content\/uploads\/2023\/07\/MotifBGArrondiePetitViolet-1.png);background-color:\"><\/div>\n  <div class=\"relative\">\n    \n\n<div class=\"wp-block-columns is-layout-flex wp-container-core-columns-is-layout-28f84493 wp-block-columns-is-layout-flex\">\n<div class=\"wp-block-column is-layout-flow wp-block-column-is-layout-flow\" style=\"padding-top:var(--wp--preset--spacing--80);padding-bottom:var(--wp--preset--spacing--80)\">\n<h1 class=\"wp-block-heading has-yellow-color has-text-color\" style=\"padding-bottom:0\"><em>Promotions<\/em><\/h1>\n\n\n\n<h1 class=\"wp-block-heading has-yellow-color has-text-color\" style=\"padding-bottom:0\">Retrouvez les promotions du moment<\/h1>\n<\/div>\n\n\n\n<div class=\"wp-block-column is-layout-flow wp-block-column-is-layout-flow\" style=\"padding-top:var(--wp--preset--spacing--50);padding-bottom:var(--wp--preset--spacing--50);flex-basis:500px\">\n<figure class=\"wp-block-image size-full is-resized is-style-rounded\"><img loading=\"lazy\" decoding=\"async\" width=\"646\" height=\"489\" src=\"https:\/\/www.maxicours.com\/se\/wp-content\/uploads\/2023\/10\/Pyramide_maths.png\" alt=\"\" class=\"wp-image-28566\" style=\"width:350px;height:undefinedpx\" srcset=\"https:\/\/www.maxicours.com\/se\/wp-content\/uploads\/2023\/10\/Pyramide_maths.png 646w, https:\/\/www.maxicours.com\/se\/wp-content\/uploads\/2023\/10\/Pyramide_maths-300x227.png 300w\" sizes=\"auto, (max-width: 646px) 100vw, 646px\" \/><\/figure>\n<\/div>\n<\/div>\n\n\n  <\/div>\n<\/div>\n\n\n\n<p class=\"has-lg-font-size\"><strong>-20% sur l&rsquo;abonnement 3 mois <\/strong><\/p>\n\n\n\n<div style=\"height:10px\" aria-hidden=\"true\" class=\"wp-block-spacer\"><\/div>\n\n\n\n<p>Jusqu&rsquo;au 26 mai 2026, profitez d&rsquo;une remise de 20% sur tous les abonnements 3 mois ! L&rsquo;id\u00e9al pour arriver aux examens dans les meilleures conditions. Appliquez le code promo REUSSITE26 dans votre panier pour en b\u00e9n\u00e9ficier. <\/p>\n\n\n\n<div style=\"height:20px\" aria-hidden=\"true\" class=\"wp-block-spacer\"><\/div>\n\n\n\n<figure class=\"wp-block-image aligncenter size-large\"><a href=\"https:\/\/www.maxicours.com\/se\/abonnements\/\"><img loading=\"lazy\" decoding=\"async\" width=\"1024\" height=\"268\" src=\"https:\/\/www.maxicours.com\/se\/wp-content\/uploads\/2026\/04\/Banniere-Promo-Site-1240-x-325-px-1024x268.png\" alt=\"\" class=\"wp-image-37047\" srcset=\"https:\/\/www.maxicours.com\/se\/wp-content\/uploads\/2026\/04\/Banniere-Promo-Site-1240-x-325-px-1024x268.png 1024w, https:\/\/www.maxicours.com\/se\/wp-content\/uploads\/2026\/04\/Banniere-Promo-Site-1240-x-325-px-300x79.png 300w, https:\/\/www.maxicours.com\/se\/wp-content\/uploads\/2026\/04\/Banniere-Promo-Site-1240-x-325-px-768x201.png 768w, https:\/\/www.maxicours.com\/se\/wp-content\/uploads\/2026\/04\/Banniere-Promo-Site-1240-x-325-px.png 1240w\" sizes=\"auto, (max-width: 1024px) 100vw, 1024px\" \/><\/a><\/figure>\n\n\n\n<div style=\"height:28px\" aria-hidden=\"true\" class=\"wp-block-spacer\"><\/div>\n\n\n\n<p><em>*Offre r\u00e9serv\u00e9e aux particuliers sur le site www.maxicours.com, et valable pour un abonnement Plateforme et\/ou Profs en ligne 3 mois souscrit entre le 30 avril 2026 et le 26 mai 2026 inclus. Le code REUSSITE26 offre une remise de 20 % valable \u00e0 la souscription de ces abonnements 3 mois et durant toute la p\u00e9riode d&rsquo;engagement de ces abonnements myMaxicours.<\/em><\/p>\n\n\n\n<div style=\"height:20px\" aria-hidden=\"true\" class=\"wp-block-spacer\"><\/div>\n\n\n\n<p><\/p>\n","protected":false},"excerpt":{"rendered":"<p>-20% sur l&rsquo;abonnement 3 mois Jusqu&rsquo;au 26 mai 2026, profitez d&rsquo;une remise de 20% sur tous les abonnements 3 mois ! L&rsquo;id\u00e9al pour arriver aux examens dans les meilleures conditions. Appliquez le code promo REUSSITE26 dans votre panier pour en b\u00e9n\u00e9ficier. *Offre r\u00e9serv\u00e9e aux particuliers sur le site www.maxicours.com, et valable pour un abonnement Plateforme&#8230;<\/p>\n","protected":false},"author":21,"featured_media":0,"parent":0,"menu_order":65,"comment_status":"closed","ping_status":"closed","template":"","meta":{"_acf_changed":false,"inline_featured_image":false,"footnotes":""},"page_type":[145],"class_list":["post-10672","page","type-page","status-publish","hentry","page_type-page"],"acf":[],"yoast_head":"<!-- This site is optimized with the Yoast SEO plugin v27.2 - https:\/\/yoast.com\/product\/yoast-seo-wordpress\/ -->\n<title>Promotions - myMaxicours<\/title>\n<meta name=\"robots\" content=\"index, follow, max-snippet:-1, max-image-preview:large, max-video-preview:-1\" \/>\n<link rel=\"canonical\" href=\"https:\/\/www.maxicours.com\/se\/promotions\/\" \/>\n<meta property=\"og:locale\" content=\"fr_FR\" \/>\n<meta property=\"og:type\" content=\"article\" \/>\n<meta property=\"og:title\" content=\"Promotions - myMaxicours\" \/>\n<meta property=\"og:description\" content=\"-20% sur l&rsquo;abonnement 3 mois Jusqu&rsquo;au 26 mai 2026, profitez d&rsquo;une remise de 20% sur tous les abonnements 3 mois ! L&rsquo;id\u00e9al pour arriver aux examens dans les meilleures conditions. Appliquez le code promo REUSSITE26 dans votre panier pour en b\u00e9n\u00e9ficier. *Offre r\u00e9serv\u00e9e aux particuliers sur le site www.maxicours.com, et valable pour un abonnement Plateforme...\" \/>\n<meta property=\"og:url\" content=\"https:\/\/www.maxicours.com\/se\/promotions\/\" \/>\n<meta property=\"og:site_name\" content=\"myMaxicours\" \/>\n<meta property=\"article:publisher\" content=\"https:\/\/www.facebook.com\/MarionDeMaxicours\/\" \/>\n<meta property=\"article:modified_time\" content=\"2026-04-30T07:43:03+00:00\" \/>\n<meta property=\"og:image\" content=\"https:\/\/www.maxicours.com\/se\/wp-content\/uploads\/2023\/10\/Pyramide_maths.png\" \/>\n\t<meta property=\"og:image:width\" content=\"646\" \/>\n\t<meta property=\"og:image:height\" content=\"489\" \/>\n\t<meta property=\"og:image:type\" content=\"image\/png\" \/>\n<meta name=\"twitter:card\" content=\"summary_large_image\" \/>\n<meta name=\"twitter:label1\" content=\"Dur\u00e9e de lecture estim\u00e9e\" \/>\n\t<meta name=\"twitter:data1\" content=\"1 minute\" \/>\n<script type=\"application\/ld+json\" class=\"yoast-schema-graph\">{\"@context\":\"https:\/\/schema.org\",\"@graph\":[{\"@type\":\"WebPage\",\"@id\":\"https:\/\/www.maxicours.com\/se\/promotions\/\",\"url\":\"https:\/\/www.maxicours.com\/se\/promotions\/\",\"name\":\"Promotions - myMaxicours\",\"isPartOf\":{\"@id\":\"https:\/\/www.maxicours.com\/se\/#website\"},\"primaryImageOfPage\":{\"@id\":\"https:\/\/www.maxicours.com\/se\/promotions\/#primaryimage\"},\"image\":{\"@id\":\"https:\/\/www.maxicours.com\/se\/promotions\/#primaryimage\"},\"thumbnailUrl\":\"https:\/\/www.maxicours.com\/se\/wp-content\/uploads\/2023\/10\/Pyramide_maths.png\",\"datePublished\":\"2021-12-13T13:12:07+00:00\",\"dateModified\":\"2026-04-30T07:43:03+00:00\",\"breadcrumb\":{\"@id\":\"https:\/\/www.maxicours.com\/se\/promotions\/#breadcrumb\"},\"inLanguage\":\"fr-FR\",\"potentialAction\":[{\"@type\":\"ReadAction\",\"target\":[\"https:\/\/www.maxicours.com\/se\/promotions\/\"]}]},{\"@type\":\"ImageObject\",\"inLanguage\":\"fr-FR\",\"@id\":\"https:\/\/www.maxicours.com\/se\/promotions\/#primaryimage\",\"url\":\"https:\/\/www.maxicours.com\/se\/wp-content\/uploads\/2023\/10\/Pyramide_maths.png\",\"contentUrl\":\"https:\/\/www.maxicours.com\/se\/wp-content\/uploads\/2023\/10\/Pyramide_maths.png\",\"width\":646,\"height\":489},{\"@type\":\"BreadcrumbList\",\"@id\":\"https:\/\/www.maxicours.com\/se\/promotions\/#breadcrumb\",\"itemListElement\":[{\"@type\":\"ListItem\",\"position\":1,\"name\":\"myMaxicours\",\"item\":\"https:\/\/www.maxicours.com\"},{\"@type\":\"ListItem\",\"position\":2,\"name\":\"Promotions\"}]},{\"@type\":\"WebSite\",\"@id\":\"https:\/\/www.maxicours.com\/se\/#website\",\"url\":\"https:\/\/www.maxicours.com\/se\/\",\"name\":\"myMaxicours\",\"description\":\"La r\u00e9ussite scolaire pour tous !\",\"publisher\":{\"@id\":\"https:\/\/www.maxicours.com\/se\/#organization\"},\"potentialAction\":[{\"@type\":\"SearchAction\",\"target\":{\"@type\":\"EntryPoint\",\"urlTemplate\":\"https:\/\/www.maxicours.com\/se\/?s={search_term_string}\"},\"query-input\":{\"@type\":\"PropertyValueSpecification\",\"valueRequired\":true,\"valueName\":\"search_term_string\"}}],\"inLanguage\":\"fr-FR\"},{\"@type\":\"Organization\",\"@id\":\"https:\/\/www.maxicours.com\/se\/#organization\",\"name\":\"myMaxicours\",\"url\":\"https:\/\/www.maxicours.com\/se\/\",\"logo\":{\"@type\":\"ImageObject\",\"inLanguage\":\"fr-FR\",\"@id\":\"https:\/\/www.maxicours.com\/se\/#\/schema\/logo\/image\/\",\"url\":\"https:\/\/www.maxicours.com\/se\/wp-content\/uploads\/2023\/08\/output-onlinepngtools-1.png\",\"contentUrl\":\"https:\/\/www.maxicours.com\/se\/wp-content\/uploads\/2023\/08\/output-onlinepngtools-1.png\",\"width\":1263,\"height\":183,\"caption\":\"myMaxicours\"},\"image\":{\"@id\":\"https:\/\/www.maxicours.com\/se\/#\/schema\/logo\/image\/\"},\"sameAs\":[\"https:\/\/www.facebook.com\/MarionDeMaxicours\/\",\"https:\/\/www.youtube.com\/channel\/UC1BodbREPO7tXJ0UVGkKmGw\"]}]}<\/script>\n<!-- \/ Yoast SEO plugin. -->","yoast_head_json":{"title":"Promotions - myMaxicours","robots":{"index":"index","follow":"follow","max-snippet":"max-snippet:-1","max-image-preview":"max-image-preview:large","max-video-preview":"max-video-preview:-1"},"canonical":"https:\/\/www.maxicours.com\/se\/promotions\/","og_locale":"fr_FR","og_type":"article","og_title":"Promotions - myMaxicours","og_description":"-20% sur l&rsquo;abonnement 3 mois Jusqu&rsquo;au 26 mai 2026, profitez d&rsquo;une remise de 20% sur tous les abonnements 3 mois ! L&rsquo;id\u00e9al pour arriver aux examens dans les meilleures conditions. Appliquez le code promo REUSSITE26 dans votre panier pour en b\u00e9n\u00e9ficier. *Offre r\u00e9serv\u00e9e aux particuliers sur le site www.maxicours.com, et valable pour un abonnement Plateforme...","og_url":"https:\/\/www.maxicours.com\/se\/promotions\/","og_site_name":"myMaxicours","article_publisher":"https:\/\/www.facebook.com\/MarionDeMaxicours\/","article_modified_time":"2026-04-30T07:43:03+00:00","og_image":[{"width":646,"height":489,"url":"https:\/\/www.maxicours.com\/se\/wp-content\/uploads\/2023\/10\/Pyramide_maths.png","type":"image\/png"}],"twitter_card":"summary_large_image","twitter_misc":{"Dur\u00e9e de lecture estim\u00e9e":"1 minute"},"schema":{"@context":"https:\/\/schema.org","@graph":[{"@type":"WebPage","@id":"https:\/\/www.maxicours.com\/se\/promotions\/","url":"https:\/\/www.maxicours.com\/se\/promotions\/","name":"Promotions - myMaxicours","isPartOf":{"@id":"https:\/\/www.maxicours.com\/se\/#website"},"primaryImageOfPage":{"@id":"https:\/\/www.maxicours.com\/se\/promotions\/#primaryimage"},"image":{"@id":"https:\/\/www.maxicours.com\/se\/promotions\/#primaryimage"},"thumbnailUrl":"https:\/\/www.maxicours.com\/se\/wp-content\/uploads\/2023\/10\/Pyramide_maths.png","datePublished":"2021-12-13T13:12:07+00:00","dateModified":"2026-04-30T07:43:03+00:00","breadcrumb":{"@id":"https:\/\/www.maxicours.com\/se\/promotions\/#breadcrumb"},"inLanguage":"fr-FR","potentialAction":[{"@type":"ReadAction","target":["https:\/\/www.maxicours.com\/se\/promotions\/"]}]},{"@type":"ImageObject","inLanguage":"fr-FR","@id":"https:\/\/www.maxicours.com\/se\/promotions\/#primaryimage","url":"https:\/\/www.maxicours.com\/se\/wp-content\/uploads\/2023\/10\/Pyramide_maths.png","contentUrl":"https:\/\/www.maxicours.com\/se\/wp-content\/uploads\/2023\/10\/Pyramide_maths.png","width":646,"height":489},{"@type":"BreadcrumbList","@id":"https:\/\/www.maxicours.com\/se\/promotions\/#breadcrumb","itemListElement":[{"@type":"ListItem","position":1,"name":"myMaxicours","item":"https:\/\/www.maxicours.com"},{"@type":"ListItem","position":2,"name":"Promotions"}]},{"@type":"WebSite","@id":"https:\/\/www.maxicours.com\/se\/#website","url":"https:\/\/www.maxicours.com\/se\/","name":"myMaxicours","description":"La r\u00e9ussite scolaire pour tous !","publisher":{"@id":"https:\/\/www.maxicours.com\/se\/#organization"},"potentialAction":[{"@type":"SearchAction","target":{"@type":"EntryPoint","urlTemplate":"https:\/\/www.maxicours.com\/se\/?s={search_term_string}"},"query-input":{"@type":"PropertyValueSpecification","valueRequired":true,"valueName":"search_term_string"}}],"inLanguage":"fr-FR"},{"@type":"Organization","@id":"https:\/\/www.maxicours.com\/se\/#organization","name":"myMaxicours","url":"https:\/\/www.maxicours.com\/se\/","logo":{"@type":"ImageObject","inLanguage":"fr-FR","@id":"https:\/\/www.maxicours.com\/se\/#\/schema\/logo\/image\/","url":"https:\/\/www.maxicours.com\/se\/wp-content\/uploads\/2023\/08\/output-onlinepngtools-1.png","contentUrl":"https:\/\/www.maxicours.com\/se\/wp-content\/uploads\/2023\/08\/output-onlinepngtools-1.png","width":1263,"height":183,"caption":"myMaxicours"},"image":{"@id":"https:\/\/www.maxicours.com\/se\/#\/schema\/logo\/image\/"},"sameAs":["https:\/\/www.facebook.com\/MarionDeMaxicours\/","https:\/\/www.youtube.com\/channel\/UC1BodbREPO7tXJ0UVGkKmGw"]}]}},"_links":{"self":[{"href":"https:\/\/www.maxicours.com\/se\/wp-json\/wp\/v2\/pages\/10672","targetHints":{"allow":["GET"]}}],"collection":[{"href":"https:\/\/www.maxicours.com\/se\/wp-json\/wp\/v2\/pages"}],"about":[{"href":"https:\/\/www.maxicours.com\/se\/wp-json\/wp\/v2\/types\/page"}],"author":[{"embeddable":true,"href":"https:\/\/www.maxicours.com\/se\/wp-json\/wp\/v2\/users\/21"}],"replies":[{"embeddable":true,"href":"https:\/\/www.maxicours.com\/se\/wp-json\/wp\/v2\/comments?post=10672"}],"version-history":[{"count":25,"href":"https:\/\/www.maxicours.com\/se\/wp-json\/wp\/v2\/pages\/10672\/revisions"}],"predecessor-version":[{"id":37057,"href":"https:\/\/www.maxicours.com\/se\/wp-json\/wp\/v2\/pages\/10672\/revisions\/37057"}],"wp:attachment":[{"href":"https:\/\/www.maxicours.com\/se\/wp-json\/wp\/v2\/media?parent=10672"}],"wp:term":[{"taxonomy":"page_type","embeddable":true,"href":"https:\/\/www.maxicours.com\/se\/wp-json\/wp\/v2\/page_type?post=10672"}],"curies":[{"name":"wp","href":"https:\/\/api.w.org\/{rel}","templated":true}]}}